{"id":93446,"date":"2026-02-16T14:39:37","date_gmt":"2026-02-16T14:39:37","guid":{"rendered":"https:\/\/bulaoutdoor.nl\/?post_type=product&#038;p=93446"},"modified":"2026-02-16T20:44:10","modified_gmt":"2026-02-16T20:44:10","slug":"acier-daffutage-diamante-sebra","status":"publish","type":"product","link":"https:\/\/bulaoutdoor.nl\/fr\/product\/sebra-diamanten-aanzetstaal\/","title":{"rendered":"Aiguisoir diamant Sebra"},"content":{"rendered":"<h2 data-start=\"0\" data-end=\"62\">Acier \u00e0 aiguiser diamant\u00e9 Sebra - Pour des couteaux aiguis\u00e9s durablement<\/h2>\n<p data-start=\"64\" data-end=\"353\">Les <strong data-start=\"68\" data-end=\"99\">Acier d'aff\u00fbtage diamant\u00e9 Sebra<\/strong> est la solution pour garder vos couteaux de cuisine en parfait \u00e9tat. Cet acier \u00e0 aiguiser de haute qualit\u00e9 est sp\u00e9cialement con\u00e7u pour r\u00e9parer les bavures des couteaux et redresser la coupe. Votre couteau reste ainsi aiguis\u00e9 plus longtemps et conserve des performances de coupe optimales.<\/p>\n<h3 data-start=\"355\" data-end=\"392\">R\u00e9paration et entretien de la coupe<\/h3>\n<p data-start=\"394\" data-end=\"676\">Lors de la coupe, une petite d\u00e9formation (bavure) se forme sur le tranchant de votre couteau. En passant plusieurs fois le couteau le long de la <strong data-start=\"522\" data-end=\"547\">acier d'aff\u00fbtage diamant\u00e9<\/strong> en tirant, cette coupe est restaur\u00e9e de mani\u00e8re efficace. Le r\u00e9sultat : une lame nettement plus tranchante sans qu'il soit n\u00e9cessaire de l'aff\u00fbter imm\u00e9diatement.<\/p>\n<p data-start=\"678\" data-end=\"876\">Pour obtenir les meilleurs r\u00e9sultats, il est important de toujours d\u00e9placer la lame sous le m\u00eame angle le long de l'acier d'aff\u00fbtage. Cela garantit une correction r\u00e9guli\u00e8re du tranchant et un aff\u00fbtage optimal.<\/p>\n<h3 data-start=\"878\" data-end=\"922\">Rev\u00eatement en diamant pour une efficacit\u00e9 maximale<\/h3>\n<p data-start=\"924\" data-end=\"1107\">Le rev\u00eatement en diamant offre une meilleure adh\u00e9rence et un fonctionnement efficace. Le fusil \u00e0 aiguiser diamant\u00e9 Sebra convient donc \u00e0 presque tous les couteaux de cuisine, y compris les aciers les plus durs.<\/p>\n<h3 data-start=\"1109\" data-end=\"1139\">Finition et garantie de luxe<\/h3>\n<p data-start=\"1141\" data-end=\"1356\">La pierre \u00e0 aiguiser diamant\u00e9e Sebra se pr\u00e9sente sous la forme d'un <strong data-start=\"1195\" data-end=\"1217\">coffret de luxe en bois<\/strong>, Il est id\u00e9al pour un stockage en toute s\u00e9curit\u00e9 ou comme cadeau \u00e9l\u00e9gant. En outre, vous recevrez <strong data-start=\"1291\" data-end=\"1310\">Garantie de 2 ans<\/strong>, qui est synonyme de qualit\u00e9 et de fiabilit\u00e9.<\/p>\n<hr data-start=\"1358\" data-end=\"1361\" \/>\n<h3 data-start=\"1363\" data-end=\"1418\">Pourquoi choisir la pierre \u00e0 aiguiser diamant\u00e9e Sebra ?<\/h3>\n<ul data-start=\"1420\" data-end=\"1625\">\n<li data-start=\"1420\" data-end=\"1469\">\n<p data-start=\"1422\" data-end=\"1469\">R\u00e9cup\u00e8re les bavures et garde les couteaux aiguis\u00e9s plus longtemps<\/p>\n<\/li>\n<li data-start=\"1470\" data-end=\"1512\">\n<p data-start=\"1472\" data-end=\"1512\">Rev\u00eatement en diamant pour un fonctionnement efficace<\/p>\n<\/li>\n<li data-start=\"1513\" data-end=\"1551\">\n<p data-start=\"1515\" data-end=\"1551\">Convient \u00e0 diff\u00e9rents types d'acier<\/p>\n<\/li>\n<li data-start=\"1552\" data-end=\"1576\">\n<p data-start=\"1554\" data-end=\"1576\">Facile \u00e0 utiliser<\/p>\n<\/li>\n<li data-start=\"1577\" data-end=\"1605\">\n<p data-start=\"1579\" data-end=\"1605\">Bo\u00eete de rangement en bois de luxe<\/p>\n<\/li>\n<li data-start=\"1606\" data-end=\"1625\">\n<p data-start=\"1608\" data-end=\"1625\">Garantie de 2 ans<\/p>\n<\/li>\n<\/ul>\n<p data-start=\"1627\" data-end=\"1808\" data-is-last-node=\"\" data-is-only-node=\"\">Avec la <strong data-start=\"1635\" data-end=\"1666\">Acier d'aff\u00fbtage diamant\u00e9 Sebra<\/strong> Assurez-vous que vos couteaux sont toujours pr\u00eats pour un travail de pr\u00e9cision dans la cuisine. Un accessoire d'entretien essentiel pour tout amateur de cuisine.<\/p>","protected":false},"excerpt":{"rendered":"<p>Sebra Diamanten Aanzetstaal \u2013 Voor langdurig scherpe messen Het Sebra diamanten aanzetstaal is d\u00e9 oplossing om je keukenmessen in topconditie te houden. Dit hoogwaardige aanzetstaal is speciaal ontworpen om de bramen van het mes te herstellen en de snede weer recht te zetten. Zo blijft je mes langer scherp en behoud je optimale snijprestaties. Herstel [&hellip;]<\/p>\n","protected":false},"featured_media":93452,"comment_status":"open","ping_status":"closed","template":"","meta":{"_acf_changed":false},"product_brand":[],"product_cat":[15,1448],"product_tag":[],"class_list":{"0":"post-93446","1":"product","2":"type-product","3":"status-publish","4":"has-post-thumbnail","6":"product_cat-forged-messen","7":"product_cat-uitverkoop","9":"first","10":"instock","11":"sale","12":"taxable","13":"shipping-taxable","14":"purchasable","15":"product-type-simple"},"acf":[],"yoast_head":"<!-- This site is optimized with the Yoast SEO plugin v27.3 - https:\/\/yoast.com\/product\/yoast-seo-wordpress\/ -->\n<title>Sebra Diamanten Aanzetstaal &#8211; Bula Outdoor<\/title>\n<meta name=\"robots\" content=\"index, follow, max-snippet:-1, max-image-preview:large, max-video-preview:-1\" \/>\n<link rel=\"canonical\" href=\"https:\/\/bulaoutdoor.nl\/fr\/produit\/acier-daffutage-diamante-sebra\/\" \/>\n<meta property=\"og:locale\" content=\"fr_FR\" \/>\n<meta property=\"og:type\" content=\"article\" \/>\n<meta property=\"og:title\" content=\"Sebra Diamanten Aanzetstaal &#8211; Bula Outdoor\" \/>\n<meta property=\"og:description\" content=\"Sebra Diamanten Aanzetstaal \u2013 Voor langdurig scherpe messen Het Sebra diamanten aanzetstaal is d\u00e9 oplossing om je keukenmessen in topconditie te houden. Dit hoogwaardige aanzetstaal is speciaal ontworpen om de bramen van het mes te herstellen en de snede weer recht te zetten. Zo blijft je mes langer scherp en behoud je optimale snijprestaties. Herstel [&hellip;]\" \/>\n<meta property=\"og:url\" content=\"https:\/\/bulaoutdoor.nl\/fr\/produit\/acier-daffutage-diamante-sebra\/\" \/>\n<meta property=\"og:site_name\" content=\"Bula Outdoor\" \/>\n<meta property=\"article:modified_time\" content=\"2026-02-16T20:44:10+00:00\" \/>\n<meta property=\"og:image\" content=\"https:\/\/bulaoutdoor.nl\/wp-content\/uploads\/2026\/02\/Sebra-Diamanten-Aanzetstaal.jpg\" \/>\n\t<meta property=\"og:image:width\" content=\"550\" \/>\n\t<meta property=\"og:image:height\" content=\"367\" \/>\n\t<meta property=\"og:image:type\" content=\"image\/jpeg\" \/>\n<meta name=\"twitter:card\" content=\"summary_large_image\" \/>\n<meta name=\"twitter:label1\" content=\"Dur\u00e9e de lecture estim\u00e9e\" \/>\n\t<meta name=\"twitter:data1\" content=\"2 minutes\" \/>\n<script type=\"application\/ld+json\" class=\"yoast-schema-graph\">{\"@context\":\"https:\\\/\\\/schema.org\",\"@graph\":[{\"@type\":\"WebPage\",\"@id\":\"https:\\\/\\\/bulaoutdoor.nl\\\/product\\\/sebra-diamanten-aanzetstaal\\\/\",\"url\":\"https:\\\/\\\/bulaoutdoor.nl\\\/product\\\/sebra-diamanten-aanzetstaal\\\/\",\"name\":\"Sebra Diamanten Aanzetstaal &#8211; Bula Outdoor\",\"isPartOf\":{\"@id\":\"https:\\\/\\\/bulaoutdoor.nl\\\/#website\"},\"primaryImageOfPage\":{\"@id\":\"https:\\\/\\\/bulaoutdoor.nl\\\/product\\\/sebra-diamanten-aanzetstaal\\\/#primaryimage\"},\"image\":{\"@id\":\"https:\\\/\\\/bulaoutdoor.nl\\\/product\\\/sebra-diamanten-aanzetstaal\\\/#primaryimage\"},\"thumbnailUrl\":\"https:\\\/\\\/bulaoutdoor.nl\\\/wp-content\\\/uploads\\\/2026\\\/02\\\/Sebra-Diamanten-Aanzetstaal.jpg\",\"datePublished\":\"2026-02-16T14:39:37+00:00\",\"dateModified\":\"2026-02-16T20:44:10+00:00\",\"breadcrumb\":{\"@id\":\"https:\\\/\\\/bulaoutdoor.nl\\\/product\\\/sebra-diamanten-aanzetstaal\\\/#breadcrumb\"},\"inLanguage\":\"fr-FR\",\"potentialAction\":[{\"@type\":\"ReadAction\",\"target\":[\"https:\\\/\\\/bulaoutdoor.nl\\\/product\\\/sebra-diamanten-aanzetstaal\\\/\"]}]},{\"@type\":\"ImageObject\",\"inLanguage\":\"fr-FR\",\"@id\":\"https:\\\/\\\/bulaoutdoor.nl\\\/product\\\/sebra-diamanten-aanzetstaal\\\/#primaryimage\",\"url\":\"https:\\\/\\\/bulaoutdoor.nl\\\/wp-content\\\/uploads\\\/2026\\\/02\\\/Sebra-Diamanten-Aanzetstaal.jpg\",\"contentUrl\":\"https:\\\/\\\/bulaoutdoor.nl\\\/wp-content\\\/uploads\\\/2026\\\/02\\\/Sebra-Diamanten-Aanzetstaal.jpg\",\"width\":550,\"height\":367},{\"@type\":\"BreadcrumbList\",\"@id\":\"https:\\\/\\\/bulaoutdoor.nl\\\/product\\\/sebra-diamanten-aanzetstaal\\\/#breadcrumb\",\"itemListElement\":[{\"@type\":\"ListItem\",\"position\":1,\"name\":\"Home\",\"item\":\"https:\\\/\\\/bulaoutdoor.nl\\\/\"},{\"@type\":\"ListItem\",\"position\":2,\"name\":\"Online BBQ kopen\",\"item\":\"https:\\\/\\\/bulaoutdoor.nl\\\/\"},{\"@type\":\"ListItem\",\"position\":3,\"name\":\"Sebra Diamanten Aanzetstaal\"}]},{\"@type\":\"WebSite\",\"@id\":\"https:\\\/\\\/bulaoutdoor.nl\\\/#website\",\"url\":\"https:\\\/\\\/bulaoutdoor.nl\\\/\",\"name\":\"Bula Outdoor\",\"description\":\"Voor uw buitenhaard, BBQ, tuinfakkel en houtoven\",\"publisher\":{\"@id\":\"https:\\\/\\\/bulaoutdoor.nl\\\/#organization\"},\"potentialAction\":[{\"@type\":\"SearchAction\",\"target\":{\"@type\":\"EntryPoint\",\"urlTemplate\":\"https:\\\/\\\/bulaoutdoor.nl\\\/?s={search_term_string}\"},\"query-input\":{\"@type\":\"PropertyValueSpecification\",\"valueRequired\":true,\"valueName\":\"search_term_string\"}}],\"inLanguage\":\"fr-FR\"},{\"@type\":\"Organization\",\"@id\":\"https:\\\/\\\/bulaoutdoor.nl\\\/#organization\",\"name\":\"Bula Outdoor\",\"url\":\"https:\\\/\\\/bulaoutdoor.nl\\\/\",\"logo\":{\"@type\":\"ImageObject\",\"inLanguage\":\"fr-FR\",\"@id\":\"https:\\\/\\\/bulaoutdoor.nl\\\/#\\\/schema\\\/logo\\\/image\\\/\",\"url\":\"https:\\\/\\\/www.bulaoutdoor.nl\\\/wp-content\\\/uploads\\\/2018\\\/04\\\/bulaoutdoor-logo.png\",\"contentUrl\":\"https:\\\/\\\/www.bulaoutdoor.nl\\\/wp-content\\\/uploads\\\/2018\\\/04\\\/bulaoutdoor-logo.png\",\"width\":324,\"height\":91,\"caption\":\"Bula Outdoor\"},\"image\":{\"@id\":\"https:\\\/\\\/bulaoutdoor.nl\\\/#\\\/schema\\\/logo\\\/image\\\/\"}}]}<\/script>\n<!-- \/ Yoast SEO plugin. -->","yoast_head_json":{"title":"Aiguisoir diamant Sebra - Bula Outdoor","robots":{"index":"index","follow":"follow","max-snippet":"max-snippet:-1","max-image-preview":"max-image-preview:large","max-video-preview":"max-video-preview:-1"},"canonical":"https:\/\/bulaoutdoor.nl\/fr\/produit\/acier-daffutage-diamante-sebra\/","og_locale":"fr_FR","og_type":"article","og_title":"Sebra Diamanten Aanzetstaal &#8211; Bula Outdoor","og_description":"Sebra Diamanten Aanzetstaal \u2013 Voor langdurig scherpe messen Het Sebra diamanten aanzetstaal is d\u00e9 oplossing om je keukenmessen in topconditie te houden. Dit hoogwaardige aanzetstaal is speciaal ontworpen om de bramen van het mes te herstellen en de snede weer recht te zetten. Zo blijft je mes langer scherp en behoud je optimale snijprestaties. Herstel [&hellip;]","og_url":"https:\/\/bulaoutdoor.nl\/fr\/produit\/acier-daffutage-diamante-sebra\/","og_site_name":"Bula Outdoor","article_modified_time":"2026-02-16T20:44:10+00:00","og_image":[{"width":550,"height":367,"url":"https:\/\/bulaoutdoor.nl\/wp-content\/uploads\/2026\/02\/Sebra-Diamanten-Aanzetstaal.jpg","type":"image\/jpeg"}],"twitter_card":"summary_large_image","twitter_misc":{"Dur\u00e9e de lecture estim\u00e9e":"2 minutes"},"schema":{"@context":"https:\/\/schema.org","@graph":[{"@type":"WebPage","@id":"https:\/\/bulaoutdoor.nl\/product\/sebra-diamanten-aanzetstaal\/","url":"https:\/\/bulaoutdoor.nl\/product\/sebra-diamanten-aanzetstaal\/","name":"Aiguisoir diamant Sebra - Bula Outdoor","isPartOf":{"@id":"https:\/\/bulaoutdoor.nl\/#website"},"primaryImageOfPage":{"@id":"https:\/\/bulaoutdoor.nl\/product\/sebra-diamanten-aanzetstaal\/#primaryimage"},"image":{"@id":"https:\/\/bulaoutdoor.nl\/product\/sebra-diamanten-aanzetstaal\/#primaryimage"},"thumbnailUrl":"https:\/\/bulaoutdoor.nl\/wp-content\/uploads\/2026\/02\/Sebra-Diamanten-Aanzetstaal.jpg","datePublished":"2026-02-16T14:39:37+00:00","dateModified":"2026-02-16T20:44:10+00:00","breadcrumb":{"@id":"https:\/\/bulaoutdoor.nl\/product\/sebra-diamanten-aanzetstaal\/#breadcrumb"},"inLanguage":"fr-FR","potentialAction":[{"@type":"ReadAction","target":["https:\/\/bulaoutdoor.nl\/product\/sebra-diamanten-aanzetstaal\/"]}]},{"@type":"ImageObject","inLanguage":"fr-FR","@id":"https:\/\/bulaoutdoor.nl\/product\/sebra-diamanten-aanzetstaal\/#primaryimage","url":"https:\/\/bulaoutdoor.nl\/wp-content\/uploads\/2026\/02\/Sebra-Diamanten-Aanzetstaal.jpg","contentUrl":"https:\/\/bulaoutdoor.nl\/wp-content\/uploads\/2026\/02\/Sebra-Diamanten-Aanzetstaal.jpg","width":550,"height":367},{"@type":"BreadcrumbList","@id":"https:\/\/bulaoutdoor.nl\/product\/sebra-diamanten-aanzetstaal\/#breadcrumb","itemListElement":[{"@type":"ListItem","position":1,"name":"Home","item":"https:\/\/bulaoutdoor.nl\/"},{"@type":"ListItem","position":2,"name":"Online BBQ kopen","item":"https:\/\/bulaoutdoor.nl\/"},{"@type":"ListItem","position":3,"name":"Sebra Diamanten Aanzetstaal"}]},{"@type":"WebSite","@id":"https:\/\/bulaoutdoor.nl\/#website","url":"https:\/\/bulaoutdoor.nl\/","name":"Bula Outdoor","description":"Pour votre chemin\u00e9e ext\u00e9rieure, votre barbecue, votre torche de jardin et votre four \u00e0 bois","publisher":{"@id":"https:\/\/bulaoutdoor.nl\/#organization"},"potentialAction":[{"@type":"SearchAction","target":{"@type":"EntryPoint","urlTemplate":"https:\/\/bulaoutdoor.nl\/?s={search_term_string}"},"query-input":{"@type":"PropertyValueSpecification","valueRequired":true,"valueName":"search_term_string"}}],"inLanguage":"fr-FR"},{"@type":"Organization","@id":"https:\/\/bulaoutdoor.nl\/#organization","name":"Bula Outdoor","url":"https:\/\/bulaoutdoor.nl\/","logo":{"@type":"ImageObject","inLanguage":"fr-FR","@id":"https:\/\/bulaoutdoor.nl\/#\/schema\/logo\/image\/","url":"https:\/\/www.bulaoutdoor.nl\/wp-content\/uploads\/2018\/04\/bulaoutdoor-logo.png","contentUrl":"https:\/\/www.bulaoutdoor.nl\/wp-content\/uploads\/2018\/04\/bulaoutdoor-logo.png","width":324,"height":91,"caption":"Bula Outdoor"},"image":{"@id":"https:\/\/bulaoutdoor.nl\/#\/schema\/logo\/image\/"}}]}},"jetpack_sharing_enabled":true,"_links":{"self":[{"href":"https:\/\/bulaoutdoor.nl\/fr\/wp-json\/wp\/v2\/product\/93446","targetHints":{"allow":["GET"]}}],"collection":[{"href":"https:\/\/bulaoutdoor.nl\/fr\/wp-json\/wp\/v2\/product"}],"about":[{"href":"https:\/\/bulaoutdoor.nl\/fr\/wp-json\/wp\/v2\/types\/product"}],"replies":[{"embeddable":true,"href":"https:\/\/bulaoutdoor.nl\/fr\/wp-json\/wp\/v2\/comments?post=93446"}],"wp:featuredmedia":[{"embeddable":true,"href":"https:\/\/bulaoutdoor.nl\/fr\/wp-json\/wp\/v2\/media\/93452"}],"wp:attachment":[{"href":"https:\/\/bulaoutdoor.nl\/fr\/wp-json\/wp\/v2\/media?parent=93446"}],"wp:term":[{"taxonomy":"product_brand","embeddable":true,"href":"https:\/\/bulaoutdoor.nl\/fr\/wp-json\/wp\/v2\/product_brand?post=93446"},{"taxonomy":"product_cat","embeddable":true,"href":"https:\/\/bulaoutdoor.nl\/fr\/wp-json\/wp\/v2\/product_cat?post=93446"},{"taxonomy":"product_tag","embeddable":true,"href":"https:\/\/bulaoutdoor.nl\/fr\/wp-json\/wp\/v2\/product_tag?post=93446"}],"curies":[{"name":"wp","href":"https:\/\/api.w.org\/{rel}","templated":true}]}}