{"id":93453,"date":"2026-02-16T15:27:17","date_gmt":"2026-02-16T15:27:17","guid":{"rendered":"https:\/\/bulaoutdoor.nl\/?post_type=product&#038;p=93453"},"modified":"2026-02-16T20:44:10","modified_gmt":"2026-02-16T20:44:10","slug":"the-forged-olive-3-piece-kitchen-knife-set","status":"publish","type":"product","link":"https:\/\/bulaoutdoor.nl\/fr\/product\/de-forged-olive-3-delige-keukenmessenset\/","title":{"rendered":"L'ensemble de couteaux de cuisine 3 pi\u00e8ces Forged Olive"},"content":{"rendered":"<h2 data-start=\"0\" data-end=\"78\">Set de couteaux de cuisine 3 pi\u00e8ces Forged Olive - Luxe, force et pr\u00e9cision en un seul set<\/h2>\n<p data-start=\"80\" data-end=\"394\">Les <strong data-start=\"83\" data-end=\"124\">Set de couteaux de cuisine 3 pi\u00e8ces Forged Olive<\/strong> est un ensemble de couteaux complet et \u00e9l\u00e9gant destin\u00e9 aussi bien aux cuisiniers amateurs qu'aux chefs professionnels. Cet ensemble de haute qualit\u00e9 se compose d'un <strong data-start=\"263\" data-end=\"274\">couteau de chef<\/strong>, <strong data-start=\"276\" data-end=\"287\">hache<\/strong> et <strong data-start=\"291\" data-end=\"309\">couteau universel<\/strong> - trois couteaux de cuisine essentiels qui vous permettront d'effectuer presque toutes les t\u00e2ches de coupe sans effort.<\/p>\n<h3 data-start=\"396\" data-end=\"437\">Jeu de couteaux complet pour tous les travaux de coupe<\/h3>\n<ul data-start=\"439\" data-end=\"681\">\n<li data-start=\"439\" data-end=\"507\">\n<p data-start=\"441\" data-end=\"507\"><strong data-start=\"441\" data-end=\"452\">Couteau de chef<\/strong> - Id\u00e9al pour couper les l\u00e9gumes, la viande et le poisson<\/p>\n<\/li>\n<li data-start=\"508\" data-end=\"607\">\n<p data-start=\"510\" data-end=\"607\"><strong data-start=\"510\" data-end=\"521\">Hachette<\/strong> - Parfait pour les travaux plus lourds tels que le hachage d'os et d'ingr\u00e9dients durs<\/p>\n<\/li>\n<li data-start=\"608\" data-end=\"681\">\n<p data-start=\"610\" data-end=\"681\"><strong data-start=\"610\" data-end=\"628\">Couteau universel<\/strong> - Convient pour les travaux de pr\u00e9cision et les petits travaux de coupe<\/p>\n<\/li>\n<\/ul>\n<p data-start=\"683\" data-end=\"764\">Avec ce set de 3 couteaux de cuisine, vous aurez toujours le bon couteau \u00e0 port\u00e9e de main.<\/p>\n<h3 data-start=\"766\" data-end=\"810\">Acier japonais 440C - duret\u00e9 de 58 Rockwell<\/h3>\n<p data-start=\"812\" data-end=\"1003\">Tous les couteaux sont fabriqu\u00e9s en mat\u00e9riaux de haute qualit\u00e9 <strong data-start=\"857\" data-end=\"878\">Acier japonais 440C<\/strong> d'une duret\u00e9 de <strong data-start=\"900\" data-end=\"915\">58 Rockwell<\/strong>. Cela garantit un excellent tranchant, une r\u00e9tention de coupe \u00e0 long terme et une r\u00e9sistance optimale \u00e0 l'usure.<\/p>\n<p data-start=\"1005\" data-end=\"1155\">Gr\u00e2ce \u00e0 une <strong data-start=\"1017\" data-end=\"1041\">\u00e9paisseur de la lame de 2 mm<\/strong> et un <strong data-start=\"1049\" data-end=\"1075\">angle de coupe de 18 degr\u00e9s<\/strong> les lames offrent un \u00e9quilibre parfait entre le tranchant, le contr\u00f4le et la durabilit\u00e9.<\/p>\n<h3 data-start=\"1157\" data-end=\"1203\">Design fait \u00e0 la main avec poign\u00e9e en bois d'olivier<\/h3>\n<p data-start=\"1205\" data-end=\"1453\">Les couteaux Forged Olive sont fabriqu\u00e9s \u00e0 la main, ce qui rend chaque couteau unique. La caract\u00e9ristique <strong data-start=\"1302\" data-end=\"1328\">poign\u00e9es en bois d'olivier<\/strong> donnent \u00e0 l'ensemble un aspect chaleureux et luxueux tout en offrant une prise confortable et ferme lors de la coupe.<\/p>\n<h3 data-start=\"1455\" data-end=\"1494\">Emballage de luxe et garantie de 10 ans<\/h3>\n<p data-start=\"1496\" data-end=\"1712\">Le set de couteaux est pr\u00e9sent\u00e9 dans un <strong data-start=\"1531\" data-end=\"1553\">coffret de luxe en bois<\/strong>, Il s'agit d'un cadeau id\u00e9al ou d'une solution de stockage s\u00fbre. En outre, vous recevrez <strong data-start=\"1618\" data-end=\"1638\">Garantie de 10 ans<\/strong>, Ce qui souligne la haute qualit\u00e9 et la durabilit\u00e9 de cet ensemble.<\/p>\n<hr data-start=\"1714\" data-end=\"1717\" \/>\n<h3 data-start=\"1719\" data-end=\"1783\">Pourquoi choisir le set de couteaux de cuisine 3 pi\u00e8ces Forged Olive ?<\/h3>\n<ul data-start=\"1785\" data-end=\"2079\">\n<li data-start=\"1785\" data-end=\"1837\">\n<p data-start=\"1787\" data-end=\"1837\">Set complet : couteau de chef, hachoir et couteau universel<\/p>\n<\/li>\n<li data-start=\"1838\" data-end=\"1882\">\n<p data-start=\"1840\" data-end=\"1882\">Acier japonais 440C - duret\u00e9 de 58 Rockwell<\/p>\n<\/li>\n<li data-start=\"1883\" data-end=\"1907\">\n<p data-start=\"1885\" data-end=\"1907\">Epaisseur de la lame : 2 mm<\/p>\n<\/li>\n<li data-start=\"1908\" data-end=\"1934\">\n<p data-start=\"1910\" data-end=\"1934\">Angle de coupe de 18 degr\u00e9s<\/p>\n<\/li>\n<li data-start=\"1935\" data-end=\"1966\">\n<p data-start=\"1937\" data-end=\"1966\">Fabriqu\u00e9 \u00e0 la main et au design unique<\/p>\n<\/li>\n<li data-start=\"1967\" data-end=\"2023\">\n<p data-start=\"1969\" data-end=\"2023\">Poign\u00e9es en bois d'olivier pour un aspect et une prise en main luxueux<\/p>\n<\/li>\n<li data-start=\"2024\" data-end=\"2058\">\n<p data-start=\"2026\" data-end=\"2058\">Livr\u00e9 dans une bo\u00eete en bois de luxe<\/p>\n<\/li>\n<li data-start=\"2059\" data-end=\"2079\">\n<p data-start=\"2061\" data-end=\"2079\">Garantie de 10 ans<\/p>\n<\/li>\n<\/ul>\n<p data-start=\"2081\" data-end=\"2288\" data-is-last-node=\"\" data-is-only-node=\"\">Vous \u00eates \u00e0 la recherche d'un set de couteaux de cuisine de haute qualit\u00e9, aux performances professionnelles et au look exclusif ? Dans ce cas, le <strong data-start=\"2204\" data-end=\"2245\">Set de couteaux de cuisine 3 pi\u00e8ces Forged Olive<\/strong> un investissement parfait pour votre cuisine.<\/p>","protected":false},"excerpt":{"rendered":"<p>Forged Olive 3-delige Keukenmessenset \u2013 Luxe, Kracht en Precisie in \u00c9\u00e9n Set De Forged Olive 3-delige keukenmessenset is een complete en stijlvolle messenset voor zowel de fanatieke thuiskok als de professionele chef. Deze hoogwaardige set bestaat uit een koksmes, hakbijl en universeel mes \u2013 drie essenti\u00eble keukenmessen waarmee je vrijwel elke snijtaak moeiteloos uitvoert. Complete [&hellip;]<\/p>\n","protected":false},"featured_media":93454,"comment_status":"open","ping_status":"closed","template":"","meta":{"_acf_changed":false},"product_brand":[],"product_cat":[15,1448],"product_tag":[],"class_list":{"0":"post-93453","1":"product","2":"type-product","3":"status-publish","4":"has-post-thumbnail","6":"product_cat-forged-messen","7":"product_cat-uitverkoop","9":"first","10":"instock","11":"sale","12":"taxable","13":"shipping-taxable","14":"purchasable","15":"product-type-simple"},"acf":[],"yoast_head":"<!-- This site is optimized with the Yoast SEO plugin v27.3 - https:\/\/yoast.com\/product\/yoast-seo-wordpress\/ -->\n<title>De Forged Olive 3-delige keukenmessenset &#8211; Bula Outdoor<\/title>\n<meta name=\"robots\" content=\"index, follow, max-snippet:-1, max-image-preview:large, max-video-preview:-1\" \/>\n<link rel=\"canonical\" href=\"https:\/\/bulaoutdoor.nl\/fr\/produit\/the-forged-olive-3-piece-kitchen-knife-set\/\" \/>\n<meta property=\"og:locale\" content=\"fr_FR\" \/>\n<meta property=\"og:type\" content=\"article\" \/>\n<meta property=\"og:title\" content=\"De Forged Olive 3-delige keukenmessenset &#8211; Bula Outdoor\" \/>\n<meta property=\"og:description\" content=\"Forged Olive 3-delige Keukenmessenset \u2013 Luxe, Kracht en Precisie in \u00c9\u00e9n Set De Forged Olive 3-delige keukenmessenset is een complete en stijlvolle messenset voor zowel de fanatieke thuiskok als de professionele chef. Deze hoogwaardige set bestaat uit een koksmes, hakbijl en universeel mes \u2013 drie essenti\u00eble keukenmessen waarmee je vrijwel elke snijtaak moeiteloos uitvoert. Complete [&hellip;]\" \/>\n<meta property=\"og:url\" content=\"https:\/\/bulaoutdoor.nl\/fr\/produit\/the-forged-olive-3-piece-kitchen-knife-set\/\" \/>\n<meta property=\"og:site_name\" content=\"Bula Outdoor\" \/>\n<meta property=\"article:modified_time\" content=\"2026-02-16T20:44:10+00:00\" \/>\n<meta property=\"og:image\" content=\"https:\/\/bulaoutdoor.nl\/wp-content\/uploads\/2026\/02\/Forged-Olive-3-delige.jpg\" \/>\n\t<meta property=\"og:image:width\" content=\"550\" \/>\n\t<meta property=\"og:image:height\" content=\"411\" \/>\n\t<meta property=\"og:image:type\" content=\"image\/jpeg\" \/>\n<meta name=\"twitter:card\" content=\"summary_large_image\" \/>\n<meta name=\"twitter:label1\" content=\"Dur\u00e9e de lecture estim\u00e9e\" \/>\n\t<meta name=\"twitter:data1\" content=\"2 minutes\" \/>\n<script type=\"application\/ld+json\" class=\"yoast-schema-graph\">{\"@context\":\"https:\\\/\\\/schema.org\",\"@graph\":[{\"@type\":\"WebPage\",\"@id\":\"https:\\\/\\\/bulaoutdoor.nl\\\/product\\\/de-forged-olive-3-delige-keukenmessenset\\\/\",\"url\":\"https:\\\/\\\/bulaoutdoor.nl\\\/product\\\/de-forged-olive-3-delige-keukenmessenset\\\/\",\"name\":\"De Forged Olive 3-delige keukenmessenset &#8211; Bula Outdoor\",\"isPartOf\":{\"@id\":\"https:\\\/\\\/bulaoutdoor.nl\\\/#website\"},\"primaryImageOfPage\":{\"@id\":\"https:\\\/\\\/bulaoutdoor.nl\\\/product\\\/de-forged-olive-3-delige-keukenmessenset\\\/#primaryimage\"},\"image\":{\"@id\":\"https:\\\/\\\/bulaoutdoor.nl\\\/product\\\/de-forged-olive-3-delige-keukenmessenset\\\/#primaryimage\"},\"thumbnailUrl\":\"https:\\\/\\\/bulaoutdoor.nl\\\/wp-content\\\/uploads\\\/2026\\\/02\\\/Forged-Olive-3-delige.jpg\",\"datePublished\":\"2026-02-16T15:27:17+00:00\",\"dateModified\":\"2026-02-16T20:44:10+00:00\",\"breadcrumb\":{\"@id\":\"https:\\\/\\\/bulaoutdoor.nl\\\/product\\\/de-forged-olive-3-delige-keukenmessenset\\\/#breadcrumb\"},\"inLanguage\":\"fr-FR\",\"potentialAction\":[{\"@type\":\"ReadAction\",\"target\":[\"https:\\\/\\\/bulaoutdoor.nl\\\/product\\\/de-forged-olive-3-delige-keukenmessenset\\\/\"]}]},{\"@type\":\"ImageObject\",\"inLanguage\":\"fr-FR\",\"@id\":\"https:\\\/\\\/bulaoutdoor.nl\\\/product\\\/de-forged-olive-3-delige-keukenmessenset\\\/#primaryimage\",\"url\":\"https:\\\/\\\/bulaoutdoor.nl\\\/wp-content\\\/uploads\\\/2026\\\/02\\\/Forged-Olive-3-delige.jpg\",\"contentUrl\":\"https:\\\/\\\/bulaoutdoor.nl\\\/wp-content\\\/uploads\\\/2026\\\/02\\\/Forged-Olive-3-delige.jpg\",\"width\":550,\"height\":411},{\"@type\":\"BreadcrumbList\",\"@id\":\"https:\\\/\\\/bulaoutdoor.nl\\\/product\\\/de-forged-olive-3-delige-keukenmessenset\\\/#breadcrumb\",\"itemListElement\":[{\"@type\":\"ListItem\",\"position\":1,\"name\":\"Home\",\"item\":\"https:\\\/\\\/bulaoutdoor.nl\\\/\"},{\"@type\":\"ListItem\",\"position\":2,\"name\":\"Online BBQ kopen\",\"item\":\"https:\\\/\\\/bulaoutdoor.nl\\\/\"},{\"@type\":\"ListItem\",\"position\":3,\"name\":\"De Forged Olive 3-delige keukenmessenset\"}]},{\"@type\":\"WebSite\",\"@id\":\"https:\\\/\\\/bulaoutdoor.nl\\\/#website\",\"url\":\"https:\\\/\\\/bulaoutdoor.nl\\\/\",\"name\":\"Bula Outdoor\",\"description\":\"Voor uw buitenhaard, BBQ, tuinfakkel en houtoven\",\"publisher\":{\"@id\":\"https:\\\/\\\/bulaoutdoor.nl\\\/#organization\"},\"potentialAction\":[{\"@type\":\"SearchAction\",\"target\":{\"@type\":\"EntryPoint\",\"urlTemplate\":\"https:\\\/\\\/bulaoutdoor.nl\\\/?s={search_term_string}\"},\"query-input\":{\"@type\":\"PropertyValueSpecification\",\"valueRequired\":true,\"valueName\":\"search_term_string\"}}],\"inLanguage\":\"fr-FR\"},{\"@type\":\"Organization\",\"@id\":\"https:\\\/\\\/bulaoutdoor.nl\\\/#organization\",\"name\":\"Bula Outdoor\",\"url\":\"https:\\\/\\\/bulaoutdoor.nl\\\/\",\"logo\":{\"@type\":\"ImageObject\",\"inLanguage\":\"fr-FR\",\"@id\":\"https:\\\/\\\/bulaoutdoor.nl\\\/#\\\/schema\\\/logo\\\/image\\\/\",\"url\":\"https:\\\/\\\/www.bulaoutdoor.nl\\\/wp-content\\\/uploads\\\/2018\\\/04\\\/bulaoutdoor-logo.png\",\"contentUrl\":\"https:\\\/\\\/www.bulaoutdoor.nl\\\/wp-content\\\/uploads\\\/2018\\\/04\\\/bulaoutdoor-logo.png\",\"width\":324,\"height\":91,\"caption\":\"Bula Outdoor\"},\"image\":{\"@id\":\"https:\\\/\\\/bulaoutdoor.nl\\\/#\\\/schema\\\/logo\\\/image\\\/\"}}]}<\/script>\n<!-- \/ Yoast SEO plugin. -->","yoast_head_json":{"title":"The Forged Olive Set de couteaux de cuisine 3 pi\u00e8ces - Bula Outdoors","robots":{"index":"index","follow":"follow","max-snippet":"max-snippet:-1","max-image-preview":"max-image-preview:large","max-video-preview":"max-video-preview:-1"},"canonical":"https:\/\/bulaoutdoor.nl\/fr\/produit\/the-forged-olive-3-piece-kitchen-knife-set\/","og_locale":"fr_FR","og_type":"article","og_title":"De Forged Olive 3-delige keukenmessenset &#8211; Bula Outdoor","og_description":"Forged Olive 3-delige Keukenmessenset \u2013 Luxe, Kracht en Precisie in \u00c9\u00e9n Set De Forged Olive 3-delige keukenmessenset is een complete en stijlvolle messenset voor zowel de fanatieke thuiskok als de professionele chef. Deze hoogwaardige set bestaat uit een koksmes, hakbijl en universeel mes \u2013 drie essenti\u00eble keukenmessen waarmee je vrijwel elke snijtaak moeiteloos uitvoert. Complete [&hellip;]","og_url":"https:\/\/bulaoutdoor.nl\/fr\/produit\/the-forged-olive-3-piece-kitchen-knife-set\/","og_site_name":"Bula Outdoor","article_modified_time":"2026-02-16T20:44:10+00:00","og_image":[{"width":550,"height":411,"url":"https:\/\/bulaoutdoor.nl\/wp-content\/uploads\/2026\/02\/Forged-Olive-3-delige.jpg","type":"image\/jpeg"}],"twitter_card":"summary_large_image","twitter_misc":{"Dur\u00e9e de lecture estim\u00e9e":"2 minutes"},"schema":{"@context":"https:\/\/schema.org","@graph":[{"@type":"WebPage","@id":"https:\/\/bulaoutdoor.nl\/product\/de-forged-olive-3-delige-keukenmessenset\/","url":"https:\/\/bulaoutdoor.nl\/product\/de-forged-olive-3-delige-keukenmessenset\/","name":"The Forged Olive Set de couteaux de cuisine 3 pi\u00e8ces - Bula Outdoors","isPartOf":{"@id":"https:\/\/bulaoutdoor.nl\/#website"},"primaryImageOfPage":{"@id":"https:\/\/bulaoutdoor.nl\/product\/de-forged-olive-3-delige-keukenmessenset\/#primaryimage"},"image":{"@id":"https:\/\/bulaoutdoor.nl\/product\/de-forged-olive-3-delige-keukenmessenset\/#primaryimage"},"thumbnailUrl":"https:\/\/bulaoutdoor.nl\/wp-content\/uploads\/2026\/02\/Forged-Olive-3-delige.jpg","datePublished":"2026-02-16T15:27:17+00:00","dateModified":"2026-02-16T20:44:10+00:00","breadcrumb":{"@id":"https:\/\/bulaoutdoor.nl\/product\/de-forged-olive-3-delige-keukenmessenset\/#breadcrumb"},"inLanguage":"fr-FR","potentialAction":[{"@type":"ReadAction","target":["https:\/\/bulaoutdoor.nl\/product\/de-forged-olive-3-delige-keukenmessenset\/"]}]},{"@type":"ImageObject","inLanguage":"fr-FR","@id":"https:\/\/bulaoutdoor.nl\/product\/de-forged-olive-3-delige-keukenmessenset\/#primaryimage","url":"https:\/\/bulaoutdoor.nl\/wp-content\/uploads\/2026\/02\/Forged-Olive-3-delige.jpg","contentUrl":"https:\/\/bulaoutdoor.nl\/wp-content\/uploads\/2026\/02\/Forged-Olive-3-delige.jpg","width":550,"height":411},{"@type":"BreadcrumbList","@id":"https:\/\/bulaoutdoor.nl\/product\/de-forged-olive-3-delige-keukenmessenset\/#breadcrumb","itemListElement":[{"@type":"ListItem","position":1,"name":"Home","item":"https:\/\/bulaoutdoor.nl\/"},{"@type":"ListItem","position":2,"name":"Online BBQ kopen","item":"https:\/\/bulaoutdoor.nl\/"},{"@type":"ListItem","position":3,"name":"De Forged Olive 3-delige keukenmessenset"}]},{"@type":"WebSite","@id":"https:\/\/bulaoutdoor.nl\/#website","url":"https:\/\/bulaoutdoor.nl\/","name":"Bula Outdoor","description":"Pour votre chemin\u00e9e ext\u00e9rieure, votre barbecue, votre torche de jardin et votre four \u00e0 bois","publisher":{"@id":"https:\/\/bulaoutdoor.nl\/#organization"},"potentialAction":[{"@type":"SearchAction","target":{"@type":"EntryPoint","urlTemplate":"https:\/\/bulaoutdoor.nl\/?s={search_term_string}"},"query-input":{"@type":"PropertyValueSpecification","valueRequired":true,"valueName":"search_term_string"}}],"inLanguage":"fr-FR"},{"@type":"Organization","@id":"https:\/\/bulaoutdoor.nl\/#organization","name":"Bula Outdoor","url":"https:\/\/bulaoutdoor.nl\/","logo":{"@type":"ImageObject","inLanguage":"fr-FR","@id":"https:\/\/bulaoutdoor.nl\/#\/schema\/logo\/image\/","url":"https:\/\/www.bulaoutdoor.nl\/wp-content\/uploads\/2018\/04\/bulaoutdoor-logo.png","contentUrl":"https:\/\/www.bulaoutdoor.nl\/wp-content\/uploads\/2018\/04\/bulaoutdoor-logo.png","width":324,"height":91,"caption":"Bula Outdoor"},"image":{"@id":"https:\/\/bulaoutdoor.nl\/#\/schema\/logo\/image\/"}}]}},"jetpack_sharing_enabled":true,"_links":{"self":[{"href":"https:\/\/bulaoutdoor.nl\/fr\/wp-json\/wp\/v2\/product\/93453","targetHints":{"allow":["GET"]}}],"collection":[{"href":"https:\/\/bulaoutdoor.nl\/fr\/wp-json\/wp\/v2\/product"}],"about":[{"href":"https:\/\/bulaoutdoor.nl\/fr\/wp-json\/wp\/v2\/types\/product"}],"replies":[{"embeddable":true,"href":"https:\/\/bulaoutdoor.nl\/fr\/wp-json\/wp\/v2\/comments?post=93453"}],"wp:featuredmedia":[{"embeddable":true,"href":"https:\/\/bulaoutdoor.nl\/fr\/wp-json\/wp\/v2\/media\/93454"}],"wp:attachment":[{"href":"https:\/\/bulaoutdoor.nl\/fr\/wp-json\/wp\/v2\/media?parent=93453"}],"wp:term":[{"taxonomy":"product_brand","embeddable":true,"href":"https:\/\/bulaoutdoor.nl\/fr\/wp-json\/wp\/v2\/product_brand?post=93453"},{"taxonomy":"product_cat","embeddable":true,"href":"https:\/\/bulaoutdoor.nl\/fr\/wp-json\/wp\/v2\/product_cat?post=93453"},{"taxonomy":"product_tag","embeddable":true,"href":"https:\/\/bulaoutdoor.nl\/fr\/wp-json\/wp\/v2\/product_tag?post=93453"}],"curies":[{"name":"wp","href":"https:\/\/api.w.org\/{rel}","templated":true}]}}