{"id":93457,"date":"2026-02-16T15:35:06","date_gmt":"2026-02-16T15:35:06","guid":{"rendered":"https:\/\/bulaoutdoor.nl\/?post_type=product&#038;p=93457"},"modified":"2026-02-16T20:44:10","modified_gmt":"2026-02-16T20:44:10","slug":"couteau-a-pain-forge-en-olivier","status":"publish","type":"product","link":"https:\/\/bulaoutdoor.nl\/fr\/product\/olive-forged-broodmes\/","title":{"rendered":"Couteau \u00e0 pain forg\u00e9 Olive"},"content":{"rendered":"<h2 data-start=\"0\" data-end=\"71\">Couteau \u00e0 pain en bois d'olivier forg\u00e9 - puissant, \u00e9l\u00e9gant et indispensable dans la cuisine<\/h2>\n<p data-start=\"73\" data-end=\"399\">Les <strong data-start=\"77\" data-end=\"102\">Couteau \u00e0 pain en olivier forg\u00e9<\/strong> est con\u00e7u pour trancher sans effort et avec pr\u00e9cision les ingr\u00e9dients durs et mous. Gr\u00e2ce \u00e0 la longue lame dentel\u00e9e, vous pouvez facilement couper des pains croustillants sans en \u00e9craser l'int\u00e9rieur. Vous pourrez \u00e9galement trancher des quiches et des ingr\u00e9dients plus volumineux tels que le melon, le potiron et l'ananas avec facilit\u00e9 et ma\u00eetrise.<\/p>\n<h3 data-start=\"401\" data-end=\"448\">Acier japonais 440C - Durable et tranchant comme une lame de rasoir<\/h3>\n<p data-start=\"450\" data-end=\"747\">Ce couteau \u00e0 pain de haute qualit\u00e9 est fabriqu\u00e9 en <strong data-start=\"495\" data-end=\"516\">Acier japonais 440C<\/strong> d'une duret\u00e9 de <strong data-start=\"538\" data-end=\"553\">58 Rockwell<\/strong>. Cela garantit un excellent tranchant, une tenue de coupe \u00e0 long terme et une grande r\u00e9sistance \u00e0 l'abrasion. La combinaison d'un acier de qualit\u00e9 et d'une lame dentel\u00e9e fait de ce couteau un outil id\u00e9al pour un usage quotidien intensif.<\/p>\n<p data-start=\"749\" data-end=\"901\">Avec un <strong data-start=\"757\" data-end=\"781\">\u00e9paisseur de la lame de 2 mm<\/strong> et un <strong data-start=\"789\" data-end=\"815\">angle de coupe de 18 degr\u00e9s<\/strong> le couteau \u00e0 pain Forged Olive offre une stabilit\u00e9 et une pr\u00e9cision optimales lors du tranchage.<\/p>\n<h3 data-start=\"903\" data-end=\"946\">Artisanat forg\u00e9 \u00e0 la main - Chaque couteau est unique<\/h3>\n<p data-start=\"948\" data-end=\"1214\">Chaque couteau Forged Olive est forg\u00e9 \u00e0 la main. Ce processus artisanal conf\u00e8re \u00e0 chacun d'eux un aspect unique et distinctif. Le design \u00e9l\u00e9gant combin\u00e9 au manche en bois d'olivier offre un aspect luxueux et une prise en main confortable et ferme.<\/p>\n<h3 data-start=\"1216\" data-end=\"1255\">Emballage de luxe et garantie de 10 ans<\/h3>\n<p data-start=\"1257\" data-end=\"1464\">Le couteau \u00e0 pain est pr\u00e9sent\u00e9 dans un <strong data-start=\"1292\" data-end=\"1318\">Bo\u00eete en bois \u00e9l\u00e9gante<\/strong>, Il s'agit d'un cadeau id\u00e9al ou d'une solution de stockage s\u00fbre. En outre, vous recevrez <strong data-start=\"1384\" data-end=\"1404\">Garantie de 10 ans<\/strong>, Ce qui souligne la durabilit\u00e9 et la qualit\u00e9 de ce couteau.<\/p>\n<hr data-start=\"1466\" data-end=\"1469\" \/>\n<h3 data-start=\"1471\" data-end=\"1520\">Pourquoi choisir le couteau \u00e0 pain Forged Olive ?<\/h3>\n<ul data-start=\"1522\" data-end=\"1913\">\n<li data-start=\"1522\" data-end=\"1582\">\n<p data-start=\"1524\" data-end=\"1582\">Lame longue et dentel\u00e9e pour les ingr\u00e9dients durs et mous<\/p>\n<\/li>\n<li data-start=\"1583\" data-end=\"1640\">\n<p data-start=\"1585\" data-end=\"1640\">Id\u00e9al pour le pain, les quiches, le melon, le potiron et l'ananas<\/p>\n<\/li>\n<li data-start=\"1641\" data-end=\"1674\">\n<p data-start=\"1643\" data-end=\"1674\">Fabriqu\u00e9 en acier japonais 440C<\/p>\n<\/li>\n<li data-start=\"1675\" data-end=\"1724\">\n<p data-start=\"1677\" data-end=\"1724\">Duret\u00e9 Rockwell 58 pour un tranchant durable<\/p>\n<\/li>\n<li data-start=\"1725\" data-end=\"1749\">\n<p data-start=\"1727\" data-end=\"1749\">Epaisseur de la lame : 2 mm<\/p>\n<\/li>\n<li data-start=\"1750\" data-end=\"1776\">\n<p data-start=\"1752\" data-end=\"1776\">Angle de coupe de 18 degr\u00e9s<\/p>\n<\/li>\n<li data-start=\"1777\" data-end=\"1808\">\n<p data-start=\"1779\" data-end=\"1808\">Forg\u00e9 \u00e0 la main et conception unique<\/p>\n<\/li>\n<li data-start=\"1809\" data-end=\"1862\">\n<p data-start=\"1811\" data-end=\"1862\">Manche en bois d'olivier pour un aspect et une prise en main luxueux<\/p>\n<\/li>\n<li data-start=\"1863\" data-end=\"1892\">\n<p data-start=\"1865\" data-end=\"1892\">Livr\u00e9 dans une bo\u00eete en bois<\/p>\n<\/li>\n<li data-start=\"1893\" data-end=\"1913\">\n<p data-start=\"1895\" data-end=\"1913\">Garantie de 10 ans<\/p>\n<\/li>\n<\/ul>\n<p data-start=\"1915\" data-end=\"2060\" data-is-last-node=\"\" data-is-only-node=\"\">Avec la <strong data-start=\"1923\" data-end=\"1948\">Couteau \u00e0 pain en olivier forg\u00e9<\/strong> vous choisissez une combinaison de puissance, de pr\u00e9cision et de design artisanal - un couteau indispensable pour chaque cuisine.<\/p>","protected":false},"excerpt":{"rendered":"<p>Forged Olive Broodmes \u2013 Krachtig, Stijlvol en Onmisbaar in de Keuken Het Forged Olive broodmes is ontworpen voor moeiteloos en nauwkeurig snijden van harde en zachte ingredi\u00ebnten. Dankzij het lange, gekartelde lemmet snijd je eenvoudig door knapperige broden zonder de binnenkant te pletten. Ook quiches en grotere ingredi\u00ebnten zoals meloen, pompoen en ananas snijd je [&hellip;]<\/p>\n","protected":false},"featured_media":93458,"comment_status":"open","ping_status":"closed","template":"","meta":{"_acf_changed":false},"product_brand":[],"product_cat":[15,1448],"product_tag":[],"class_list":{"0":"post-93457","1":"product","2":"type-product","3":"status-publish","4":"has-post-thumbnail","6":"product_cat-forged-messen","7":"product_cat-uitverkoop","9":"first","10":"instock","11":"sale","12":"taxable","13":"shipping-taxable","14":"purchasable","15":"product-type-simple"},"acf":[],"yoast_head":"<!-- This site is optimized with the Yoast SEO plugin v27.3 - https:\/\/yoast.com\/product\/yoast-seo-wordpress\/ -->\n<title>Olive Forged Broodmes &#8211; Bula Outdoor<\/title>\n<meta name=\"robots\" content=\"index, follow, max-snippet:-1, max-image-preview:large, max-video-preview:-1\" \/>\n<link rel=\"canonical\" href=\"https:\/\/bulaoutdoor.nl\/fr\/produit\/couteau-a-pain-forge-en-olivier\/\" \/>\n<meta property=\"og:locale\" content=\"fr_FR\" \/>\n<meta property=\"og:type\" content=\"article\" \/>\n<meta property=\"og:title\" content=\"Olive Forged Broodmes &#8211; Bula Outdoor\" \/>\n<meta property=\"og:description\" content=\"Forged Olive Broodmes \u2013 Krachtig, Stijlvol en Onmisbaar in de Keuken Het Forged Olive broodmes is ontworpen voor moeiteloos en nauwkeurig snijden van harde en zachte ingredi\u00ebnten. Dankzij het lange, gekartelde lemmet snijd je eenvoudig door knapperige broden zonder de binnenkant te pletten. Ook quiches en grotere ingredi\u00ebnten zoals meloen, pompoen en ananas snijd je [&hellip;]\" \/>\n<meta property=\"og:url\" content=\"https:\/\/bulaoutdoor.nl\/fr\/produit\/couteau-a-pain-forge-en-olivier\/\" \/>\n<meta property=\"og:site_name\" content=\"Bula Outdoor\" \/>\n<meta property=\"article:modified_time\" content=\"2026-02-16T20:44:10+00:00\" \/>\n<meta property=\"og:image\" content=\"https:\/\/bulaoutdoor.nl\/wp-content\/uploads\/2026\/02\/8718719305195-olive-Forged-broodmes.jpg\" \/>\n\t<meta property=\"og:image:width\" content=\"1200\" \/>\n\t<meta property=\"og:image:height\" content=\"1200\" \/>\n\t<meta property=\"og:image:type\" content=\"image\/jpeg\" \/>\n<meta name=\"twitter:card\" content=\"summary_large_image\" \/>\n<meta name=\"twitter:label1\" content=\"Dur\u00e9e de lecture estim\u00e9e\" \/>\n\t<meta name=\"twitter:data1\" content=\"2 minutes\" \/>\n<script type=\"application\/ld+json\" class=\"yoast-schema-graph\">{\"@context\":\"https:\\\/\\\/schema.org\",\"@graph\":[{\"@type\":\"WebPage\",\"@id\":\"https:\\\/\\\/bulaoutdoor.nl\\\/product\\\/olive-forged-broodmes\\\/\",\"url\":\"https:\\\/\\\/bulaoutdoor.nl\\\/product\\\/olive-forged-broodmes\\\/\",\"name\":\"Olive Forged Broodmes &#8211; Bula Outdoor\",\"isPartOf\":{\"@id\":\"https:\\\/\\\/bulaoutdoor.nl\\\/#website\"},\"primaryImageOfPage\":{\"@id\":\"https:\\\/\\\/bulaoutdoor.nl\\\/product\\\/olive-forged-broodmes\\\/#primaryimage\"},\"image\":{\"@id\":\"https:\\\/\\\/bulaoutdoor.nl\\\/product\\\/olive-forged-broodmes\\\/#primaryimage\"},\"thumbnailUrl\":\"https:\\\/\\\/bulaoutdoor.nl\\\/wp-content\\\/uploads\\\/2026\\\/02\\\/8718719305195-olive-Forged-broodmes.jpg\",\"datePublished\":\"2026-02-16T15:35:06+00:00\",\"dateModified\":\"2026-02-16T20:44:10+00:00\",\"breadcrumb\":{\"@id\":\"https:\\\/\\\/bulaoutdoor.nl\\\/product\\\/olive-forged-broodmes\\\/#breadcrumb\"},\"inLanguage\":\"fr-FR\",\"potentialAction\":[{\"@type\":\"ReadAction\",\"target\":[\"https:\\\/\\\/bulaoutdoor.nl\\\/product\\\/olive-forged-broodmes\\\/\"]}]},{\"@type\":\"ImageObject\",\"inLanguage\":\"fr-FR\",\"@id\":\"https:\\\/\\\/bulaoutdoor.nl\\\/product\\\/olive-forged-broodmes\\\/#primaryimage\",\"url\":\"https:\\\/\\\/bulaoutdoor.nl\\\/wp-content\\\/uploads\\\/2026\\\/02\\\/8718719305195-olive-Forged-broodmes.jpg\",\"contentUrl\":\"https:\\\/\\\/bulaoutdoor.nl\\\/wp-content\\\/uploads\\\/2026\\\/02\\\/8718719305195-olive-Forged-broodmes.jpg\",\"width\":1200,\"height\":1200},{\"@type\":\"BreadcrumbList\",\"@id\":\"https:\\\/\\\/bulaoutdoor.nl\\\/product\\\/olive-forged-broodmes\\\/#breadcrumb\",\"itemListElement\":[{\"@type\":\"ListItem\",\"position\":1,\"name\":\"Home\",\"item\":\"https:\\\/\\\/bulaoutdoor.nl\\\/\"},{\"@type\":\"ListItem\",\"position\":2,\"name\":\"Online BBQ kopen\",\"item\":\"https:\\\/\\\/bulaoutdoor.nl\\\/\"},{\"@type\":\"ListItem\",\"position\":3,\"name\":\"Olive Forged Broodmes\"}]},{\"@type\":\"WebSite\",\"@id\":\"https:\\\/\\\/bulaoutdoor.nl\\\/#website\",\"url\":\"https:\\\/\\\/bulaoutdoor.nl\\\/\",\"name\":\"Bula Outdoor\",\"description\":\"Voor uw buitenhaard, BBQ, tuinfakkel en houtoven\",\"publisher\":{\"@id\":\"https:\\\/\\\/bulaoutdoor.nl\\\/#organization\"},\"potentialAction\":[{\"@type\":\"SearchAction\",\"target\":{\"@type\":\"EntryPoint\",\"urlTemplate\":\"https:\\\/\\\/bulaoutdoor.nl\\\/?s={search_term_string}\"},\"query-input\":{\"@type\":\"PropertyValueSpecification\",\"valueRequired\":true,\"valueName\":\"search_term_string\"}}],\"inLanguage\":\"fr-FR\"},{\"@type\":\"Organization\",\"@id\":\"https:\\\/\\\/bulaoutdoor.nl\\\/#organization\",\"name\":\"Bula Outdoor\",\"url\":\"https:\\\/\\\/bulaoutdoor.nl\\\/\",\"logo\":{\"@type\":\"ImageObject\",\"inLanguage\":\"fr-FR\",\"@id\":\"https:\\\/\\\/bulaoutdoor.nl\\\/#\\\/schema\\\/logo\\\/image\\\/\",\"url\":\"https:\\\/\\\/www.bulaoutdoor.nl\\\/wp-content\\\/uploads\\\/2018\\\/04\\\/bulaoutdoor-logo.png\",\"contentUrl\":\"https:\\\/\\\/www.bulaoutdoor.nl\\\/wp-content\\\/uploads\\\/2018\\\/04\\\/bulaoutdoor-logo.png\",\"width\":324,\"height\":91,\"caption\":\"Bula Outdoor\"},\"image\":{\"@id\":\"https:\\\/\\\/bulaoutdoor.nl\\\/#\\\/schema\\\/logo\\\/image\\\/\"}}]}<\/script>\n<!-- \/ Yoast SEO plugin. -->","yoast_head_json":{"title":"Couteau \u00e0 pain forg\u00e9 Olive - Bula Outdoors","robots":{"index":"index","follow":"follow","max-snippet":"max-snippet:-1","max-image-preview":"max-image-preview:large","max-video-preview":"max-video-preview:-1"},"canonical":"https:\/\/bulaoutdoor.nl\/fr\/produit\/couteau-a-pain-forge-en-olivier\/","og_locale":"fr_FR","og_type":"article","og_title":"Olive Forged Broodmes &#8211; Bula Outdoor","og_description":"Forged Olive Broodmes \u2013 Krachtig, Stijlvol en Onmisbaar in de Keuken Het Forged Olive broodmes is ontworpen voor moeiteloos en nauwkeurig snijden van harde en zachte ingredi\u00ebnten. Dankzij het lange, gekartelde lemmet snijd je eenvoudig door knapperige broden zonder de binnenkant te pletten. Ook quiches en grotere ingredi\u00ebnten zoals meloen, pompoen en ananas snijd je [&hellip;]","og_url":"https:\/\/bulaoutdoor.nl\/fr\/produit\/couteau-a-pain-forge-en-olivier\/","og_site_name":"Bula Outdoor","article_modified_time":"2026-02-16T20:44:10+00:00","og_image":[{"width":1200,"height":1200,"url":"https:\/\/bulaoutdoor.nl\/wp-content\/uploads\/2026\/02\/8718719305195-olive-Forged-broodmes.jpg","type":"image\/jpeg"}],"twitter_card":"summary_large_image","twitter_misc":{"Dur\u00e9e de lecture estim\u00e9e":"2 minutes"},"schema":{"@context":"https:\/\/schema.org","@graph":[{"@type":"WebPage","@id":"https:\/\/bulaoutdoor.nl\/product\/olive-forged-broodmes\/","url":"https:\/\/bulaoutdoor.nl\/product\/olive-forged-broodmes\/","name":"Couteau \u00e0 pain forg\u00e9 Olive - Bula Outdoors","isPartOf":{"@id":"https:\/\/bulaoutdoor.nl\/#website"},"primaryImageOfPage":{"@id":"https:\/\/bulaoutdoor.nl\/product\/olive-forged-broodmes\/#primaryimage"},"image":{"@id":"https:\/\/bulaoutdoor.nl\/product\/olive-forged-broodmes\/#primaryimage"},"thumbnailUrl":"https:\/\/bulaoutdoor.nl\/wp-content\/uploads\/2026\/02\/8718719305195-olive-Forged-broodmes.jpg","datePublished":"2026-02-16T15:35:06+00:00","dateModified":"2026-02-16T20:44:10+00:00","breadcrumb":{"@id":"https:\/\/bulaoutdoor.nl\/product\/olive-forged-broodmes\/#breadcrumb"},"inLanguage":"fr-FR","potentialAction":[{"@type":"ReadAction","target":["https:\/\/bulaoutdoor.nl\/product\/olive-forged-broodmes\/"]}]},{"@type":"ImageObject","inLanguage":"fr-FR","@id":"https:\/\/bulaoutdoor.nl\/product\/olive-forged-broodmes\/#primaryimage","url":"https:\/\/bulaoutdoor.nl\/wp-content\/uploads\/2026\/02\/8718719305195-olive-Forged-broodmes.jpg","contentUrl":"https:\/\/bulaoutdoor.nl\/wp-content\/uploads\/2026\/02\/8718719305195-olive-Forged-broodmes.jpg","width":1200,"height":1200},{"@type":"BreadcrumbList","@id":"https:\/\/bulaoutdoor.nl\/product\/olive-forged-broodmes\/#breadcrumb","itemListElement":[{"@type":"ListItem","position":1,"name":"Home","item":"https:\/\/bulaoutdoor.nl\/"},{"@type":"ListItem","position":2,"name":"Online BBQ kopen","item":"https:\/\/bulaoutdoor.nl\/"},{"@type":"ListItem","position":3,"name":"Olive Forged Broodmes"}]},{"@type":"WebSite","@id":"https:\/\/bulaoutdoor.nl\/#website","url":"https:\/\/bulaoutdoor.nl\/","name":"Bula Outdoor","description":"Pour votre chemin\u00e9e ext\u00e9rieure, votre barbecue, votre torche de jardin et votre four \u00e0 bois","publisher":{"@id":"https:\/\/bulaoutdoor.nl\/#organization"},"potentialAction":[{"@type":"SearchAction","target":{"@type":"EntryPoint","urlTemplate":"https:\/\/bulaoutdoor.nl\/?s={search_term_string}"},"query-input":{"@type":"PropertyValueSpecification","valueRequired":true,"valueName":"search_term_string"}}],"inLanguage":"fr-FR"},{"@type":"Organization","@id":"https:\/\/bulaoutdoor.nl\/#organization","name":"Bula Outdoor","url":"https:\/\/bulaoutdoor.nl\/","logo":{"@type":"ImageObject","inLanguage":"fr-FR","@id":"https:\/\/bulaoutdoor.nl\/#\/schema\/logo\/image\/","url":"https:\/\/www.bulaoutdoor.nl\/wp-content\/uploads\/2018\/04\/bulaoutdoor-logo.png","contentUrl":"https:\/\/www.bulaoutdoor.nl\/wp-content\/uploads\/2018\/04\/bulaoutdoor-logo.png","width":324,"height":91,"caption":"Bula Outdoor"},"image":{"@id":"https:\/\/bulaoutdoor.nl\/#\/schema\/logo\/image\/"}}]}},"jetpack_sharing_enabled":true,"_links":{"self":[{"href":"https:\/\/bulaoutdoor.nl\/fr\/wp-json\/wp\/v2\/product\/93457","targetHints":{"allow":["GET"]}}],"collection":[{"href":"https:\/\/bulaoutdoor.nl\/fr\/wp-json\/wp\/v2\/product"}],"about":[{"href":"https:\/\/bulaoutdoor.nl\/fr\/wp-json\/wp\/v2\/types\/product"}],"replies":[{"embeddable":true,"href":"https:\/\/bulaoutdoor.nl\/fr\/wp-json\/wp\/v2\/comments?post=93457"}],"wp:featuredmedia":[{"embeddable":true,"href":"https:\/\/bulaoutdoor.nl\/fr\/wp-json\/wp\/v2\/media\/93458"}],"wp:attachment":[{"href":"https:\/\/bulaoutdoor.nl\/fr\/wp-json\/wp\/v2\/media?parent=93457"}],"wp:term":[{"taxonomy":"product_brand","embeddable":true,"href":"https:\/\/bulaoutdoor.nl\/fr\/wp-json\/wp\/v2\/product_brand?post=93457"},{"taxonomy":"product_cat","embeddable":true,"href":"https:\/\/bulaoutdoor.nl\/fr\/wp-json\/wp\/v2\/product_cat?post=93457"},{"taxonomy":"product_tag","embeddable":true,"href":"https:\/\/bulaoutdoor.nl\/fr\/wp-json\/wp\/v2\/product_tag?post=93457"}],"curies":[{"name":"wp","href":"https:\/\/api.w.org\/{rel}","templated":true}]}}