{"id":93467,"date":"2026-02-16T16:04:14","date_gmt":"2026-02-16T16:04:14","guid":{"rendered":"https:\/\/bulaoutdoor.nl\/?post_type=product&#038;p=93467"},"modified":"2026-02-16T20:44:10","modified_gmt":"2026-02-16T20:44:10","slug":"katai-santoku-18-cm","status":"publish","type":"product","link":"https:\/\/bulaoutdoor.nl\/fr\/product\/katai-santoku-18-cm\/","title":{"rendered":"Katai santoku 18 cm"},"content":{"rendered":"<h2 data-start=\"0\" data-end=\"65\">Couteau Katai Santo 18 cm - L'artisanat japonais pour toutes les t\u00e2ches de coupe<\/h2>\n<p data-start=\"67\" data-end=\"403\">Les <strong data-start=\"71\" data-end=\"97\">Couteau Katai santo 18 cm<\/strong> est un couteau de cuisine polyvalent et de haute qualit\u00e9, inspir\u00e9 des techniques de coupe traditionnelles japonaises. Le nom <em data-start=\"206\" data-end=\"215\">Santoku<\/em> signifie litt\u00e9ralement <strong data-start=\"236\" data-end=\"252\">trois vertus<\/strong>Les trois disciplines sont les suivantes : trancher, hacher et d\u00e9couper. C'est pr\u00e9cis\u00e9ment dans ces trois disciplines que ce couteau excelle, ce qui en fait un outil indispensable dans toute cuisine.<\/p>\n<h3 data-start=\"405\" data-end=\"450\">Un \u00e9quilibre parfait entre puissance et pr\u00e9cision<\/h3>\n<p data-start=\"452\" data-end=\"753\">Avec un <strong data-start=\"460\" data-end=\"486\">longueur de la lame : 18 cm<\/strong> Le couteau Katai Santo offre un \u00e9quilibre id\u00e9al entre contr\u00f4le et puissance. Le couteau convient \u00e0 un large \u00e9ventail de t\u00e2ches de coupe, telles que la coupe de l\u00e9gumes, de viande et de poisson. Gr\u00e2ce \u00e0 sa forme \u00e9quilibr\u00e9e et \u00e0 son utilisation confortable, vous travaillez avec efficacit\u00e9 et pr\u00e9cision.<\/p>\n<h3 data-start=\"755\" data-end=\"802\">Acier japonais VG10 de haute qualit\u00e9 - 60 Rockwell<\/h3>\n<p data-start=\"804\" data-end=\"1009\">La lame est fabriqu\u00e9e en <strong data-start=\"834\" data-end=\"855\">Acier japonais VG10<\/strong> et a une duret\u00e9 de <strong data-start=\"882\" data-end=\"897\">60 Rockwell<\/strong>. Cet acier de premi\u00e8re qualit\u00e9 est connu pour son tranchant exceptionnel, sa longue dur\u00e9e de vie et son excellente durabilit\u00e9.<\/p>\n<p data-start=\"1011\" data-end=\"1152\">Avec un <strong data-start=\"1019\" data-end=\"1043\">\u00e9paisseur de la lame de 2 mm<\/strong> et un <strong data-start=\"1051\" data-end=\"1077\">angle de coupe de 18 degr\u00e9s<\/strong> cette lame santo offre une performance de coupe professionnelle avec une r\u00e9sistance minimale.<\/p>\n<h3 data-start=\"1154\" data-end=\"1178\">Forg\u00e9 \u00e0 la main et unique<\/h3>\n<p data-start=\"1180\" data-end=\"1397\">Chaque couteau Katai santo est <strong data-start=\"1207\" data-end=\"1239\">enti\u00e8rement forg\u00e9 \u00e0 la main<\/strong>, Il n'y a donc pas deux couteaux identiques. Ce processus artisanal garantit non seulement une qualit\u00e9 sup\u00e9rieure, mais aussi un aspect unique et distinctif.<\/p>\n<h3 data-start=\"1399\" data-end=\"1430\">Emballage de luxe et garantie<\/h3>\n<p data-start=\"1432\" data-end=\"1646\">Le couteau est livr\u00e9 dans un <strong data-start=\"1462\" data-end=\"1484\">coffret de luxe en bois<\/strong>, Le couteau Katai santo est id\u00e9al pour \u00eatre offert ou conserv\u00e9 en toute s\u00e9curit\u00e9. En outre, le couteau Katai santo pr\u00e9sente les caract\u00e9ristiques suivantes <strong data-start=\"1575\" data-end=\"1595\">Garantie de 10 ans<\/strong>, qui souligne sa qualit\u00e9 et sa fiabilit\u00e9.<\/p>\n<blockquote data-start=\"1648\" data-end=\"1747\">\n<p data-start=\"1650\" data-end=\"1747\">En plus de la version 18 cm, ce couteau santo est \u00e9galement disponible dans une version plus large. <strong data-start=\"1718\" data-end=\"1746\">variante plus compacte de 14 cm<\/strong>.<\/p>\n<\/blockquote>\n<hr data-start=\"1749\" data-end=\"1752\" \/>\n<h3 data-start=\"1754\" data-end=\"1804\">Pourquoi choisir le couteau Katai Santo 18 cm ?<\/h3>\n<ul data-start=\"1806\" data-end=\"2114\">\n<li data-start=\"1806\" data-end=\"1838\">\n<p data-start=\"1808\" data-end=\"1838\">Authentique couteau japonais santo<\/p>\n<\/li>\n<li data-start=\"1839\" data-end=\"1895\">\n<p data-start=\"1841\" data-end=\"1895\">Convient pour trancher, hacher et d\u00e9couper en d\u00e9s<\/p>\n<\/li>\n<li data-start=\"1896\" data-end=\"1922\">\n<p data-start=\"1898\" data-end=\"1922\">Longueur de la lame : 18 cm<\/p>\n<\/li>\n<li data-start=\"1923\" data-end=\"1956\">\n<p data-start=\"1925\" data-end=\"1956\">Fabriqu\u00e9 en acier japonais VG10<\/p>\n<\/li>\n<li data-start=\"1957\" data-end=\"1981\">\n<p data-start=\"1959\" data-end=\"1981\">60 Duret\u00e9 Rockwell<\/p>\n<\/li>\n<li data-start=\"1982\" data-end=\"2006\">\n<p data-start=\"1984\" data-end=\"2006\">Epaisseur de la lame : 2 mm<\/p>\n<\/li>\n<li data-start=\"2007\" data-end=\"2033\">\n<p data-start=\"2009\" data-end=\"2033\">Angle de coupe de 18 degr\u00e9s<\/p>\n<\/li>\n<li data-start=\"2034\" data-end=\"2058\">\n<p data-start=\"2036\" data-end=\"2058\">Forg\u00e9 \u00e0 la main et unique<\/p>\n<\/li>\n<li data-start=\"2059\" data-end=\"2093\">\n<p data-start=\"2061\" data-end=\"2093\">Livr\u00e9 dans une bo\u00eete en bois de luxe<\/p>\n<\/li>\n<li data-start=\"2094\" data-end=\"2114\">\n<p data-start=\"2096\" data-end=\"2114\">Garantie de 10 ans<\/p>\n<\/li>\n<\/ul>\n<p data-start=\"2116\" data-end=\"2332\" data-is-last-node=\"\" data-is-only-node=\"\">Avec la <strong data-start=\"2124\" data-end=\"2150\">Couteau Katai santo 18 cm<\/strong> vous obtenez un couteau de cuisine professionnel qui excelle en termes de tranchant, de durabilit\u00e9 et de savoir-faire japonais. Un choix parfait pour le cuisinier amateur et le professionnel exigeant.<\/p>","protected":false},"excerpt":{"rendered":"<p>Katai Santokumes 18 cm \u2013 Japans Vakmanschap voor Elke Snijtaak Het Katai santokumes 18 cm is een veelzijdig en hoogwaardig keukenmes, ge\u00efnspireerd op de traditionele Japanse snijtechnieken. De naam Santoku betekent letterlijk drie deugden: snijden, hakken en in blokjes verdelen. Precies in deze drie disciplines blinkt dit mes uit, waardoor het een onmisbaar hulpmiddel is [&hellip;]<\/p>\n","protected":false},"featured_media":93468,"comment_status":"open","ping_status":"closed","template":"","meta":{"_acf_changed":false},"product_brand":[],"product_cat":[15,1448],"product_tag":[],"class_list":{"0":"post-93467","1":"product","2":"type-product","3":"status-publish","4":"has-post-thumbnail","6":"product_cat-forged-messen","7":"product_cat-uitverkoop","9":"first","10":"instock","11":"sale","12":"taxable","13":"shipping-taxable","14":"purchasable","15":"product-type-simple"},"acf":[],"yoast_head":"<!-- This site is optimized with the Yoast SEO plugin v27.3 - https:\/\/yoast.com\/product\/yoast-seo-wordpress\/ -->\n<title>Katai santoku 18 cm &#8211; Bula Outdoor<\/title>\n<meta name=\"robots\" content=\"index, follow, max-snippet:-1, max-image-preview:large, max-video-preview:-1\" \/>\n<link rel=\"canonical\" href=\"https:\/\/bulaoutdoor.nl\/fr\/produit\/katai-santoku-18-cm\/\" \/>\n<meta property=\"og:locale\" content=\"fr_FR\" \/>\n<meta property=\"og:type\" content=\"article\" \/>\n<meta property=\"og:title\" content=\"Katai santoku 18 cm &#8211; Bula Outdoor\" \/>\n<meta property=\"og:description\" content=\"Katai Santokumes 18 cm \u2013 Japans Vakmanschap voor Elke Snijtaak Het Katai santokumes 18 cm is een veelzijdig en hoogwaardig keukenmes, ge\u00efnspireerd op de traditionele Japanse snijtechnieken. De naam Santoku betekent letterlijk drie deugden: snijden, hakken en in blokjes verdelen. Precies in deze drie disciplines blinkt dit mes uit, waardoor het een onmisbaar hulpmiddel is [&hellip;]\" \/>\n<meta property=\"og:url\" content=\"https:\/\/bulaoutdoor.nl\/fr\/produit\/katai-santoku-18-cm\/\" \/>\n<meta property=\"og:site_name\" content=\"Bula Outdoor\" \/>\n<meta property=\"article:modified_time\" content=\"2026-02-16T20:44:10+00:00\" \/>\n<meta property=\"og:image\" content=\"https:\/\/bulaoutdoor.nl\/wp-content\/uploads\/2026\/02\/Katai-santoku.jpg\" \/>\n\t<meta property=\"og:image:width\" content=\"550\" \/>\n\t<meta property=\"og:image:height\" content=\"393\" \/>\n\t<meta property=\"og:image:type\" content=\"image\/jpeg\" \/>\n<meta name=\"twitter:card\" content=\"summary_large_image\" \/>\n<meta name=\"twitter:label1\" content=\"Dur\u00e9e de lecture estim\u00e9e\" \/>\n\t<meta name=\"twitter:data1\" content=\"2 minutes\" \/>\n<script type=\"application\/ld+json\" class=\"yoast-schema-graph\">{\"@context\":\"https:\\\/\\\/schema.org\",\"@graph\":[{\"@type\":\"WebPage\",\"@id\":\"https:\\\/\\\/bulaoutdoor.nl\\\/product\\\/katai-santoku-18-cm\\\/\",\"url\":\"https:\\\/\\\/bulaoutdoor.nl\\\/product\\\/katai-santoku-18-cm\\\/\",\"name\":\"Katai santoku 18 cm &#8211; Bula Outdoor\",\"isPartOf\":{\"@id\":\"https:\\\/\\\/bulaoutdoor.nl\\\/#website\"},\"primaryImageOfPage\":{\"@id\":\"https:\\\/\\\/bulaoutdoor.nl\\\/product\\\/katai-santoku-18-cm\\\/#primaryimage\"},\"image\":{\"@id\":\"https:\\\/\\\/bulaoutdoor.nl\\\/product\\\/katai-santoku-18-cm\\\/#primaryimage\"},\"thumbnailUrl\":\"https:\\\/\\\/bulaoutdoor.nl\\\/wp-content\\\/uploads\\\/2026\\\/02\\\/Katai-santoku.jpg\",\"datePublished\":\"2026-02-16T16:04:14+00:00\",\"dateModified\":\"2026-02-16T20:44:10+00:00\",\"breadcrumb\":{\"@id\":\"https:\\\/\\\/bulaoutdoor.nl\\\/product\\\/katai-santoku-18-cm\\\/#breadcrumb\"},\"inLanguage\":\"fr-FR\",\"potentialAction\":[{\"@type\":\"ReadAction\",\"target\":[\"https:\\\/\\\/bulaoutdoor.nl\\\/product\\\/katai-santoku-18-cm\\\/\"]}]},{\"@type\":\"ImageObject\",\"inLanguage\":\"fr-FR\",\"@id\":\"https:\\\/\\\/bulaoutdoor.nl\\\/product\\\/katai-santoku-18-cm\\\/#primaryimage\",\"url\":\"https:\\\/\\\/bulaoutdoor.nl\\\/wp-content\\\/uploads\\\/2026\\\/02\\\/Katai-santoku.jpg\",\"contentUrl\":\"https:\\\/\\\/bulaoutdoor.nl\\\/wp-content\\\/uploads\\\/2026\\\/02\\\/Katai-santoku.jpg\",\"width\":550,\"height\":393},{\"@type\":\"BreadcrumbList\",\"@id\":\"https:\\\/\\\/bulaoutdoor.nl\\\/product\\\/katai-santoku-18-cm\\\/#breadcrumb\",\"itemListElement\":[{\"@type\":\"ListItem\",\"position\":1,\"name\":\"Home\",\"item\":\"https:\\\/\\\/bulaoutdoor.nl\\\/\"},{\"@type\":\"ListItem\",\"position\":2,\"name\":\"Online BBQ kopen\",\"item\":\"https:\\\/\\\/bulaoutdoor.nl\\\/\"},{\"@type\":\"ListItem\",\"position\":3,\"name\":\"Katai santoku 18 cm\"}]},{\"@type\":\"WebSite\",\"@id\":\"https:\\\/\\\/bulaoutdoor.nl\\\/#website\",\"url\":\"https:\\\/\\\/bulaoutdoor.nl\\\/\",\"name\":\"Bula Outdoor\",\"description\":\"Voor uw buitenhaard, BBQ, tuinfakkel en houtoven\",\"publisher\":{\"@id\":\"https:\\\/\\\/bulaoutdoor.nl\\\/#organization\"},\"potentialAction\":[{\"@type\":\"SearchAction\",\"target\":{\"@type\":\"EntryPoint\",\"urlTemplate\":\"https:\\\/\\\/bulaoutdoor.nl\\\/?s={search_term_string}\"},\"query-input\":{\"@type\":\"PropertyValueSpecification\",\"valueRequired\":true,\"valueName\":\"search_term_string\"}}],\"inLanguage\":\"fr-FR\"},{\"@type\":\"Organization\",\"@id\":\"https:\\\/\\\/bulaoutdoor.nl\\\/#organization\",\"name\":\"Bula Outdoor\",\"url\":\"https:\\\/\\\/bulaoutdoor.nl\\\/\",\"logo\":{\"@type\":\"ImageObject\",\"inLanguage\":\"fr-FR\",\"@id\":\"https:\\\/\\\/bulaoutdoor.nl\\\/#\\\/schema\\\/logo\\\/image\\\/\",\"url\":\"https:\\\/\\\/www.bulaoutdoor.nl\\\/wp-content\\\/uploads\\\/2018\\\/04\\\/bulaoutdoor-logo.png\",\"contentUrl\":\"https:\\\/\\\/www.bulaoutdoor.nl\\\/wp-content\\\/uploads\\\/2018\\\/04\\\/bulaoutdoor-logo.png\",\"width\":324,\"height\":91,\"caption\":\"Bula Outdoor\"},\"image\":{\"@id\":\"https:\\\/\\\/bulaoutdoor.nl\\\/#\\\/schema\\\/logo\\\/image\\\/\"}}]}<\/script>\n<!-- \/ Yoast SEO plugin. -->","yoast_head_json":{"title":"Katai santoku 18 cm - Bula Outdoor","robots":{"index":"index","follow":"follow","max-snippet":"max-snippet:-1","max-image-preview":"max-image-preview:large","max-video-preview":"max-video-preview:-1"},"canonical":"https:\/\/bulaoutdoor.nl\/fr\/produit\/katai-santoku-18-cm\/","og_locale":"fr_FR","og_type":"article","og_title":"Katai santoku 18 cm &#8211; Bula Outdoor","og_description":"Katai Santokumes 18 cm \u2013 Japans Vakmanschap voor Elke Snijtaak Het Katai santokumes 18 cm is een veelzijdig en hoogwaardig keukenmes, ge\u00efnspireerd op de traditionele Japanse snijtechnieken. De naam Santoku betekent letterlijk drie deugden: snijden, hakken en in blokjes verdelen. Precies in deze drie disciplines blinkt dit mes uit, waardoor het een onmisbaar hulpmiddel is [&hellip;]","og_url":"https:\/\/bulaoutdoor.nl\/fr\/produit\/katai-santoku-18-cm\/","og_site_name":"Bula Outdoor","article_modified_time":"2026-02-16T20:44:10+00:00","og_image":[{"width":550,"height":393,"url":"https:\/\/bulaoutdoor.nl\/wp-content\/uploads\/2026\/02\/Katai-santoku.jpg","type":"image\/jpeg"}],"twitter_card":"summary_large_image","twitter_misc":{"Dur\u00e9e de lecture estim\u00e9e":"2 minutes"},"schema":{"@context":"https:\/\/schema.org","@graph":[{"@type":"WebPage","@id":"https:\/\/bulaoutdoor.nl\/product\/katai-santoku-18-cm\/","url":"https:\/\/bulaoutdoor.nl\/product\/katai-santoku-18-cm\/","name":"Katai santoku 18 cm - Bula Outdoor","isPartOf":{"@id":"https:\/\/bulaoutdoor.nl\/#website"},"primaryImageOfPage":{"@id":"https:\/\/bulaoutdoor.nl\/product\/katai-santoku-18-cm\/#primaryimage"},"image":{"@id":"https:\/\/bulaoutdoor.nl\/product\/katai-santoku-18-cm\/#primaryimage"},"thumbnailUrl":"https:\/\/bulaoutdoor.nl\/wp-content\/uploads\/2026\/02\/Katai-santoku.jpg","datePublished":"2026-02-16T16:04:14+00:00","dateModified":"2026-02-16T20:44:10+00:00","breadcrumb":{"@id":"https:\/\/bulaoutdoor.nl\/product\/katai-santoku-18-cm\/#breadcrumb"},"inLanguage":"fr-FR","potentialAction":[{"@type":"ReadAction","target":["https:\/\/bulaoutdoor.nl\/product\/katai-santoku-18-cm\/"]}]},{"@type":"ImageObject","inLanguage":"fr-FR","@id":"https:\/\/bulaoutdoor.nl\/product\/katai-santoku-18-cm\/#primaryimage","url":"https:\/\/bulaoutdoor.nl\/wp-content\/uploads\/2026\/02\/Katai-santoku.jpg","contentUrl":"https:\/\/bulaoutdoor.nl\/wp-content\/uploads\/2026\/02\/Katai-santoku.jpg","width":550,"height":393},{"@type":"BreadcrumbList","@id":"https:\/\/bulaoutdoor.nl\/product\/katai-santoku-18-cm\/#breadcrumb","itemListElement":[{"@type":"ListItem","position":1,"name":"Home","item":"https:\/\/bulaoutdoor.nl\/"},{"@type":"ListItem","position":2,"name":"Online BBQ kopen","item":"https:\/\/bulaoutdoor.nl\/"},{"@type":"ListItem","position":3,"name":"Katai santoku 18 cm"}]},{"@type":"WebSite","@id":"https:\/\/bulaoutdoor.nl\/#website","url":"https:\/\/bulaoutdoor.nl\/","name":"Bula Outdoor","description":"Pour votre chemin\u00e9e ext\u00e9rieure, votre barbecue, votre torche de jardin et votre four \u00e0 bois","publisher":{"@id":"https:\/\/bulaoutdoor.nl\/#organization"},"potentialAction":[{"@type":"SearchAction","target":{"@type":"EntryPoint","urlTemplate":"https:\/\/bulaoutdoor.nl\/?s={search_term_string}"},"query-input":{"@type":"PropertyValueSpecification","valueRequired":true,"valueName":"search_term_string"}}],"inLanguage":"fr-FR"},{"@type":"Organization","@id":"https:\/\/bulaoutdoor.nl\/#organization","name":"Bula Outdoor","url":"https:\/\/bulaoutdoor.nl\/","logo":{"@type":"ImageObject","inLanguage":"fr-FR","@id":"https:\/\/bulaoutdoor.nl\/#\/schema\/logo\/image\/","url":"https:\/\/www.bulaoutdoor.nl\/wp-content\/uploads\/2018\/04\/bulaoutdoor-logo.png","contentUrl":"https:\/\/www.bulaoutdoor.nl\/wp-content\/uploads\/2018\/04\/bulaoutdoor-logo.png","width":324,"height":91,"caption":"Bula Outdoor"},"image":{"@id":"https:\/\/bulaoutdoor.nl\/#\/schema\/logo\/image\/"}}]}},"jetpack_sharing_enabled":true,"_links":{"self":[{"href":"https:\/\/bulaoutdoor.nl\/fr\/wp-json\/wp\/v2\/product\/93467","targetHints":{"allow":["GET"]}}],"collection":[{"href":"https:\/\/bulaoutdoor.nl\/fr\/wp-json\/wp\/v2\/product"}],"about":[{"href":"https:\/\/bulaoutdoor.nl\/fr\/wp-json\/wp\/v2\/types\/product"}],"replies":[{"embeddable":true,"href":"https:\/\/bulaoutdoor.nl\/fr\/wp-json\/wp\/v2\/comments?post=93467"}],"wp:featuredmedia":[{"embeddable":true,"href":"https:\/\/bulaoutdoor.nl\/fr\/wp-json\/wp\/v2\/media\/93468"}],"wp:attachment":[{"href":"https:\/\/bulaoutdoor.nl\/fr\/wp-json\/wp\/v2\/media?parent=93467"}],"wp:term":[{"taxonomy":"product_brand","embeddable":true,"href":"https:\/\/bulaoutdoor.nl\/fr\/wp-json\/wp\/v2\/product_brand?post=93467"},{"taxonomy":"product_cat","embeddable":true,"href":"https:\/\/bulaoutdoor.nl\/fr\/wp-json\/wp\/v2\/product_cat?post=93467"},{"taxonomy":"product_tag","embeddable":true,"href":"https:\/\/bulaoutdoor.nl\/fr\/wp-json\/wp\/v2\/product_tag?post=93467"}],"curies":[{"name":"wp","href":"https:\/\/api.w.org\/{rel}","templated":true}]}}