{"id":93476,"date":"2026-02-16T16:19:56","date_gmt":"2026-02-16T16:19:56","guid":{"rendered":"https:\/\/bulaoutdoor.nl\/?post_type=product&#038;p=93476"},"modified":"2026-02-16T20:44:10","modified_gmt":"2026-02-16T20:44:10","slug":"couteau-a-desosser-forge-vg10","status":"publish","type":"product","link":"https:\/\/bulaoutdoor.nl\/fr\/product\/forged-vg10-uitbeenmes\/","title":{"rendered":"Couteau \u00e0 d\u00e9sosser VG10 forg\u00e9"},"content":{"rendered":"<h2 data-start=\"0\" data-end=\"72\">Couteau \u00e0 d\u00e9sosser VG10 forg\u00e9 - Pr\u00e9cision et solidit\u00e9 pour la viande et la volaille<\/h2>\n<p data-start=\"74\" data-end=\"326\">Les <strong data-start=\"78\" data-end=\"104\">Couteau \u00e0 d\u00e9sosser VG10 forg\u00e9<\/strong> est le couteau de cuisine id\u00e9al pour retirer sans effort les os de la viande et de la volaille. La lame fine et tranchante permet une coupe pr\u00e9cise, ce qui vous permet de travailler avec pr\u00e9cision sans gaspiller de viande.<\/p>\n<p data-start=\"74\" data-end=\"326\">L'emballage est l\u00e9g\u00e8rement endommag\u00e9, mais le reste est 100% et neuf avec une garantie de 10 ans.<\/p>\n<h3 data-start=\"328\" data-end=\"377\">Acier japonais VG10 de haute qualit\u00e9 - 60 Rockwell<\/h3>\n<p data-start=\"379\" data-end=\"644\">Ce couteau \u00e0 d\u00e9sosser est fabriqu\u00e9 en <strong data-start=\"413\" data-end=\"434\">Acier japonais VG10<\/strong>, Un acier de premi\u00e8re qualit\u00e9 connu pour son tranchant exceptionnel, sa durabilit\u00e9 et sa r\u00e9sistance \u00e0 l'usure. Avec une duret\u00e9 de <strong data-start=\"560\" data-end=\"575\">60 Rockwell<\/strong> la lame reste longtemps aiguis\u00e9e comme un rasoir, m\u00eame en cas d'utilisation intensive.<\/p>\n<h3 data-start=\"646\" data-end=\"675\">Artisanat forg\u00e9 \u00e0 la main<\/h3>\n<p data-start=\"677\" data-end=\"895\">Chaque couteau Forg\u00e9 VG10 est <strong data-start=\"703\" data-end=\"726\">forg\u00e9 \u00e0 la main<\/strong>, Il n'y a donc pas deux couteaux identiques. Ce proc\u00e9d\u00e9 artisanal conf\u00e8re au couteau \u00e0 d\u00e9sosser un aspect unique, mais garantit \u00e9galement une qualit\u00e9 et une pr\u00e9cision optimales.<\/p>\n<h3 data-start=\"897\" data-end=\"926\">Performance de coupe optimale<\/h3>\n<p data-start=\"928\" data-end=\"1179\">Avec un <strong data-start=\"936\" data-end=\"960\">\u00e9paisseur de la lame de 2 mm<\/strong> et un <strong data-start=\"968\" data-end=\"994\">angle de coupe de 18 degr\u00e9s<\/strong> ce couteau offre un maximum de contr\u00f4le et de pr\u00e9cision dans toutes les t\u00e2ches de d\u00e9coupe. Son design fin le rend id\u00e9al pour les t\u00e2ches d\u00e9licates telles que le d\u00e9sossage du poulet, de la dinde ou du b\u0153uf.<\/p>\n<h3 data-start=\"1181\" data-end=\"1222\">Emballage de luxe et garantie de 10 ans<\/h3>\n<p data-start=\"1224\" data-end=\"1450\">Le couteau \u00e0 d\u00e9sosser Forged VG10 est pr\u00e9sent\u00e9 dans une bo\u00eete en carton. <strong data-start=\"1273\" data-end=\"1295\">coffret de luxe en bois<\/strong>, Il est parfait pour le stockage ou comme cadeau \u00e9l\u00e9gant. En outre, vous appr\u00e9cierez <strong data-start=\"1365\" data-end=\"1385\">Garantie de 10 ans<\/strong>, Ce qui souligne la qualit\u00e9 et la fiabilit\u00e9 de ce couteau.<\/p>\n<hr data-start=\"1452\" data-end=\"1455\" \/>\n<h3 data-start=\"1457\" data-end=\"1509\">Pourquoi choisir le couteau \u00e0 d\u00e9sosser VG10 forg\u00e9 ?<\/h3>\n<ul data-start=\"1511\" data-end=\"1841\">\n<li data-start=\"1511\" data-end=\"1562\">\n<p data-start=\"1513\" data-end=\"1562\">Id\u00e9al pour d\u00e9sosser la viande et la volaille<\/p>\n<\/li>\n<li data-start=\"1563\" data-end=\"1603\">\n<p data-start=\"1565\" data-end=\"1603\">Lame mince pour une coupe pr\u00e9cise<\/p>\n<\/li>\n<li data-start=\"1604\" data-end=\"1637\">\n<p data-start=\"1606\" data-end=\"1637\">Fabriqu\u00e9 en acier japonais VG10<\/p>\n<\/li>\n<li data-start=\"1638\" data-end=\"1691\">\n<p data-start=\"1640\" data-end=\"1691\">Duret\u00e9 de 60 Rockwell pour un tranchant durable<\/p>\n<\/li>\n<li data-start=\"1692\" data-end=\"1716\">\n<p data-start=\"1694\" data-end=\"1716\">Epaisseur de la lame : 2 mm<\/p>\n<\/li>\n<li data-start=\"1717\" data-end=\"1743\">\n<p data-start=\"1719\" data-end=\"1743\">Angle de coupe de 18 degr\u00e9s<\/p>\n<\/li>\n<li data-start=\"1744\" data-end=\"1775\">\n<p data-start=\"1746\" data-end=\"1775\">Forg\u00e9 \u00e0 la main et conception unique<\/p>\n<\/li>\n<li data-start=\"1776\" data-end=\"1820\">\n<p data-start=\"1778\" data-end=\"1820\">Coffret de luxe en bois pour le stockage ou le cadeau<\/p>\n<\/li>\n<li data-start=\"1821\" data-end=\"1841\">\n<p data-start=\"1823\" data-end=\"1841\">Garantie de 10 ans<\/p>\n<\/li>\n<\/ul>\n<p data-start=\"1843\" data-end=\"1994\" data-is-last-node=\"\" data-is-only-node=\"\">Avec la <strong data-start=\"1851\" data-end=\"1877\">Couteau \u00e0 d\u00e9sosser VG10 forg\u00e9<\/strong> Travailler efficacement, avec pr\u00e9cision et professionnalisme dans la cuisine - un couteau indispensable pour tout cuisinier ou chef cuisinier s\u00e9rieux.<\/p>","protected":false},"excerpt":{"rendered":"<p>Forged VG10 Uitbeenmes \u2013 Precisie en Kracht voor Vlees en Gevogelte Het Forged VG10 uitbeenmes is het perfecte keukenmes voor het moeiteloos verwijderen van botten uit vlees en gevogelte. Het slanke en scherpe lemmet maakt nauwkeurig snijden mogelijk, zodat je precies te werk kunt gaan zonder vlees te verspillen. De verpakking heeft een kleine schade, [&hellip;]<\/p>\n","protected":false},"featured_media":93477,"comment_status":"open","ping_status":"closed","template":"","meta":{"_acf_changed":false},"product_brand":[],"product_cat":[15,1448],"product_tag":[],"class_list":{"0":"post-93476","1":"product","2":"type-product","3":"status-publish","4":"has-post-thumbnail","6":"product_cat-forged-messen","7":"product_cat-uitverkoop","9":"first","10":"instock","11":"sale","12":"taxable","13":"shipping-taxable","14":"purchasable","15":"product-type-simple"},"acf":[],"yoast_head":"<!-- This site is optimized with the Yoast SEO plugin v27.3 - https:\/\/yoast.com\/product\/yoast-seo-wordpress\/ -->\n<title>Forged VG10 uitbeenmes &#8211; Bula Outdoor<\/title>\n<meta name=\"robots\" content=\"index, follow, max-snippet:-1, max-image-preview:large, max-video-preview:-1\" \/>\n<link rel=\"canonical\" href=\"https:\/\/bulaoutdoor.nl\/fr\/produit\/couteau-a-desosser-forge-vg10\/\" \/>\n<meta property=\"og:locale\" content=\"fr_FR\" \/>\n<meta property=\"og:type\" content=\"article\" \/>\n<meta property=\"og:title\" content=\"Forged VG10 uitbeenmes &#8211; Bula Outdoor\" \/>\n<meta property=\"og:description\" content=\"Forged VG10 Uitbeenmes \u2013 Precisie en Kracht voor Vlees en Gevogelte Het Forged VG10 uitbeenmes is het perfecte keukenmes voor het moeiteloos verwijderen van botten uit vlees en gevogelte. Het slanke en scherpe lemmet maakt nauwkeurig snijden mogelijk, zodat je precies te werk kunt gaan zonder vlees te verspillen. De verpakking heeft een kleine schade, [&hellip;]\" \/>\n<meta property=\"og:url\" content=\"https:\/\/bulaoutdoor.nl\/fr\/produit\/couteau-a-desosser-forge-vg10\/\" \/>\n<meta property=\"og:site_name\" content=\"Bula Outdoor\" \/>\n<meta property=\"article:modified_time\" content=\"2026-02-16T20:44:10+00:00\" \/>\n<meta property=\"og:image\" content=\"https:\/\/bulaoutdoor.nl\/wp-content\/uploads\/2026\/02\/VG10-uitbeenmes.jpg\" \/>\n\t<meta property=\"og:image:width\" content=\"550\" \/>\n\t<meta property=\"og:image:height\" content=\"423\" \/>\n\t<meta property=\"og:image:type\" content=\"image\/jpeg\" \/>\n<meta name=\"twitter:card\" content=\"summary_large_image\" \/>\n<meta name=\"twitter:label1\" content=\"Dur\u00e9e de lecture estim\u00e9e\" \/>\n\t<meta name=\"twitter:data1\" content=\"2 minutes\" \/>\n<script type=\"application\/ld+json\" class=\"yoast-schema-graph\">{\"@context\":\"https:\\\/\\\/schema.org\",\"@graph\":[{\"@type\":\"WebPage\",\"@id\":\"https:\\\/\\\/bulaoutdoor.nl\\\/product\\\/forged-vg10-uitbeenmes\\\/\",\"url\":\"https:\\\/\\\/bulaoutdoor.nl\\\/product\\\/forged-vg10-uitbeenmes\\\/\",\"name\":\"Forged VG10 uitbeenmes &#8211; Bula Outdoor\",\"isPartOf\":{\"@id\":\"https:\\\/\\\/bulaoutdoor.nl\\\/#website\"},\"primaryImageOfPage\":{\"@id\":\"https:\\\/\\\/bulaoutdoor.nl\\\/product\\\/forged-vg10-uitbeenmes\\\/#primaryimage\"},\"image\":{\"@id\":\"https:\\\/\\\/bulaoutdoor.nl\\\/product\\\/forged-vg10-uitbeenmes\\\/#primaryimage\"},\"thumbnailUrl\":\"https:\\\/\\\/bulaoutdoor.nl\\\/wp-content\\\/uploads\\\/2026\\\/02\\\/VG10-uitbeenmes.jpg\",\"datePublished\":\"2026-02-16T16:19:56+00:00\",\"dateModified\":\"2026-02-16T20:44:10+00:00\",\"breadcrumb\":{\"@id\":\"https:\\\/\\\/bulaoutdoor.nl\\\/product\\\/forged-vg10-uitbeenmes\\\/#breadcrumb\"},\"inLanguage\":\"fr-FR\",\"potentialAction\":[{\"@type\":\"ReadAction\",\"target\":[\"https:\\\/\\\/bulaoutdoor.nl\\\/product\\\/forged-vg10-uitbeenmes\\\/\"]}]},{\"@type\":\"ImageObject\",\"inLanguage\":\"fr-FR\",\"@id\":\"https:\\\/\\\/bulaoutdoor.nl\\\/product\\\/forged-vg10-uitbeenmes\\\/#primaryimage\",\"url\":\"https:\\\/\\\/bulaoutdoor.nl\\\/wp-content\\\/uploads\\\/2026\\\/02\\\/VG10-uitbeenmes.jpg\",\"contentUrl\":\"https:\\\/\\\/bulaoutdoor.nl\\\/wp-content\\\/uploads\\\/2026\\\/02\\\/VG10-uitbeenmes.jpg\",\"width\":550,\"height\":423},{\"@type\":\"BreadcrumbList\",\"@id\":\"https:\\\/\\\/bulaoutdoor.nl\\\/product\\\/forged-vg10-uitbeenmes\\\/#breadcrumb\",\"itemListElement\":[{\"@type\":\"ListItem\",\"position\":1,\"name\":\"Home\",\"item\":\"https:\\\/\\\/bulaoutdoor.nl\\\/\"},{\"@type\":\"ListItem\",\"position\":2,\"name\":\"Online BBQ kopen\",\"item\":\"https:\\\/\\\/bulaoutdoor.nl\\\/\"},{\"@type\":\"ListItem\",\"position\":3,\"name\":\"Forged VG10 uitbeenmes\"}]},{\"@type\":\"WebSite\",\"@id\":\"https:\\\/\\\/bulaoutdoor.nl\\\/#website\",\"url\":\"https:\\\/\\\/bulaoutdoor.nl\\\/\",\"name\":\"Bula Outdoor\",\"description\":\"Voor uw buitenhaard, BBQ, tuinfakkel en houtoven\",\"publisher\":{\"@id\":\"https:\\\/\\\/bulaoutdoor.nl\\\/#organization\"},\"potentialAction\":[{\"@type\":\"SearchAction\",\"target\":{\"@type\":\"EntryPoint\",\"urlTemplate\":\"https:\\\/\\\/bulaoutdoor.nl\\\/?s={search_term_string}\"},\"query-input\":{\"@type\":\"PropertyValueSpecification\",\"valueRequired\":true,\"valueName\":\"search_term_string\"}}],\"inLanguage\":\"fr-FR\"},{\"@type\":\"Organization\",\"@id\":\"https:\\\/\\\/bulaoutdoor.nl\\\/#organization\",\"name\":\"Bula Outdoor\",\"url\":\"https:\\\/\\\/bulaoutdoor.nl\\\/\",\"logo\":{\"@type\":\"ImageObject\",\"inLanguage\":\"fr-FR\",\"@id\":\"https:\\\/\\\/bulaoutdoor.nl\\\/#\\\/schema\\\/logo\\\/image\\\/\",\"url\":\"https:\\\/\\\/www.bulaoutdoor.nl\\\/wp-content\\\/uploads\\\/2018\\\/04\\\/bulaoutdoor-logo.png\",\"contentUrl\":\"https:\\\/\\\/www.bulaoutdoor.nl\\\/wp-content\\\/uploads\\\/2018\\\/04\\\/bulaoutdoor-logo.png\",\"width\":324,\"height\":91,\"caption\":\"Bula Outdoor\"},\"image\":{\"@id\":\"https:\\\/\\\/bulaoutdoor.nl\\\/#\\\/schema\\\/logo\\\/image\\\/\"}}]}<\/script>\n<!-- \/ Yoast SEO plugin. -->","yoast_head_json":{"title":"Couteau \u00e0 d\u00e9sosser VG10 forg\u00e9 - Bula Outdoor","robots":{"index":"index","follow":"follow","max-snippet":"max-snippet:-1","max-image-preview":"max-image-preview:large","max-video-preview":"max-video-preview:-1"},"canonical":"https:\/\/bulaoutdoor.nl\/fr\/produit\/couteau-a-desosser-forge-vg10\/","og_locale":"fr_FR","og_type":"article","og_title":"Forged VG10 uitbeenmes &#8211; Bula Outdoor","og_description":"Forged VG10 Uitbeenmes \u2013 Precisie en Kracht voor Vlees en Gevogelte Het Forged VG10 uitbeenmes is het perfecte keukenmes voor het moeiteloos verwijderen van botten uit vlees en gevogelte. Het slanke en scherpe lemmet maakt nauwkeurig snijden mogelijk, zodat je precies te werk kunt gaan zonder vlees te verspillen. De verpakking heeft een kleine schade, [&hellip;]","og_url":"https:\/\/bulaoutdoor.nl\/fr\/produit\/couteau-a-desosser-forge-vg10\/","og_site_name":"Bula Outdoor","article_modified_time":"2026-02-16T20:44:10+00:00","og_image":[{"width":550,"height":423,"url":"https:\/\/bulaoutdoor.nl\/wp-content\/uploads\/2026\/02\/VG10-uitbeenmes.jpg","type":"image\/jpeg"}],"twitter_card":"summary_large_image","twitter_misc":{"Dur\u00e9e de lecture estim\u00e9e":"2 minutes"},"schema":{"@context":"https:\/\/schema.org","@graph":[{"@type":"WebPage","@id":"https:\/\/bulaoutdoor.nl\/product\/forged-vg10-uitbeenmes\/","url":"https:\/\/bulaoutdoor.nl\/product\/forged-vg10-uitbeenmes\/","name":"Couteau \u00e0 d\u00e9sosser VG10 forg\u00e9 - Bula Outdoor","isPartOf":{"@id":"https:\/\/bulaoutdoor.nl\/#website"},"primaryImageOfPage":{"@id":"https:\/\/bulaoutdoor.nl\/product\/forged-vg10-uitbeenmes\/#primaryimage"},"image":{"@id":"https:\/\/bulaoutdoor.nl\/product\/forged-vg10-uitbeenmes\/#primaryimage"},"thumbnailUrl":"https:\/\/bulaoutdoor.nl\/wp-content\/uploads\/2026\/02\/VG10-uitbeenmes.jpg","datePublished":"2026-02-16T16:19:56+00:00","dateModified":"2026-02-16T20:44:10+00:00","breadcrumb":{"@id":"https:\/\/bulaoutdoor.nl\/product\/forged-vg10-uitbeenmes\/#breadcrumb"},"inLanguage":"fr-FR","potentialAction":[{"@type":"ReadAction","target":["https:\/\/bulaoutdoor.nl\/product\/forged-vg10-uitbeenmes\/"]}]},{"@type":"ImageObject","inLanguage":"fr-FR","@id":"https:\/\/bulaoutdoor.nl\/product\/forged-vg10-uitbeenmes\/#primaryimage","url":"https:\/\/bulaoutdoor.nl\/wp-content\/uploads\/2026\/02\/VG10-uitbeenmes.jpg","contentUrl":"https:\/\/bulaoutdoor.nl\/wp-content\/uploads\/2026\/02\/VG10-uitbeenmes.jpg","width":550,"height":423},{"@type":"BreadcrumbList","@id":"https:\/\/bulaoutdoor.nl\/product\/forged-vg10-uitbeenmes\/#breadcrumb","itemListElement":[{"@type":"ListItem","position":1,"name":"Home","item":"https:\/\/bulaoutdoor.nl\/"},{"@type":"ListItem","position":2,"name":"Online BBQ kopen","item":"https:\/\/bulaoutdoor.nl\/"},{"@type":"ListItem","position":3,"name":"Forged VG10 uitbeenmes"}]},{"@type":"WebSite","@id":"https:\/\/bulaoutdoor.nl\/#website","url":"https:\/\/bulaoutdoor.nl\/","name":"Bula Outdoor","description":"Pour votre chemin\u00e9e ext\u00e9rieure, votre barbecue, votre torche de jardin et votre four \u00e0 bois","publisher":{"@id":"https:\/\/bulaoutdoor.nl\/#organization"},"potentialAction":[{"@type":"SearchAction","target":{"@type":"EntryPoint","urlTemplate":"https:\/\/bulaoutdoor.nl\/?s={search_term_string}"},"query-input":{"@type":"PropertyValueSpecification","valueRequired":true,"valueName":"search_term_string"}}],"inLanguage":"fr-FR"},{"@type":"Organization","@id":"https:\/\/bulaoutdoor.nl\/#organization","name":"Bula Outdoor","url":"https:\/\/bulaoutdoor.nl\/","logo":{"@type":"ImageObject","inLanguage":"fr-FR","@id":"https:\/\/bulaoutdoor.nl\/#\/schema\/logo\/image\/","url":"https:\/\/www.bulaoutdoor.nl\/wp-content\/uploads\/2018\/04\/bulaoutdoor-logo.png","contentUrl":"https:\/\/www.bulaoutdoor.nl\/wp-content\/uploads\/2018\/04\/bulaoutdoor-logo.png","width":324,"height":91,"caption":"Bula Outdoor"},"image":{"@id":"https:\/\/bulaoutdoor.nl\/#\/schema\/logo\/image\/"}}]}},"jetpack_sharing_enabled":true,"_links":{"self":[{"href":"https:\/\/bulaoutdoor.nl\/fr\/wp-json\/wp\/v2\/product\/93476","targetHints":{"allow":["GET"]}}],"collection":[{"href":"https:\/\/bulaoutdoor.nl\/fr\/wp-json\/wp\/v2\/product"}],"about":[{"href":"https:\/\/bulaoutdoor.nl\/fr\/wp-json\/wp\/v2\/types\/product"}],"replies":[{"embeddable":true,"href":"https:\/\/bulaoutdoor.nl\/fr\/wp-json\/wp\/v2\/comments?post=93476"}],"wp:featuredmedia":[{"embeddable":true,"href":"https:\/\/bulaoutdoor.nl\/fr\/wp-json\/wp\/v2\/media\/93477"}],"wp:attachment":[{"href":"https:\/\/bulaoutdoor.nl\/fr\/wp-json\/wp\/v2\/media?parent=93476"}],"wp:term":[{"taxonomy":"product_brand","embeddable":true,"href":"https:\/\/bulaoutdoor.nl\/fr\/wp-json\/wp\/v2\/product_brand?post=93476"},{"taxonomy":"product_cat","embeddable":true,"href":"https:\/\/bulaoutdoor.nl\/fr\/wp-json\/wp\/v2\/product_cat?post=93476"},{"taxonomy":"product_tag","embeddable":true,"href":"https:\/\/bulaoutdoor.nl\/fr\/wp-json\/wp\/v2\/product_tag?post=93476"}],"curies":[{"name":"wp","href":"https:\/\/api.w.org\/{rel}","templated":true}]}}