{"id":93570,"date":"2026-02-17T11:55:52","date_gmt":"2026-02-17T11:55:52","guid":{"rendered":"https:\/\/bulaoutdoor.nl\/?post_type=product&#038;p=93570"},"modified":"2026-02-17T12:40:15","modified_gmt":"2026-02-17T12:40:15","slug":"recettes-de-bbq-sur-le-kamado","status":"publish","type":"product","link":"https:\/\/bulaoutdoor.nl\/fr\/product\/bbq-recepten-voor-op-de-kamado\/","title":{"rendered":"Recettes de barbecue sur le kamado"},"content":{"rendered":"<p data-start=\"0\" data-end=\"78\"><strong data-start=\"0\" data-end=\"78\">Recettes de barbecue sur le kamado - plus de 100 plats de Julius Jaspers<\/strong><\/p>\n<p data-start=\"0\" data-end=\"78\"><a href=\"https:\/\/www.carreraculinair.nl\/boek\/101\/julius-jaspers-bbq-recepten-voor-op-een-kamado.html\" target=\"_blank\" rel=\"noopener\">Exemplaire d'aper\u00e7u<\/a><\/p>\n<p data-start=\"80\" data-end=\"407\">Vous \u00eates \u00e0 la recherche d'une source d'inspiration <strong data-start=\"113\" data-end=\"147\">Recettes de barbecue sur le kamado<\/strong>? Dans ce livre complet sur le barbecue, vous d\u00e9couvrirez plus de 100 recettes savoureuses sp\u00e9cialement \u00e9labor\u00e9es pour le kamado. Ce barbecue en c\u00e9ramique avec couvercle fonctionne comme un four, vous permettant de contr\u00f4ler parfaitement la temp\u00e9rature et de varier \u00e0 l'infini les techniques de cuisson.<\/p>\n<p data-start=\"409\" data-end=\"853\">Le kamado est id\u00e9al pour <strong data-start=\"435\" data-end=\"477\">mijoter, griller, cuire au four et cuire \u00e0 la vapeur<\/strong>. Gr\u00e2ce \u00e0 son excellente circulation de la chaleur et \u00e0 son isolation, vous pr\u00e9parerez sans effort du porc effiloch\u00e9, des steaks juteux, des pizzas croustillantes et m\u00eame des desserts. En <em data-start=\"622\" data-end=\"655\">Recettes de barbecue sur un kamado<\/em> prend <span class=\"hover:entity-accent entity-underline inline cursor-pointer align-baseline\"><span class=\"whitespace-normal\">Julius Jaspers<\/span><\/span> vous guide pas \u00e0 pas \u00e0 travers toutes les techniques. De l'allumage de votre kamado \u00e0 la ma\u00eetrise de la chaleur indirecte et des techniques de fumage : tout est couvert.<\/p>\n<p data-start=\"855\" data-end=\"1171\">Avec des explications claires, des conseils pratiques et des combinaisons de saveurs surprenantes, ce livre s'adresse aussi bien aux d\u00e9butants qu'aux ma\u00eetres du gril exp\u00e9riment\u00e9s. Vous apprendrez non seulement \u00e0 pr\u00e9parer des recettes, mais aussi \u00e0 contr\u00f4ler la temp\u00e9rature, \u00e0 utiliser le bois de fum\u00e9e et \u00e0 tirer le meilleur parti de votre barbecue en c\u00e9ramique.<\/p>\n<p data-start=\"1173\" data-end=\"1299\"><em data-start=\"1173\" data-end=\"1206\">Recettes de barbecue sur un kamado<\/em> est paru le 21 mai 2021 et est devenu un guide indispensable pour tout amateur de barbecue.<\/p>\n<p data-start=\"1301\" data-end=\"1454\" data-is-last-node=\"\" data-is-only-node=\"\">Vous voulez tirer le meilleur parti de votre kamado et impressionner lors de votre prochain barbecue ? Ce livre est la source d'inspiration pour cuisiner en plein air tout au long de l'ann\u00e9e.<\/p>","protected":false},"excerpt":{"rendered":"<p>BBQ recepten voor op de kamado \u2013 meer dan 100 gerechten van Julius Jaspers Inkijk exemplaar Ben je op zoek naar inspirerende BBQ recepten voor op de kamado? In dit complete barbecueboek ontdek je meer dan 100 smaakvolle recepten speciaal ontwikkeld voor de kamado. Deze keramische BBQ met deksel werkt als een oven, waardoor je [&hellip;]<\/p>\n","protected":false},"featured_media":93577,"comment_status":"open","ping_status":"closed","template":"","meta":{"_acf_changed":false},"product_brand":[],"product_cat":[32,1448],"product_tag":[1449],"class_list":{"0":"post-93570","1":"product","2":"type-product","3":"status-publish","4":"has-post-thumbnail","6":"product_cat-kookboeken-en-kookgerei","7":"product_cat-uitverkoop","8":"product_tag-bbq-recepten","10":"first","11":"instock","12":"sale","13":"taxable","14":"shipping-taxable","15":"purchasable","16":"product-type-simple"},"acf":[],"yoast_head":"<!-- This site is optimized with the Yoast SEO plugin v27.3 - https:\/\/yoast.com\/product\/yoast-seo-wordpress\/ -->\n<title>BBQ recepten voor op de kamado &#8211; Bula Outdoor<\/title>\n<meta name=\"robots\" content=\"index, follow, max-snippet:-1, max-image-preview:large, max-video-preview:-1\" \/>\n<link rel=\"canonical\" href=\"https:\/\/bulaoutdoor.nl\/fr\/produit\/recettes-de-bbq-sur-le-kamado\/\" \/>\n<meta property=\"og:locale\" content=\"fr_FR\" \/>\n<meta property=\"og:type\" content=\"article\" \/>\n<meta property=\"og:title\" content=\"BBQ recepten voor op de kamado &#8211; Bula Outdoor\" \/>\n<meta property=\"og:description\" content=\"BBQ recepten voor op de kamado \u2013 meer dan 100 gerechten van Julius Jaspers Inkijk exemplaar Ben je op zoek naar inspirerende BBQ recepten voor op de kamado? In dit complete barbecueboek ontdek je meer dan 100 smaakvolle recepten speciaal ontwikkeld voor de kamado. Deze keramische BBQ met deksel werkt als een oven, waardoor je [&hellip;]\" \/>\n<meta property=\"og:url\" content=\"https:\/\/bulaoutdoor.nl\/fr\/produit\/recettes-de-bbq-sur-le-kamado\/\" \/>\n<meta property=\"og:site_name\" content=\"Bula Outdoor\" \/>\n<meta property=\"article:modified_time\" content=\"2026-02-17T12:40:15+00:00\" \/>\n<meta property=\"og:image\" content=\"https:\/\/bulaoutdoor.nl\/wp-content\/uploads\/2026\/02\/Kamado-BBQ.jpg\" \/>\n\t<meta property=\"og:image:width\" content=\"550\" \/>\n\t<meta property=\"og:image:height\" content=\"741\" \/>\n\t<meta property=\"og:image:type\" content=\"image\/jpeg\" \/>\n<meta name=\"twitter:card\" content=\"summary_large_image\" \/>\n<meta name=\"twitter:label1\" content=\"Dur\u00e9e de lecture estim\u00e9e\" \/>\n\t<meta name=\"twitter:data1\" content=\"2 minutes\" \/>\n<script type=\"application\/ld+json\" class=\"yoast-schema-graph\">{\"@context\":\"https:\\\/\\\/schema.org\",\"@graph\":[{\"@type\":\"WebPage\",\"@id\":\"https:\\\/\\\/bulaoutdoor.nl\\\/product\\\/bbq-recepten-voor-op-de-kamado\\\/\",\"url\":\"https:\\\/\\\/bulaoutdoor.nl\\\/product\\\/bbq-recepten-voor-op-de-kamado\\\/\",\"name\":\"BBQ recepten voor op de kamado &#8211; Bula Outdoor\",\"isPartOf\":{\"@id\":\"https:\\\/\\\/bulaoutdoor.nl\\\/#website\"},\"primaryImageOfPage\":{\"@id\":\"https:\\\/\\\/bulaoutdoor.nl\\\/product\\\/bbq-recepten-voor-op-de-kamado\\\/#primaryimage\"},\"image\":{\"@id\":\"https:\\\/\\\/bulaoutdoor.nl\\\/product\\\/bbq-recepten-voor-op-de-kamado\\\/#primaryimage\"},\"thumbnailUrl\":\"https:\\\/\\\/bulaoutdoor.nl\\\/wp-content\\\/uploads\\\/2026\\\/02\\\/Kamado-BBQ.jpg\",\"datePublished\":\"2026-02-17T11:55:52+00:00\",\"dateModified\":\"2026-02-17T12:40:15+00:00\",\"breadcrumb\":{\"@id\":\"https:\\\/\\\/bulaoutdoor.nl\\\/product\\\/bbq-recepten-voor-op-de-kamado\\\/#breadcrumb\"},\"inLanguage\":\"fr-FR\",\"potentialAction\":[{\"@type\":\"ReadAction\",\"target\":[\"https:\\\/\\\/bulaoutdoor.nl\\\/product\\\/bbq-recepten-voor-op-de-kamado\\\/\"]}]},{\"@type\":\"ImageObject\",\"inLanguage\":\"fr-FR\",\"@id\":\"https:\\\/\\\/bulaoutdoor.nl\\\/product\\\/bbq-recepten-voor-op-de-kamado\\\/#primaryimage\",\"url\":\"https:\\\/\\\/bulaoutdoor.nl\\\/wp-content\\\/uploads\\\/2026\\\/02\\\/Kamado-BBQ.jpg\",\"contentUrl\":\"https:\\\/\\\/bulaoutdoor.nl\\\/wp-content\\\/uploads\\\/2026\\\/02\\\/Kamado-BBQ.jpg\",\"width\":550,\"height\":741},{\"@type\":\"BreadcrumbList\",\"@id\":\"https:\\\/\\\/bulaoutdoor.nl\\\/product\\\/bbq-recepten-voor-op-de-kamado\\\/#breadcrumb\",\"itemListElement\":[{\"@type\":\"ListItem\",\"position\":1,\"name\":\"Home\",\"item\":\"https:\\\/\\\/bulaoutdoor.nl\\\/\"},{\"@type\":\"ListItem\",\"position\":2,\"name\":\"Online BBQ kopen\",\"item\":\"https:\\\/\\\/bulaoutdoor.nl\\\/\"},{\"@type\":\"ListItem\",\"position\":3,\"name\":\"BBQ recepten voor op de kamado\"}]},{\"@type\":\"WebSite\",\"@id\":\"https:\\\/\\\/bulaoutdoor.nl\\\/#website\",\"url\":\"https:\\\/\\\/bulaoutdoor.nl\\\/\",\"name\":\"Bula Outdoor\",\"description\":\"Voor uw buitenhaard, BBQ, tuinfakkel en houtoven\",\"publisher\":{\"@id\":\"https:\\\/\\\/bulaoutdoor.nl\\\/#organization\"},\"potentialAction\":[{\"@type\":\"SearchAction\",\"target\":{\"@type\":\"EntryPoint\",\"urlTemplate\":\"https:\\\/\\\/bulaoutdoor.nl\\\/?s={search_term_string}\"},\"query-input\":{\"@type\":\"PropertyValueSpecification\",\"valueRequired\":true,\"valueName\":\"search_term_string\"}}],\"inLanguage\":\"fr-FR\"},{\"@type\":\"Organization\",\"@id\":\"https:\\\/\\\/bulaoutdoor.nl\\\/#organization\",\"name\":\"Bula Outdoor\",\"url\":\"https:\\\/\\\/bulaoutdoor.nl\\\/\",\"logo\":{\"@type\":\"ImageObject\",\"inLanguage\":\"fr-FR\",\"@id\":\"https:\\\/\\\/bulaoutdoor.nl\\\/#\\\/schema\\\/logo\\\/image\\\/\",\"url\":\"https:\\\/\\\/www.bulaoutdoor.nl\\\/wp-content\\\/uploads\\\/2018\\\/04\\\/bulaoutdoor-logo.png\",\"contentUrl\":\"https:\\\/\\\/www.bulaoutdoor.nl\\\/wp-content\\\/uploads\\\/2018\\\/04\\\/bulaoutdoor-logo.png\",\"width\":324,\"height\":91,\"caption\":\"Bula Outdoor\"},\"image\":{\"@id\":\"https:\\\/\\\/bulaoutdoor.nl\\\/#\\\/schema\\\/logo\\\/image\\\/\"}}]}<\/script>\n<!-- \/ Yoast SEO plugin. -->","yoast_head_json":{"title":"Recettes de barbecue pour le kamado - Bula Outdoors","robots":{"index":"index","follow":"follow","max-snippet":"max-snippet:-1","max-image-preview":"max-image-preview:large","max-video-preview":"max-video-preview:-1"},"canonical":"https:\/\/bulaoutdoor.nl\/fr\/produit\/recettes-de-bbq-sur-le-kamado\/","og_locale":"fr_FR","og_type":"article","og_title":"BBQ recepten voor op de kamado &#8211; Bula Outdoor","og_description":"BBQ recepten voor op de kamado \u2013 meer dan 100 gerechten van Julius Jaspers Inkijk exemplaar Ben je op zoek naar inspirerende BBQ recepten voor op de kamado? In dit complete barbecueboek ontdek je meer dan 100 smaakvolle recepten speciaal ontwikkeld voor de kamado. Deze keramische BBQ met deksel werkt als een oven, waardoor je [&hellip;]","og_url":"https:\/\/bulaoutdoor.nl\/fr\/produit\/recettes-de-bbq-sur-le-kamado\/","og_site_name":"Bula Outdoor","article_modified_time":"2026-02-17T12:40:15+00:00","og_image":[{"width":550,"height":741,"url":"https:\/\/bulaoutdoor.nl\/wp-content\/uploads\/2026\/02\/Kamado-BBQ.jpg","type":"image\/jpeg"}],"twitter_card":"summary_large_image","twitter_misc":{"Dur\u00e9e de lecture estim\u00e9e":"2 minutes"},"schema":{"@context":"https:\/\/schema.org","@graph":[{"@type":"WebPage","@id":"https:\/\/bulaoutdoor.nl\/product\/bbq-recepten-voor-op-de-kamado\/","url":"https:\/\/bulaoutdoor.nl\/product\/bbq-recepten-voor-op-de-kamado\/","name":"Recettes de barbecue pour le kamado - Bula Outdoors","isPartOf":{"@id":"https:\/\/bulaoutdoor.nl\/#website"},"primaryImageOfPage":{"@id":"https:\/\/bulaoutdoor.nl\/product\/bbq-recepten-voor-op-de-kamado\/#primaryimage"},"image":{"@id":"https:\/\/bulaoutdoor.nl\/product\/bbq-recepten-voor-op-de-kamado\/#primaryimage"},"thumbnailUrl":"https:\/\/bulaoutdoor.nl\/wp-content\/uploads\/2026\/02\/Kamado-BBQ.jpg","datePublished":"2026-02-17T11:55:52+00:00","dateModified":"2026-02-17T12:40:15+00:00","breadcrumb":{"@id":"https:\/\/bulaoutdoor.nl\/product\/bbq-recepten-voor-op-de-kamado\/#breadcrumb"},"inLanguage":"fr-FR","potentialAction":[{"@type":"ReadAction","target":["https:\/\/bulaoutdoor.nl\/product\/bbq-recepten-voor-op-de-kamado\/"]}]},{"@type":"ImageObject","inLanguage":"fr-FR","@id":"https:\/\/bulaoutdoor.nl\/product\/bbq-recepten-voor-op-de-kamado\/#primaryimage","url":"https:\/\/bulaoutdoor.nl\/wp-content\/uploads\/2026\/02\/Kamado-BBQ.jpg","contentUrl":"https:\/\/bulaoutdoor.nl\/wp-content\/uploads\/2026\/02\/Kamado-BBQ.jpg","width":550,"height":741},{"@type":"BreadcrumbList","@id":"https:\/\/bulaoutdoor.nl\/product\/bbq-recepten-voor-op-de-kamado\/#breadcrumb","itemListElement":[{"@type":"ListItem","position":1,"name":"Home","item":"https:\/\/bulaoutdoor.nl\/"},{"@type":"ListItem","position":2,"name":"Online BBQ kopen","item":"https:\/\/bulaoutdoor.nl\/"},{"@type":"ListItem","position":3,"name":"BBQ recepten voor op de kamado"}]},{"@type":"WebSite","@id":"https:\/\/bulaoutdoor.nl\/#website","url":"https:\/\/bulaoutdoor.nl\/","name":"Bula Outdoor","description":"Pour votre chemin\u00e9e ext\u00e9rieure, votre barbecue, votre torche de jardin et votre four \u00e0 bois","publisher":{"@id":"https:\/\/bulaoutdoor.nl\/#organization"},"potentialAction":[{"@type":"SearchAction","target":{"@type":"EntryPoint","urlTemplate":"https:\/\/bulaoutdoor.nl\/?s={search_term_string}"},"query-input":{"@type":"PropertyValueSpecification","valueRequired":true,"valueName":"search_term_string"}}],"inLanguage":"fr-FR"},{"@type":"Organization","@id":"https:\/\/bulaoutdoor.nl\/#organization","name":"Bula Outdoor","url":"https:\/\/bulaoutdoor.nl\/","logo":{"@type":"ImageObject","inLanguage":"fr-FR","@id":"https:\/\/bulaoutdoor.nl\/#\/schema\/logo\/image\/","url":"https:\/\/www.bulaoutdoor.nl\/wp-content\/uploads\/2018\/04\/bulaoutdoor-logo.png","contentUrl":"https:\/\/www.bulaoutdoor.nl\/wp-content\/uploads\/2018\/04\/bulaoutdoor-logo.png","width":324,"height":91,"caption":"Bula Outdoor"},"image":{"@id":"https:\/\/bulaoutdoor.nl\/#\/schema\/logo\/image\/"}}]}},"jetpack_sharing_enabled":true,"_links":{"self":[{"href":"https:\/\/bulaoutdoor.nl\/fr\/wp-json\/wp\/v2\/product\/93570","targetHints":{"allow":["GET"]}}],"collection":[{"href":"https:\/\/bulaoutdoor.nl\/fr\/wp-json\/wp\/v2\/product"}],"about":[{"href":"https:\/\/bulaoutdoor.nl\/fr\/wp-json\/wp\/v2\/types\/product"}],"replies":[{"embeddable":true,"href":"https:\/\/bulaoutdoor.nl\/fr\/wp-json\/wp\/v2\/comments?post=93570"}],"wp:featuredmedia":[{"embeddable":true,"href":"https:\/\/bulaoutdoor.nl\/fr\/wp-json\/wp\/v2\/media\/93577"}],"wp:attachment":[{"href":"https:\/\/bulaoutdoor.nl\/fr\/wp-json\/wp\/v2\/media?parent=93570"}],"wp:term":[{"taxonomy":"product_brand","embeddable":true,"href":"https:\/\/bulaoutdoor.nl\/fr\/wp-json\/wp\/v2\/product_brand?post=93570"},{"taxonomy":"product_cat","embeddable":true,"href":"https:\/\/bulaoutdoor.nl\/fr\/wp-json\/wp\/v2\/product_cat?post=93570"},{"taxonomy":"product_tag","embeddable":true,"href":"https:\/\/bulaoutdoor.nl\/fr\/wp-json\/wp\/v2\/product_tag?post=93570"}],"curies":[{"name":"wp","href":"https:\/\/api.w.org\/{rel}","templated":true}]}}