{"id":93579,"date":"2026-02-17T12:05:15","date_gmt":"2026-02-17T12:05:15","guid":{"rendered":"https:\/\/bulaoutdoor.nl\/?post_type=product&#038;p=93579"},"modified":"2026-02-17T12:40:05","modified_gmt":"2026-02-17T12:40:05","slug":"bible-du-pain","status":"publish","type":"product","link":"https:\/\/bulaoutdoor.nl\/fr\/product\/broodbijbel\/","title":{"rendered":"Bible du pain"},"content":{"rendered":"<p data-start=\"0\" data-end=\"72\"><strong data-start=\"0\" data-end=\"72\">Hiljo Hillebrand - Ma\u00eetre boulanger et expert en pain artisanal<\/strong><\/p>\n<p data-start=\"74\" data-end=\"401\">Hiljo Hillebrand, qui a grandi dans le secteur de la boulangerie, fait partie des meilleurs boulangers des Pays-Bas. Il a obtenu la plus haute distinction possible au sein de la profession : le titre de \"boulanger\". <span class=\"hover:entity-accent entity-underline inline cursor-pointer align-baseline\"><span class=\"whitespace-normal\">Ma\u00eetre Boulanger<\/span><\/span>. Cette reconnaissance prestigieuse r\u00e9compense un savoir-faire exceptionnel, l'innovation et la perfection dans le domaine du pain et des p\u00e2tisseries.<\/p>\n<p data-start=\"403\" data-end=\"783\"><a href=\"https:\/\/www.carreraculinair.nl\/boek\/1081\/hiljo-hillebrand-broodbijbel.html\" target=\"_blank\" rel=\"noopener\">sp\u00e9cimen<\/a><\/p>\n<p data-start=\"403\" data-end=\"783\">Gr\u00e2ce \u00e0 sa passion profonde pour la boulangerie traditionnelle et \u00e0 des ann\u00e9es d'exp\u00e9rience pratique, Hiljo Hillebrand est devenu une autorit\u00e9 en mati\u00e8re de pain \u00e0 p\u00e2te, de types de pain authentiques et de techniques de boulangerie de haute qualit\u00e9. Il conna\u00eet les ficelles du m\u00e9tier et sait mieux que quiconque comment cr\u00e9er une cro\u00fbte parfaite, une structure de mie a\u00e9r\u00e9e et des saveurs riches et authentiques.<\/p>\n<p data-start=\"785\" data-end=\"1127\">Sa vision de l'artisanat boulanger allie tradition et innovation. Gr\u00e2ce \u00e0 des processus de fermentation pr\u00e9cis, des ingr\u00e9dients de haute qualit\u00e9 et des techniques de cuisson optimales, il porte le pain \u00e0 un niveau sup\u00e9rieur. Qu'il s'agisse de pains rustiques d\u00e9soss\u00e9s, de baguettes croustillantes ou de sp\u00e9cialit\u00e9s raffin\u00e9es, la qualit\u00e9 et le go\u00fbt sont toujours au centre de ses pr\u00e9occupations.<\/p>\n<p data-start=\"1129\" data-end=\"1261\" data-is-last-node=\"\" data-is-only-node=\"\">Les personnes \u00e0 la recherche d'inspiration, de savoir-faire et de qualit\u00e9 sup\u00e9rieure en mati\u00e8re de pain artisanal trouveront en Hiljo Hillebrand un v\u00e9ritable ma\u00eetre du m\u00e9tier.<\/p>","protected":false},"excerpt":{"rendered":"<p>Hiljo Hillebrand \u2013 Meester Boulanger en expert in ambachtelijk brood Hiljo Hillebrand, opgegroeid in de bakkerij, behoort tot de absolute top van het Nederlandse bakkersambacht. Hij behaalde de hoogst haalbare onderscheiding binnen het vak: de titel Meester Boulanger. Deze prestigieuze erkenning staat voor uitzonderlijke vakkennis, innovatie en perfectie in brood en banket. inkijk exemplaar Met [&hellip;]<\/p>\n","protected":false},"featured_media":93573,"comment_status":"open","ping_status":"closed","template":"","meta":{"_acf_changed":false},"product_brand":[],"product_cat":[32,1448],"product_tag":[],"class_list":{"0":"post-93579","1":"product","2":"type-product","3":"status-publish","4":"has-post-thumbnail","6":"product_cat-kookboeken-en-kookgerei","7":"product_cat-uitverkoop","9":"first","10":"instock","11":"sale","12":"taxable","13":"shipping-taxable","14":"purchasable","15":"product-type-simple"},"acf":[],"yoast_head":"<!-- This site is optimized with the Yoast SEO plugin v27.4 - https:\/\/yoast.com\/product\/yoast-seo-wordpress\/ -->\n<title>Broodbijbel &#8211; Bula Outdoor<\/title>\n<meta name=\"robots\" content=\"index, follow, max-snippet:-1, max-image-preview:large, max-video-preview:-1\" \/>\n<link rel=\"canonical\" href=\"https:\/\/bulaoutdoor.nl\/fr\/produit\/bible-du-pain\/\" \/>\n<meta property=\"og:locale\" content=\"fr_FR\" \/>\n<meta property=\"og:type\" content=\"article\" \/>\n<meta property=\"og:title\" content=\"Broodbijbel &#8211; Bula Outdoor\" \/>\n<meta property=\"og:description\" content=\"Hiljo Hillebrand \u2013 Meester Boulanger en expert in ambachtelijk brood Hiljo Hillebrand, opgegroeid in de bakkerij, behoort tot de absolute top van het Nederlandse bakkersambacht. Hij behaalde de hoogst haalbare onderscheiding binnen het vak: de titel Meester Boulanger. Deze prestigieuze erkenning staat voor uitzonderlijke vakkennis, innovatie en perfectie in brood en banket. inkijk exemplaar Met [&hellip;]\" \/>\n<meta property=\"og:url\" content=\"https:\/\/bulaoutdoor.nl\/fr\/produit\/bible-du-pain\/\" \/>\n<meta property=\"og:site_name\" content=\"Bula Outdoor\" \/>\n<meta property=\"article:modified_time\" content=\"2026-02-17T12:40:05+00:00\" \/>\n<meta property=\"og:image\" content=\"https:\/\/bulaoutdoor.nl\/wp-content\/uploads\/2026\/02\/Broodbijbel.jpg\" \/>\n\t<meta property=\"og:image:width\" content=\"550\" \/>\n\t<meta property=\"og:image:height\" content=\"550\" \/>\n\t<meta property=\"og:image:type\" content=\"image\/jpeg\" \/>\n<meta name=\"twitter:card\" content=\"summary_large_image\" \/>\n<meta name=\"twitter:label1\" content=\"Dur\u00e9e de lecture estim\u00e9e\" \/>\n\t<meta name=\"twitter:data1\" content=\"2 minutes\" \/>\n<script type=\"application\/ld+json\" class=\"yoast-schema-graph\">{\"@context\":\"https:\\\/\\\/schema.org\",\"@graph\":[{\"@type\":\"WebPage\",\"@id\":\"https:\\\/\\\/bulaoutdoor.nl\\\/product\\\/broodbijbel\\\/\",\"url\":\"https:\\\/\\\/bulaoutdoor.nl\\\/product\\\/broodbijbel\\\/\",\"name\":\"Broodbijbel &#8211; Bula Outdoor\",\"isPartOf\":{\"@id\":\"https:\\\/\\\/bulaoutdoor.nl\\\/#website\"},\"primaryImageOfPage\":{\"@id\":\"https:\\\/\\\/bulaoutdoor.nl\\\/product\\\/broodbijbel\\\/#primaryimage\"},\"image\":{\"@id\":\"https:\\\/\\\/bulaoutdoor.nl\\\/product\\\/broodbijbel\\\/#primaryimage\"},\"thumbnailUrl\":\"https:\\\/\\\/bulaoutdoor.nl\\\/wp-content\\\/uploads\\\/2026\\\/02\\\/Broodbijbel.jpg\",\"datePublished\":\"2026-02-17T12:05:15+00:00\",\"dateModified\":\"2026-02-17T12:40:05+00:00\",\"breadcrumb\":{\"@id\":\"https:\\\/\\\/bulaoutdoor.nl\\\/product\\\/broodbijbel\\\/#breadcrumb\"},\"inLanguage\":\"fr-FR\",\"potentialAction\":[{\"@type\":\"ReadAction\",\"target\":[\"https:\\\/\\\/bulaoutdoor.nl\\\/product\\\/broodbijbel\\\/\"]}]},{\"@type\":\"ImageObject\",\"inLanguage\":\"fr-FR\",\"@id\":\"https:\\\/\\\/bulaoutdoor.nl\\\/product\\\/broodbijbel\\\/#primaryimage\",\"url\":\"https:\\\/\\\/bulaoutdoor.nl\\\/wp-content\\\/uploads\\\/2026\\\/02\\\/Broodbijbel.jpg\",\"contentUrl\":\"https:\\\/\\\/bulaoutdoor.nl\\\/wp-content\\\/uploads\\\/2026\\\/02\\\/Broodbijbel.jpg\",\"width\":550,\"height\":550},{\"@type\":\"BreadcrumbList\",\"@id\":\"https:\\\/\\\/bulaoutdoor.nl\\\/product\\\/broodbijbel\\\/#breadcrumb\",\"itemListElement\":[{\"@type\":\"ListItem\",\"position\":1,\"name\":\"Home\",\"item\":\"https:\\\/\\\/bulaoutdoor.nl\\\/\"},{\"@type\":\"ListItem\",\"position\":2,\"name\":\"Online BBQ kopen\",\"item\":\"https:\\\/\\\/bulaoutdoor.nl\\\/\"},{\"@type\":\"ListItem\",\"position\":3,\"name\":\"Broodbijbel\"}]},{\"@type\":\"WebSite\",\"@id\":\"https:\\\/\\\/bulaoutdoor.nl\\\/#website\",\"url\":\"https:\\\/\\\/bulaoutdoor.nl\\\/\",\"name\":\"Bula Outdoor\",\"description\":\"Voor uw buitenhaard, BBQ, tuinfakkel en houtoven\",\"publisher\":{\"@id\":\"https:\\\/\\\/bulaoutdoor.nl\\\/#organization\"},\"potentialAction\":[{\"@type\":\"SearchAction\",\"target\":{\"@type\":\"EntryPoint\",\"urlTemplate\":\"https:\\\/\\\/bulaoutdoor.nl\\\/?s={search_term_string}\"},\"query-input\":{\"@type\":\"PropertyValueSpecification\",\"valueRequired\":true,\"valueName\":\"search_term_string\"}}],\"inLanguage\":\"fr-FR\"},{\"@type\":\"Organization\",\"@id\":\"https:\\\/\\\/bulaoutdoor.nl\\\/#organization\",\"name\":\"Bula Outdoor\",\"url\":\"https:\\\/\\\/bulaoutdoor.nl\\\/\",\"logo\":{\"@type\":\"ImageObject\",\"inLanguage\":\"fr-FR\",\"@id\":\"https:\\\/\\\/bulaoutdoor.nl\\\/#\\\/schema\\\/logo\\\/image\\\/\",\"url\":\"https:\\\/\\\/www.bulaoutdoor.nl\\\/wp-content\\\/uploads\\\/2018\\\/04\\\/bulaoutdoor-logo.png\",\"contentUrl\":\"https:\\\/\\\/www.bulaoutdoor.nl\\\/wp-content\\\/uploads\\\/2018\\\/04\\\/bulaoutdoor-logo.png\",\"width\":324,\"height\":91,\"caption\":\"Bula Outdoor\"},\"image\":{\"@id\":\"https:\\\/\\\/bulaoutdoor.nl\\\/#\\\/schema\\\/logo\\\/image\\\/\"}}]}<\/script>\n<!-- \/ Yoast SEO plugin. -->","yoast_head_json":{"title":"Bible du pain - Bula Outdoor","robots":{"index":"index","follow":"follow","max-snippet":"max-snippet:-1","max-image-preview":"max-image-preview:large","max-video-preview":"max-video-preview:-1"},"canonical":"https:\/\/bulaoutdoor.nl\/fr\/produit\/bible-du-pain\/","og_locale":"fr_FR","og_type":"article","og_title":"Broodbijbel &#8211; Bula Outdoor","og_description":"Hiljo Hillebrand \u2013 Meester Boulanger en expert in ambachtelijk brood Hiljo Hillebrand, opgegroeid in de bakkerij, behoort tot de absolute top van het Nederlandse bakkersambacht. Hij behaalde de hoogst haalbare onderscheiding binnen het vak: de titel Meester Boulanger. Deze prestigieuze erkenning staat voor uitzonderlijke vakkennis, innovatie en perfectie in brood en banket. inkijk exemplaar Met [&hellip;]","og_url":"https:\/\/bulaoutdoor.nl\/fr\/produit\/bible-du-pain\/","og_site_name":"Bula Outdoor","article_modified_time":"2026-02-17T12:40:05+00:00","og_image":[{"width":550,"height":550,"url":"https:\/\/bulaoutdoor.nl\/wp-content\/uploads\/2026\/02\/Broodbijbel.jpg","type":"image\/jpeg"}],"twitter_card":"summary_large_image","twitter_misc":{"Dur\u00e9e de lecture estim\u00e9e":"2 minutes"},"schema":{"@context":"https:\/\/schema.org","@graph":[{"@type":"WebPage","@id":"https:\/\/bulaoutdoor.nl\/product\/broodbijbel\/","url":"https:\/\/bulaoutdoor.nl\/product\/broodbijbel\/","name":"Bible du pain - Bula Outdoor","isPartOf":{"@id":"https:\/\/bulaoutdoor.nl\/#website"},"primaryImageOfPage":{"@id":"https:\/\/bulaoutdoor.nl\/product\/broodbijbel\/#primaryimage"},"image":{"@id":"https:\/\/bulaoutdoor.nl\/product\/broodbijbel\/#primaryimage"},"thumbnailUrl":"https:\/\/bulaoutdoor.nl\/wp-content\/uploads\/2026\/02\/Broodbijbel.jpg","datePublished":"2026-02-17T12:05:15+00:00","dateModified":"2026-02-17T12:40:05+00:00","breadcrumb":{"@id":"https:\/\/bulaoutdoor.nl\/product\/broodbijbel\/#breadcrumb"},"inLanguage":"fr-FR","potentialAction":[{"@type":"ReadAction","target":["https:\/\/bulaoutdoor.nl\/product\/broodbijbel\/"]}]},{"@type":"ImageObject","inLanguage":"fr-FR","@id":"https:\/\/bulaoutdoor.nl\/product\/broodbijbel\/#primaryimage","url":"https:\/\/bulaoutdoor.nl\/wp-content\/uploads\/2026\/02\/Broodbijbel.jpg","contentUrl":"https:\/\/bulaoutdoor.nl\/wp-content\/uploads\/2026\/02\/Broodbijbel.jpg","width":550,"height":550},{"@type":"BreadcrumbList","@id":"https:\/\/bulaoutdoor.nl\/product\/broodbijbel\/#breadcrumb","itemListElement":[{"@type":"ListItem","position":1,"name":"Home","item":"https:\/\/bulaoutdoor.nl\/"},{"@type":"ListItem","position":2,"name":"Online BBQ kopen","item":"https:\/\/bulaoutdoor.nl\/"},{"@type":"ListItem","position":3,"name":"Broodbijbel"}]},{"@type":"WebSite","@id":"https:\/\/bulaoutdoor.nl\/#website","url":"https:\/\/bulaoutdoor.nl\/","name":"Bula Outdoor","description":"Pour votre chemin\u00e9e ext\u00e9rieure, votre barbecue, votre torche de jardin et votre four \u00e0 bois","publisher":{"@id":"https:\/\/bulaoutdoor.nl\/#organization"},"potentialAction":[{"@type":"SearchAction","target":{"@type":"EntryPoint","urlTemplate":"https:\/\/bulaoutdoor.nl\/?s={search_term_string}"},"query-input":{"@type":"PropertyValueSpecification","valueRequired":true,"valueName":"search_term_string"}}],"inLanguage":"fr-FR"},{"@type":"Organization","@id":"https:\/\/bulaoutdoor.nl\/#organization","name":"Bula Outdoor","url":"https:\/\/bulaoutdoor.nl\/","logo":{"@type":"ImageObject","inLanguage":"fr-FR","@id":"https:\/\/bulaoutdoor.nl\/#\/schema\/logo\/image\/","url":"https:\/\/www.bulaoutdoor.nl\/wp-content\/uploads\/2018\/04\/bulaoutdoor-logo.png","contentUrl":"https:\/\/www.bulaoutdoor.nl\/wp-content\/uploads\/2018\/04\/bulaoutdoor-logo.png","width":324,"height":91,"caption":"Bula Outdoor"},"image":{"@id":"https:\/\/bulaoutdoor.nl\/#\/schema\/logo\/image\/"}}]}},"jetpack_sharing_enabled":true,"_links":{"self":[{"href":"https:\/\/bulaoutdoor.nl\/fr\/wp-json\/wp\/v2\/product\/93579","targetHints":{"allow":["GET"]}}],"collection":[{"href":"https:\/\/bulaoutdoor.nl\/fr\/wp-json\/wp\/v2\/product"}],"about":[{"href":"https:\/\/bulaoutdoor.nl\/fr\/wp-json\/wp\/v2\/types\/product"}],"replies":[{"embeddable":true,"href":"https:\/\/bulaoutdoor.nl\/fr\/wp-json\/wp\/v2\/comments?post=93579"}],"wp:featuredmedia":[{"embeddable":true,"href":"https:\/\/bulaoutdoor.nl\/fr\/wp-json\/wp\/v2\/media\/93573"}],"wp:attachment":[{"href":"https:\/\/bulaoutdoor.nl\/fr\/wp-json\/wp\/v2\/media?parent=93579"}],"wp:term":[{"taxonomy":"product_brand","embeddable":true,"href":"https:\/\/bulaoutdoor.nl\/fr\/wp-json\/wp\/v2\/product_brand?post=93579"},{"taxonomy":"product_cat","embeddable":true,"href":"https:\/\/bulaoutdoor.nl\/fr\/wp-json\/wp\/v2\/product_cat?post=93579"},{"taxonomy":"product_tag","embeddable":true,"href":"https:\/\/bulaoutdoor.nl\/fr\/wp-json\/wp\/v2\/product_tag?post=93579"}],"curies":[{"name":"wp","href":"https:\/\/api.w.org\/{rel}","templated":true}]}}