{"id":93581,"date":"2026-02-17T12:13:29","date_gmt":"2026-02-17T12:13:29","guid":{"rendered":"https:\/\/bulaoutdoor.nl\/?post_type=product&#038;p=93581"},"modified":"2026-02-17T12:39:41","modified_gmt":"2026-02-17T12:39:41","slug":"bible-des-pates","status":"publish","type":"product","link":"https:\/\/bulaoutdoor.nl\/fr\/product\/pastabijbel\/","title":{"rendered":"La bible des p\u00e2tes"},"content":{"rendered":"<p data-start=\"0\" data-end=\"84\"><strong data-start=\"0\" data-end=\"84\">Pasta Bible - plus de 130 recettes de p\u00e2tes authentiques dans le respect de la tradition italienne<\/strong><\/p>\n<p data-start=\"86\" data-end=\"486\">Vous cherchez le livre de recettes de p\u00e2tes par excellence ? En <em data-start=\"137\" data-end=\"176\"><span class=\"hover:entity-accent entity-underline inline cursor-pointer align-baseline\"><span class=\"whitespace-normal\">La bible des p\u00e2tes<\/span><\/span><\/em> vous d\u00e9couvrirez plus de 130 recettes de p\u00e2tes, des conseils pratiques et des instructions claires qui vous aideront \u00e0 d\u00e9couvrir les possibilit\u00e9s infinies des p\u00e2tes. L'auteur <span class=\"hover:entity-accent entity-underline inline cursor-pointer align-baseline\"><span class=\"whitespace-normal\">Roberta Pagnier<\/span><\/span> vous montre pas \u00e0 pas comment pr\u00e9parer vos propres p\u00e2tes fra\u00eeches et les sauces correspondantes, dans le respect de la tradition italienne.<\/p>\n<p data-start=\"488\" data-end=\"761\">Gr\u00e2ce \u00e0 des instructions claires et \u00e0 des photographies d\u00e9taill\u00e9es \u00e9tape par \u00e9tape, ce livre est id\u00e9al tant pour les novices que pour les cuisiniers exp\u00e9riment\u00e9s. Vous apprendrez tout sur les diff\u00e9rents types de p\u00e2tes, les techniques de p\u00e2te, les temps de cuisson et la fa\u00e7on de combiner parfaitement les sauces avec les p\u00e2tes appropri\u00e9es.<\/p>\n<p data-start=\"763\" data-end=\"1049\">Des classiques italiens tels que <span class=\"hover:entity-accent entity-underline inline cursor-pointer align-baseline\"><span class=\"whitespace-normal\">Spaghetti alla carbonara<\/span><\/span> et <span class=\"hover:entity-accent entity-underline inline cursor-pointer align-baseline\"><span class=\"whitespace-normal\">Spaghetti alle vongole<\/span><\/span> \u00e0 des plats r\u00e9gionaux moins connus tels que <span class=\"hover:entity-accent entity-underline inline cursor-pointer align-baseline\"><span class=\"whitespace-normal\">Pizzoccheri alla Valtellina<\/span><\/span> et <span class=\"hover:entity-accent entity-underline inline cursor-pointer align-baseline\"><span class=\"whitespace-normal\">Zite alla Sangiovanello<\/span><\/span>: <em data-start=\"996\" data-end=\"1009\">La bible des p\u00e2tes<\/em> offre une inspiration pour chaque occasion.<\/p>\n<p data-start=\"1051\" data-end=\"1261\" data-is-last-node=\"\" data-is-only-node=\"\">Cet ouvrage de r\u00e9f\u00e9rence complet est indispensable \u00e0 tous ceux qui souhaitent pr\u00e9parer d'authentiques p\u00e2tes italiennes et passer \u00e0 la vitesse sup\u00e9rieure en mati\u00e8re de cuisine. Avec <em data-start=\"1205\" data-end=\"1218\">La bible des p\u00e2tes<\/em> Faites entrer le vrai go\u00fbt de l'Italie dans votre maison.<\/p>","protected":false},"excerpt":{"rendered":"<p>Pastabijbel \u2013 meer dan 130 authentieke pastarecepten volgens Italiaanse traditie Ben je op zoek naar h\u00e9t ultieme pasta kookboek? In Pastabijbel ontdek je meer dan 130 pastarecepten, praktische tips en duidelijke aanwijzingen waarmee je de oneindige mogelijkheden van pasta leert kennen. Auteur Roberta Pagnier laat je stap voor stap zien hoe je zelf verse pasta [&hellip;]<\/p>\n","protected":false},"featured_media":93583,"comment_status":"open","ping_status":"closed","template":"","meta":{"_acf_changed":false},"product_brand":[],"product_cat":[32,1448],"product_tag":[1264,1450],"class_list":{"0":"post-93581","1":"product","2":"type-product","3":"status-publish","4":"has-post-thumbnail","6":"product_cat-kookboeken-en-kookgerei","7":"product_cat-uitverkoop","8":"product_tag-pasta","9":"product_tag-pastabijbel","11":"first","12":"instock","13":"sale","14":"taxable","15":"shipping-taxable","16":"purchasable","17":"product-type-simple"},"acf":[],"yoast_head":"<!-- This site is optimized with the Yoast SEO plugin v27.3 - https:\/\/yoast.com\/product\/yoast-seo-wordpress\/ -->\n<title>Pastabijbel &#8211; Bula Outdoor<\/title>\n<meta name=\"robots\" content=\"index, follow, max-snippet:-1, max-image-preview:large, max-video-preview:-1\" \/>\n<link rel=\"canonical\" href=\"https:\/\/bulaoutdoor.nl\/fr\/produit\/bible-des-pates\/\" \/>\n<meta property=\"og:locale\" content=\"fr_FR\" \/>\n<meta property=\"og:type\" content=\"article\" \/>\n<meta property=\"og:title\" content=\"Pastabijbel &#8211; Bula Outdoor\" \/>\n<meta property=\"og:description\" content=\"Pastabijbel \u2013 meer dan 130 authentieke pastarecepten volgens Italiaanse traditie Ben je op zoek naar h\u00e9t ultieme pasta kookboek? In Pastabijbel ontdek je meer dan 130 pastarecepten, praktische tips en duidelijke aanwijzingen waarmee je de oneindige mogelijkheden van pasta leert kennen. Auteur Roberta Pagnier laat je stap voor stap zien hoe je zelf verse pasta [&hellip;]\" \/>\n<meta property=\"og:url\" content=\"https:\/\/bulaoutdoor.nl\/fr\/produit\/bible-des-pates\/\" \/>\n<meta property=\"og:site_name\" content=\"Bula Outdoor\" \/>\n<meta property=\"article:modified_time\" content=\"2026-02-17T12:39:41+00:00\" \/>\n<meta property=\"og:image\" content=\"https:\/\/bulaoutdoor.nl\/wp-content\/uploads\/2026\/02\/Pastabijbel_9789048836901_bulaoutdoor_0.jpg\" \/>\n\t<meta property=\"og:image:width\" content=\"583\" \/>\n\t<meta property=\"og:image:height\" content=\"800\" \/>\n\t<meta property=\"og:image:type\" content=\"image\/jpeg\" \/>\n<meta name=\"twitter:card\" content=\"summary_large_image\" \/>\n<meta name=\"twitter:label1\" content=\"Dur\u00e9e de lecture estim\u00e9e\" \/>\n\t<meta name=\"twitter:data1\" content=\"2 minutes\" \/>\n<script type=\"application\/ld+json\" class=\"yoast-schema-graph\">{\"@context\":\"https:\\\/\\\/schema.org\",\"@graph\":[{\"@type\":\"WebPage\",\"@id\":\"https:\\\/\\\/bulaoutdoor.nl\\\/product\\\/pastabijbel\\\/\",\"url\":\"https:\\\/\\\/bulaoutdoor.nl\\\/product\\\/pastabijbel\\\/\",\"name\":\"Pastabijbel &#8211; Bula Outdoor\",\"isPartOf\":{\"@id\":\"https:\\\/\\\/bulaoutdoor.nl\\\/#website\"},\"primaryImageOfPage\":{\"@id\":\"https:\\\/\\\/bulaoutdoor.nl\\\/product\\\/pastabijbel\\\/#primaryimage\"},\"image\":{\"@id\":\"https:\\\/\\\/bulaoutdoor.nl\\\/product\\\/pastabijbel\\\/#primaryimage\"},\"thumbnailUrl\":\"https:\\\/\\\/bulaoutdoor.nl\\\/wp-content\\\/uploads\\\/2026\\\/02\\\/Pastabijbel_9789048836901_bulaoutdoor_0.jpg\",\"datePublished\":\"2026-02-17T12:13:29+00:00\",\"dateModified\":\"2026-02-17T12:39:41+00:00\",\"breadcrumb\":{\"@id\":\"https:\\\/\\\/bulaoutdoor.nl\\\/product\\\/pastabijbel\\\/#breadcrumb\"},\"inLanguage\":\"fr-FR\",\"potentialAction\":[{\"@type\":\"ReadAction\",\"target\":[\"https:\\\/\\\/bulaoutdoor.nl\\\/product\\\/pastabijbel\\\/\"]}]},{\"@type\":\"ImageObject\",\"inLanguage\":\"fr-FR\",\"@id\":\"https:\\\/\\\/bulaoutdoor.nl\\\/product\\\/pastabijbel\\\/#primaryimage\",\"url\":\"https:\\\/\\\/bulaoutdoor.nl\\\/wp-content\\\/uploads\\\/2026\\\/02\\\/Pastabijbel_9789048836901_bulaoutdoor_0.jpg\",\"contentUrl\":\"https:\\\/\\\/bulaoutdoor.nl\\\/wp-content\\\/uploads\\\/2026\\\/02\\\/Pastabijbel_9789048836901_bulaoutdoor_0.jpg\",\"width\":583,\"height\":800},{\"@type\":\"BreadcrumbList\",\"@id\":\"https:\\\/\\\/bulaoutdoor.nl\\\/product\\\/pastabijbel\\\/#breadcrumb\",\"itemListElement\":[{\"@type\":\"ListItem\",\"position\":1,\"name\":\"Home\",\"item\":\"https:\\\/\\\/bulaoutdoor.nl\\\/\"},{\"@type\":\"ListItem\",\"position\":2,\"name\":\"Online BBQ kopen\",\"item\":\"https:\\\/\\\/bulaoutdoor.nl\\\/\"},{\"@type\":\"ListItem\",\"position\":3,\"name\":\"Pastabijbel\"}]},{\"@type\":\"WebSite\",\"@id\":\"https:\\\/\\\/bulaoutdoor.nl\\\/#website\",\"url\":\"https:\\\/\\\/bulaoutdoor.nl\\\/\",\"name\":\"Bula Outdoor\",\"description\":\"Voor uw buitenhaard, BBQ, tuinfakkel en houtoven\",\"publisher\":{\"@id\":\"https:\\\/\\\/bulaoutdoor.nl\\\/#organization\"},\"potentialAction\":[{\"@type\":\"SearchAction\",\"target\":{\"@type\":\"EntryPoint\",\"urlTemplate\":\"https:\\\/\\\/bulaoutdoor.nl\\\/?s={search_term_string}\"},\"query-input\":{\"@type\":\"PropertyValueSpecification\",\"valueRequired\":true,\"valueName\":\"search_term_string\"}}],\"inLanguage\":\"fr-FR\"},{\"@type\":\"Organization\",\"@id\":\"https:\\\/\\\/bulaoutdoor.nl\\\/#organization\",\"name\":\"Bula Outdoor\",\"url\":\"https:\\\/\\\/bulaoutdoor.nl\\\/\",\"logo\":{\"@type\":\"ImageObject\",\"inLanguage\":\"fr-FR\",\"@id\":\"https:\\\/\\\/bulaoutdoor.nl\\\/#\\\/schema\\\/logo\\\/image\\\/\",\"url\":\"https:\\\/\\\/www.bulaoutdoor.nl\\\/wp-content\\\/uploads\\\/2018\\\/04\\\/bulaoutdoor-logo.png\",\"contentUrl\":\"https:\\\/\\\/www.bulaoutdoor.nl\\\/wp-content\\\/uploads\\\/2018\\\/04\\\/bulaoutdoor-logo.png\",\"width\":324,\"height\":91,\"caption\":\"Bula Outdoor\"},\"image\":{\"@id\":\"https:\\\/\\\/bulaoutdoor.nl\\\/#\\\/schema\\\/logo\\\/image\\\/\"}}]}<\/script>\n<!-- \/ Yoast SEO plugin. -->","yoast_head_json":{"title":"Bible \u00e0 p\u00e2tes - Bula Outdoor","robots":{"index":"index","follow":"follow","max-snippet":"max-snippet:-1","max-image-preview":"max-image-preview:large","max-video-preview":"max-video-preview:-1"},"canonical":"https:\/\/bulaoutdoor.nl\/fr\/produit\/bible-des-pates\/","og_locale":"fr_FR","og_type":"article","og_title":"Pastabijbel &#8211; Bula Outdoor","og_description":"Pastabijbel \u2013 meer dan 130 authentieke pastarecepten volgens Italiaanse traditie Ben je op zoek naar h\u00e9t ultieme pasta kookboek? In Pastabijbel ontdek je meer dan 130 pastarecepten, praktische tips en duidelijke aanwijzingen waarmee je de oneindige mogelijkheden van pasta leert kennen. Auteur Roberta Pagnier laat je stap voor stap zien hoe je zelf verse pasta [&hellip;]","og_url":"https:\/\/bulaoutdoor.nl\/fr\/produit\/bible-des-pates\/","og_site_name":"Bula Outdoor","article_modified_time":"2026-02-17T12:39:41+00:00","og_image":[{"width":583,"height":800,"url":"https:\/\/bulaoutdoor.nl\/wp-content\/uploads\/2026\/02\/Pastabijbel_9789048836901_bulaoutdoor_0.jpg","type":"image\/jpeg"}],"twitter_card":"summary_large_image","twitter_misc":{"Dur\u00e9e de lecture estim\u00e9e":"2 minutes"},"schema":{"@context":"https:\/\/schema.org","@graph":[{"@type":"WebPage","@id":"https:\/\/bulaoutdoor.nl\/product\/pastabijbel\/","url":"https:\/\/bulaoutdoor.nl\/product\/pastabijbel\/","name":"Bible \u00e0 p\u00e2tes - Bula Outdoor","isPartOf":{"@id":"https:\/\/bulaoutdoor.nl\/#website"},"primaryImageOfPage":{"@id":"https:\/\/bulaoutdoor.nl\/product\/pastabijbel\/#primaryimage"},"image":{"@id":"https:\/\/bulaoutdoor.nl\/product\/pastabijbel\/#primaryimage"},"thumbnailUrl":"https:\/\/bulaoutdoor.nl\/wp-content\/uploads\/2026\/02\/Pastabijbel_9789048836901_bulaoutdoor_0.jpg","datePublished":"2026-02-17T12:13:29+00:00","dateModified":"2026-02-17T12:39:41+00:00","breadcrumb":{"@id":"https:\/\/bulaoutdoor.nl\/product\/pastabijbel\/#breadcrumb"},"inLanguage":"fr-FR","potentialAction":[{"@type":"ReadAction","target":["https:\/\/bulaoutdoor.nl\/product\/pastabijbel\/"]}]},{"@type":"ImageObject","inLanguage":"fr-FR","@id":"https:\/\/bulaoutdoor.nl\/product\/pastabijbel\/#primaryimage","url":"https:\/\/bulaoutdoor.nl\/wp-content\/uploads\/2026\/02\/Pastabijbel_9789048836901_bulaoutdoor_0.jpg","contentUrl":"https:\/\/bulaoutdoor.nl\/wp-content\/uploads\/2026\/02\/Pastabijbel_9789048836901_bulaoutdoor_0.jpg","width":583,"height":800},{"@type":"BreadcrumbList","@id":"https:\/\/bulaoutdoor.nl\/product\/pastabijbel\/#breadcrumb","itemListElement":[{"@type":"ListItem","position":1,"name":"Home","item":"https:\/\/bulaoutdoor.nl\/"},{"@type":"ListItem","position":2,"name":"Online BBQ kopen","item":"https:\/\/bulaoutdoor.nl\/"},{"@type":"ListItem","position":3,"name":"Pastabijbel"}]},{"@type":"WebSite","@id":"https:\/\/bulaoutdoor.nl\/#website","url":"https:\/\/bulaoutdoor.nl\/","name":"Bula Outdoor","description":"Pour votre chemin\u00e9e ext\u00e9rieure, votre barbecue, votre torche de jardin et votre four \u00e0 bois","publisher":{"@id":"https:\/\/bulaoutdoor.nl\/#organization"},"potentialAction":[{"@type":"SearchAction","target":{"@type":"EntryPoint","urlTemplate":"https:\/\/bulaoutdoor.nl\/?s={search_term_string}"},"query-input":{"@type":"PropertyValueSpecification","valueRequired":true,"valueName":"search_term_string"}}],"inLanguage":"fr-FR"},{"@type":"Organization","@id":"https:\/\/bulaoutdoor.nl\/#organization","name":"Bula Outdoor","url":"https:\/\/bulaoutdoor.nl\/","logo":{"@type":"ImageObject","inLanguage":"fr-FR","@id":"https:\/\/bulaoutdoor.nl\/#\/schema\/logo\/image\/","url":"https:\/\/www.bulaoutdoor.nl\/wp-content\/uploads\/2018\/04\/bulaoutdoor-logo.png","contentUrl":"https:\/\/www.bulaoutdoor.nl\/wp-content\/uploads\/2018\/04\/bulaoutdoor-logo.png","width":324,"height":91,"caption":"Bula Outdoor"},"image":{"@id":"https:\/\/bulaoutdoor.nl\/#\/schema\/logo\/image\/"}}]}},"jetpack_sharing_enabled":true,"_links":{"self":[{"href":"https:\/\/bulaoutdoor.nl\/fr\/wp-json\/wp\/v2\/product\/93581","targetHints":{"allow":["GET"]}}],"collection":[{"href":"https:\/\/bulaoutdoor.nl\/fr\/wp-json\/wp\/v2\/product"}],"about":[{"href":"https:\/\/bulaoutdoor.nl\/fr\/wp-json\/wp\/v2\/types\/product"}],"replies":[{"embeddable":true,"href":"https:\/\/bulaoutdoor.nl\/fr\/wp-json\/wp\/v2\/comments?post=93581"}],"wp:featuredmedia":[{"embeddable":true,"href":"https:\/\/bulaoutdoor.nl\/fr\/wp-json\/wp\/v2\/media\/93583"}],"wp:attachment":[{"href":"https:\/\/bulaoutdoor.nl\/fr\/wp-json\/wp\/v2\/media?parent=93581"}],"wp:term":[{"taxonomy":"product_brand","embeddable":true,"href":"https:\/\/bulaoutdoor.nl\/fr\/wp-json\/wp\/v2\/product_brand?post=93581"},{"taxonomy":"product_cat","embeddable":true,"href":"https:\/\/bulaoutdoor.nl\/fr\/wp-json\/wp\/v2\/product_cat?post=93581"},{"taxonomy":"product_tag","embeddable":true,"href":"https:\/\/bulaoutdoor.nl\/fr\/wp-json\/wp\/v2\/product_tag?post=93581"}],"curies":[{"name":"wp","href":"https:\/\/api.w.org\/{rel}","templated":true}]}}