{"id":93584,"date":"2026-02-17T12:16:52","date_gmt":"2026-02-17T12:16:52","guid":{"rendered":"https:\/\/bulaoutdoor.nl\/?post_type=product&#038;p=93584"},"modified":"2026-02-17T12:39:30","modified_gmt":"2026-02-17T12:39:30","slug":"bible-de-la-viande","status":"publish","type":"product","link":"https:\/\/bulaoutdoor.nl\/fr\/product\/vleesbijbel\/","title":{"rendered":"Bible de la viande"},"content":{"rendered":"<p data-start=\"0\" data-end=\"69\"><strong data-start=\"0\" data-end=\"69\">La Bible de la viande - l'ouvrage de r\u00e9f\u00e9rence complet pour tous les amateurs de viande<\/strong><\/p>\n<p data-start=\"71\" data-end=\"356\"><em data-start=\"71\" data-end=\"110\"><span class=\"hover:entity-accent entity-underline inline cursor-pointer align-baseline\"><span class=\"whitespace-normal\">Bible de la viande<\/span><\/span><\/em> est le guide ultime pour tous ceux qui veulent en savoir plus sur la viande, les techniques de pr\u00e9paration et le m\u00e9tier de boucher. Dans cet ouvrage de r\u00e9f\u00e9rence complet <span class=\"hover:entity-accent entity-underline inline cursor-pointer align-baseline\"><span class=\"whitespace-normal\">Gertjan Kiers<\/span><\/span> vous emm\u00e8ne dans le monde de la qualit\u00e9, de l'artisanat et du go\u00fbt.<\/p>\n<p data-start=\"71\" data-end=\"356\"><a href=\"https:\/\/www.carreraculinair.nl\/boek\/1290\/gertjan-kiers-vleesbijbel.html\" target=\"_blank\" rel=\"noopener\">Exemplaire d'aper\u00e7u<\/a><\/p>\n<p data-start=\"71\" data-end=\"356\">Tout sur la viande : de l'abattage \u00e0 la pr\u00e9paration<\/p>\n<p data-start=\"406\" data-end=\"774\">Au <em data-start=\"409\" data-end=\"422\">Bible de la viande<\/em> vous apprendrez \u00e0 reconna\u00eetre la qualit\u00e9 de la viande et ce \u00e0 quoi vous devez faire attention lorsque vous l'achetez. Gertjan Kiers explique clairement le processus d'abattage, la fa\u00e7on dont la maturation affecte le go\u00fbt et la texture, et la diff\u00e9rence entre la viande maigre et la viande grasse. Vous d\u00e9couvrirez \u00e9galement quand la viande est tendre ou plus ferme - et la meilleure fa\u00e7on d'y rem\u00e9dier dans la cuisine.<\/p>\n<p data-start=\"776\" data-end=\"1043\">Gr\u00e2ce \u00e0 des descriptions claires et \u00e0 des photographies d\u00e9taill\u00e9es \u00e9tape par \u00e9tape, vous apprendrez \u00e0 d\u00e9sosser, diviser, fendre et pr\u00e9parer la viande de mani\u00e8re optimale. Des comp\u00e9tences de base aux techniques sophistiqu\u00e9es, ce ma\u00eetre boucher partage les astuces du m\u00e9tier de boucher d'une mani\u00e8re accessible.<\/p>\n<h3 data-start=\"1045\" data-end=\"1082\">Des recettes pour tous les amateurs de cuisine<\/h3>\n<p data-start=\"1084\" data-end=\"1348\">En plus des connaissances d'experts, <em data-start=\"1106\" data-end=\"1119\">Bible de la viande<\/em> une large s\u00e9lection de recettes de viande, dont le temps de pr\u00e9paration et la difficult\u00e9 varient. Que vous soyez un cuisinier d\u00e9butant ou un amateur de viande exp\u00e9riment\u00e9, vous trouverez de nombreuses sources d'inspiration pour tirer le meilleur parti de chaque morceau de viande.<\/p>\n<h3 data-start=\"1350\" data-end=\"1377\">La passion du m\u00e9tier<\/h3>\n<p data-start=\"1379\" data-end=\"1716\">Gertjan Kiers est un boucher de naissance qui poss\u00e8de une connaissance tr\u00e8s large de la viande et de la gastronomie. Il partage sa passion lors d'ateliers et de d\u00e9gustations et, en tant que professeur invit\u00e9, guide de jeunes talents vers les sommets du monde culinaire. La fiert\u00e9 qu'il \u00e9prouve pour son m\u00e9tier transpara\u00eet \u00e0 chaque page - car le m\u00e9tier d'artisan se voit et se go\u00fbte.<\/p>\n<p data-start=\"1718\" data-end=\"1885\" data-is-last-node=\"\" data-is-only-node=\"\">Vous \u00eates \u00e0 la recherche d'un livre complet et sp\u00e9cialis\u00e9 sur la viande, les connaissances des bouchers et les recettes de viande ? Dans ce cas <em data-start=\"1820\" data-end=\"1833\">Bible de la viande<\/em> Un compl\u00e9ment indispensable \u00e0 votre biblioth\u00e8que de cuisine.<\/p>","protected":false},"excerpt":{"rendered":"<p>Vleesbijbel \u2013 h\u00e9t complete naslagwerk voor iedere vleesliefhebber Vleesbijbel is d\u00e9 ultieme gids voor iedereen die meer wil weten over vlees, bereidingstechnieken en het ambacht van de slager. In dit uitgebreide naslagwerk neemt Gertjan Kiers je mee in de wereld van kwaliteit, vakmanschap en smaak. Inkijk exemplaar Alles over vlees: van slacht tot bereiding In [&hellip;]<\/p>\n","protected":false},"featured_media":93575,"comment_status":"open","ping_status":"closed","template":"","meta":{"_acf_changed":false},"product_brand":[],"product_cat":[32,1448],"product_tag":[43,1452,1336,1451],"class_list":{"0":"post-93584","1":"product","2":"type-product","3":"status-publish","4":"has-post-thumbnail","6":"product_cat-kookboeken-en-kookgerei","7":"product_cat-uitverkoop","8":"product_tag-bbq","9":"product_tag-bijbel","10":"product_tag-kookboek","11":"product_tag-vlees","13":"first","14":"instock","15":"sale","16":"taxable","17":"shipping-taxable","18":"purchasable","19":"product-type-simple"},"acf":[],"yoast_head":"<!-- This site is optimized with the Yoast SEO plugin v27.3 - https:\/\/yoast.com\/product\/yoast-seo-wordpress\/ -->\n<title>Vleesbijbel &#8211; Bula Outdoor<\/title>\n<meta name=\"robots\" content=\"index, follow, max-snippet:-1, max-image-preview:large, max-video-preview:-1\" \/>\n<link rel=\"canonical\" href=\"https:\/\/bulaoutdoor.nl\/fr\/produit\/bible-de-la-viande\/\" \/>\n<meta property=\"og:locale\" content=\"fr_FR\" \/>\n<meta property=\"og:type\" content=\"article\" \/>\n<meta property=\"og:title\" content=\"Vleesbijbel &#8211; Bula Outdoor\" \/>\n<meta property=\"og:description\" content=\"Vleesbijbel \u2013 h\u00e9t complete naslagwerk voor iedere vleesliefhebber Vleesbijbel is d\u00e9 ultieme gids voor iedereen die meer wil weten over vlees, bereidingstechnieken en het ambacht van de slager. In dit uitgebreide naslagwerk neemt Gertjan Kiers je mee in de wereld van kwaliteit, vakmanschap en smaak. Inkijk exemplaar Alles over vlees: van slacht tot bereiding In [&hellip;]\" \/>\n<meta property=\"og:url\" content=\"https:\/\/bulaoutdoor.nl\/fr\/produit\/bible-de-la-viande\/\" \/>\n<meta property=\"og:site_name\" content=\"Bula Outdoor\" \/>\n<meta property=\"article:modified_time\" content=\"2026-02-17T12:39:30+00:00\" \/>\n<meta property=\"og:image\" content=\"https:\/\/bulaoutdoor.nl\/wp-content\/uploads\/2026\/02\/Vleesbijbel.jpg\" \/>\n\t<meta property=\"og:image:width\" content=\"550\" \/>\n\t<meta property=\"og:image:height\" content=\"745\" \/>\n\t<meta property=\"og:image:type\" content=\"image\/jpeg\" \/>\n<meta name=\"twitter:card\" content=\"summary_large_image\" \/>\n<meta name=\"twitter:label1\" content=\"Dur\u00e9e de lecture estim\u00e9e\" \/>\n\t<meta name=\"twitter:data1\" content=\"2 minutes\" \/>\n<script type=\"application\/ld+json\" class=\"yoast-schema-graph\">{\"@context\":\"https:\\\/\\\/schema.org\",\"@graph\":[{\"@type\":\"WebPage\",\"@id\":\"https:\\\/\\\/bulaoutdoor.nl\\\/product\\\/vleesbijbel\\\/\",\"url\":\"https:\\\/\\\/bulaoutdoor.nl\\\/product\\\/vleesbijbel\\\/\",\"name\":\"Vleesbijbel &#8211; Bula Outdoor\",\"isPartOf\":{\"@id\":\"https:\\\/\\\/bulaoutdoor.nl\\\/#website\"},\"primaryImageOfPage\":{\"@id\":\"https:\\\/\\\/bulaoutdoor.nl\\\/product\\\/vleesbijbel\\\/#primaryimage\"},\"image\":{\"@id\":\"https:\\\/\\\/bulaoutdoor.nl\\\/product\\\/vleesbijbel\\\/#primaryimage\"},\"thumbnailUrl\":\"https:\\\/\\\/bulaoutdoor.nl\\\/wp-content\\\/uploads\\\/2026\\\/02\\\/Vleesbijbel.jpg\",\"datePublished\":\"2026-02-17T12:16:52+00:00\",\"dateModified\":\"2026-02-17T12:39:30+00:00\",\"breadcrumb\":{\"@id\":\"https:\\\/\\\/bulaoutdoor.nl\\\/product\\\/vleesbijbel\\\/#breadcrumb\"},\"inLanguage\":\"fr-FR\",\"potentialAction\":[{\"@type\":\"ReadAction\",\"target\":[\"https:\\\/\\\/bulaoutdoor.nl\\\/product\\\/vleesbijbel\\\/\"]}]},{\"@type\":\"ImageObject\",\"inLanguage\":\"fr-FR\",\"@id\":\"https:\\\/\\\/bulaoutdoor.nl\\\/product\\\/vleesbijbel\\\/#primaryimage\",\"url\":\"https:\\\/\\\/bulaoutdoor.nl\\\/wp-content\\\/uploads\\\/2026\\\/02\\\/Vleesbijbel.jpg\",\"contentUrl\":\"https:\\\/\\\/bulaoutdoor.nl\\\/wp-content\\\/uploads\\\/2026\\\/02\\\/Vleesbijbel.jpg\",\"width\":550,\"height\":745},{\"@type\":\"BreadcrumbList\",\"@id\":\"https:\\\/\\\/bulaoutdoor.nl\\\/product\\\/vleesbijbel\\\/#breadcrumb\",\"itemListElement\":[{\"@type\":\"ListItem\",\"position\":1,\"name\":\"Home\",\"item\":\"https:\\\/\\\/bulaoutdoor.nl\\\/\"},{\"@type\":\"ListItem\",\"position\":2,\"name\":\"Online BBQ kopen\",\"item\":\"https:\\\/\\\/bulaoutdoor.nl\\\/\"},{\"@type\":\"ListItem\",\"position\":3,\"name\":\"Vleesbijbel\"}]},{\"@type\":\"WebSite\",\"@id\":\"https:\\\/\\\/bulaoutdoor.nl\\\/#website\",\"url\":\"https:\\\/\\\/bulaoutdoor.nl\\\/\",\"name\":\"Bula Outdoor\",\"description\":\"Voor uw buitenhaard, BBQ, tuinfakkel en houtoven\",\"publisher\":{\"@id\":\"https:\\\/\\\/bulaoutdoor.nl\\\/#organization\"},\"potentialAction\":[{\"@type\":\"SearchAction\",\"target\":{\"@type\":\"EntryPoint\",\"urlTemplate\":\"https:\\\/\\\/bulaoutdoor.nl\\\/?s={search_term_string}\"},\"query-input\":{\"@type\":\"PropertyValueSpecification\",\"valueRequired\":true,\"valueName\":\"search_term_string\"}}],\"inLanguage\":\"fr-FR\"},{\"@type\":\"Organization\",\"@id\":\"https:\\\/\\\/bulaoutdoor.nl\\\/#organization\",\"name\":\"Bula Outdoor\",\"url\":\"https:\\\/\\\/bulaoutdoor.nl\\\/\",\"logo\":{\"@type\":\"ImageObject\",\"inLanguage\":\"fr-FR\",\"@id\":\"https:\\\/\\\/bulaoutdoor.nl\\\/#\\\/schema\\\/logo\\\/image\\\/\",\"url\":\"https:\\\/\\\/www.bulaoutdoor.nl\\\/wp-content\\\/uploads\\\/2018\\\/04\\\/bulaoutdoor-logo.png\",\"contentUrl\":\"https:\\\/\\\/www.bulaoutdoor.nl\\\/wp-content\\\/uploads\\\/2018\\\/04\\\/bulaoutdoor-logo.png\",\"width\":324,\"height\":91,\"caption\":\"Bula Outdoor\"},\"image\":{\"@id\":\"https:\\\/\\\/bulaoutdoor.nl\\\/#\\\/schema\\\/logo\\\/image\\\/\"}}]}<\/script>\n<!-- \/ Yoast SEO plugin. -->","yoast_head_json":{"title":"Bible de la viande - Bula Outdoor","robots":{"index":"index","follow":"follow","max-snippet":"max-snippet:-1","max-image-preview":"max-image-preview:large","max-video-preview":"max-video-preview:-1"},"canonical":"https:\/\/bulaoutdoor.nl\/fr\/produit\/bible-de-la-viande\/","og_locale":"fr_FR","og_type":"article","og_title":"Vleesbijbel &#8211; Bula Outdoor","og_description":"Vleesbijbel \u2013 h\u00e9t complete naslagwerk voor iedere vleesliefhebber Vleesbijbel is d\u00e9 ultieme gids voor iedereen die meer wil weten over vlees, bereidingstechnieken en het ambacht van de slager. In dit uitgebreide naslagwerk neemt Gertjan Kiers je mee in de wereld van kwaliteit, vakmanschap en smaak. Inkijk exemplaar Alles over vlees: van slacht tot bereiding In [&hellip;]","og_url":"https:\/\/bulaoutdoor.nl\/fr\/produit\/bible-de-la-viande\/","og_site_name":"Bula Outdoor","article_modified_time":"2026-02-17T12:39:30+00:00","og_image":[{"width":550,"height":745,"url":"https:\/\/bulaoutdoor.nl\/wp-content\/uploads\/2026\/02\/Vleesbijbel.jpg","type":"image\/jpeg"}],"twitter_card":"summary_large_image","twitter_misc":{"Dur\u00e9e de lecture estim\u00e9e":"2 minutes"},"schema":{"@context":"https:\/\/schema.org","@graph":[{"@type":"WebPage","@id":"https:\/\/bulaoutdoor.nl\/product\/vleesbijbel\/","url":"https:\/\/bulaoutdoor.nl\/product\/vleesbijbel\/","name":"Bible de la viande - Bula Outdoor","isPartOf":{"@id":"https:\/\/bulaoutdoor.nl\/#website"},"primaryImageOfPage":{"@id":"https:\/\/bulaoutdoor.nl\/product\/vleesbijbel\/#primaryimage"},"image":{"@id":"https:\/\/bulaoutdoor.nl\/product\/vleesbijbel\/#primaryimage"},"thumbnailUrl":"https:\/\/bulaoutdoor.nl\/wp-content\/uploads\/2026\/02\/Vleesbijbel.jpg","datePublished":"2026-02-17T12:16:52+00:00","dateModified":"2026-02-17T12:39:30+00:00","breadcrumb":{"@id":"https:\/\/bulaoutdoor.nl\/product\/vleesbijbel\/#breadcrumb"},"inLanguage":"fr-FR","potentialAction":[{"@type":"ReadAction","target":["https:\/\/bulaoutdoor.nl\/product\/vleesbijbel\/"]}]},{"@type":"ImageObject","inLanguage":"fr-FR","@id":"https:\/\/bulaoutdoor.nl\/product\/vleesbijbel\/#primaryimage","url":"https:\/\/bulaoutdoor.nl\/wp-content\/uploads\/2026\/02\/Vleesbijbel.jpg","contentUrl":"https:\/\/bulaoutdoor.nl\/wp-content\/uploads\/2026\/02\/Vleesbijbel.jpg","width":550,"height":745},{"@type":"BreadcrumbList","@id":"https:\/\/bulaoutdoor.nl\/product\/vleesbijbel\/#breadcrumb","itemListElement":[{"@type":"ListItem","position":1,"name":"Home","item":"https:\/\/bulaoutdoor.nl\/"},{"@type":"ListItem","position":2,"name":"Online BBQ kopen","item":"https:\/\/bulaoutdoor.nl\/"},{"@type":"ListItem","position":3,"name":"Vleesbijbel"}]},{"@type":"WebSite","@id":"https:\/\/bulaoutdoor.nl\/#website","url":"https:\/\/bulaoutdoor.nl\/","name":"Bula Outdoor","description":"Pour votre chemin\u00e9e ext\u00e9rieure, votre barbecue, votre torche de jardin et votre four \u00e0 bois","publisher":{"@id":"https:\/\/bulaoutdoor.nl\/#organization"},"potentialAction":[{"@type":"SearchAction","target":{"@type":"EntryPoint","urlTemplate":"https:\/\/bulaoutdoor.nl\/?s={search_term_string}"},"query-input":{"@type":"PropertyValueSpecification","valueRequired":true,"valueName":"search_term_string"}}],"inLanguage":"fr-FR"},{"@type":"Organization","@id":"https:\/\/bulaoutdoor.nl\/#organization","name":"Bula Outdoor","url":"https:\/\/bulaoutdoor.nl\/","logo":{"@type":"ImageObject","inLanguage":"fr-FR","@id":"https:\/\/bulaoutdoor.nl\/#\/schema\/logo\/image\/","url":"https:\/\/www.bulaoutdoor.nl\/wp-content\/uploads\/2018\/04\/bulaoutdoor-logo.png","contentUrl":"https:\/\/www.bulaoutdoor.nl\/wp-content\/uploads\/2018\/04\/bulaoutdoor-logo.png","width":324,"height":91,"caption":"Bula Outdoor"},"image":{"@id":"https:\/\/bulaoutdoor.nl\/#\/schema\/logo\/image\/"}}]}},"jetpack_sharing_enabled":true,"_links":{"self":[{"href":"https:\/\/bulaoutdoor.nl\/fr\/wp-json\/wp\/v2\/product\/93584","targetHints":{"allow":["GET"]}}],"collection":[{"href":"https:\/\/bulaoutdoor.nl\/fr\/wp-json\/wp\/v2\/product"}],"about":[{"href":"https:\/\/bulaoutdoor.nl\/fr\/wp-json\/wp\/v2\/types\/product"}],"replies":[{"embeddable":true,"href":"https:\/\/bulaoutdoor.nl\/fr\/wp-json\/wp\/v2\/comments?post=93584"}],"wp:featuredmedia":[{"embeddable":true,"href":"https:\/\/bulaoutdoor.nl\/fr\/wp-json\/wp\/v2\/media\/93575"}],"wp:attachment":[{"href":"https:\/\/bulaoutdoor.nl\/fr\/wp-json\/wp\/v2\/media?parent=93584"}],"wp:term":[{"taxonomy":"product_brand","embeddable":true,"href":"https:\/\/bulaoutdoor.nl\/fr\/wp-json\/wp\/v2\/product_brand?post=93584"},{"taxonomy":"product_cat","embeddable":true,"href":"https:\/\/bulaoutdoor.nl\/fr\/wp-json\/wp\/v2\/product_cat?post=93584"},{"taxonomy":"product_tag","embeddable":true,"href":"https:\/\/bulaoutdoor.nl\/fr\/wp-json\/wp\/v2\/product_tag?post=93584"}],"curies":[{"name":"wp","href":"https:\/\/api.w.org\/{rel}","templated":true}]}}