{"id":93585,"date":"2026-02-17T12:23:00","date_gmt":"2026-02-17T12:23:00","guid":{"rendered":"https:\/\/bulaoutdoor.nl\/?post_type=product&#038;p=93585"},"modified":"2026-02-17T12:42:20","modified_gmt":"2026-02-17T12:42:20","slug":"bible-de-la-cuisiniere","status":"publish","type":"product","link":"https:\/\/bulaoutdoor.nl\/fr\/product\/stoofbijbel\/","title":{"rendered":"Stew Bible"},"content":{"rendered":"<p data-start=\"0\" data-end=\"65\"><strong data-start=\"0\" data-end=\"65\">La Bible du rago\u00fbt - l'ouvrage de r\u00e9f\u00e9rence complet pour l'amateur de rago\u00fbt<\/strong><\/p>\n<p data-start=\"0\" data-end=\"65\"><a href=\"https:\/\/www.carreraculinair.nl\/boek\/581\/julius-jaspers-stoofbijbel.html\" target=\"_blank\" rel=\"noopener\">Exemplaire d'aper\u00e7u<\/a><\/p>\n<p data-start=\"67\" data-end=\"392\">Vous aimez les plats mijot\u00e9s pleins de saveurs ? Dans ce cas <em data-start=\"133\" data-end=\"172\"><span class=\"hover:entity-accent entity-underline inline cursor-pointer align-baseline\"><span class=\"whitespace-normal\">Stew Bible<\/span><\/span><\/em> le livre qui ne doit pas manquer dans votre cuisine. Dans ce livre de cuisine complet <span class=\"hover:entity-accent entity-underline inline cursor-pointer align-baseline\"><span class=\"whitespace-normal\">Julius Jaspers<\/span><\/span> voir comment mettre sur la table les plats mijot\u00e9s les plus d\u00e9licieux gr\u00e2ce aux bonnes techniques et \u00e0 la bonne pr\u00e9paration.<\/p>\n<h3 data-start=\"394\" data-end=\"424\">Plus de 150 recettes de rago\u00fbts<\/h3>\n<p data-start=\"426\" data-end=\"704\"><em data-start=\"426\" data-end=\"439\">Stew Bible<\/em> contient plus de 150 recettes de rago\u00fbts, allant des rago\u00fbts classiques aux surprenantes cr\u00e9ations modernes. Pensez \u00e0 des plats intemporels tels que<br data-start=\"577\" data-end=\"580\" \/><span class=\"hover:entity-accent entity-underline inline cursor-pointer align-baseline\"><span class=\"whitespace-normal\">B\u0153uf bourguignon<\/span><\/span>,<br data-start=\"618\" data-end=\"621\" \/><span class=\"hover:entity-accent entity-underline inline cursor-pointer align-baseline\"><span class=\"whitespace-normal\">Poivre de li\u00e8vre<\/span><\/span> et<br data-start=\"661\" data-end=\"664\" \/><span class=\"hover:entity-accent entity-underline inline cursor-pointer align-baseline\"><span class=\"whitespace-normal\">Confit de canard<\/span><\/span>,<\/p>\n<p data-start=\"706\" data-end=\"821\">ainsi que des recettes innovantes telles que le chou-fleur proven\u00e7al, le bar au Ricard et l'ananas \u00e0 la vanille et au cognac.<\/p>\n<h3 data-start=\"823\" data-end=\"871\">Des explications claires et des conseils \u00e9tape par \u00e9tape<\/h3>\n<p data-start=\"873\" data-end=\"1163\">Gr\u00e2ce \u00e0 des instructions claires, pas \u00e0 pas, \u00e0 des modes d'emploi d\u00e9taill\u00e9s et \u00e0 des photos claires, pas \u00e0 pas, vous apprendrez exactement comment pr\u00e9parer des rago\u00fbts \u00e0 la perfection. Du choix de la casserole et des ingr\u00e9dients au contr\u00f4le de la temp\u00e9rature et du temps de cuisson, tout est clairement expliqu\u00e9.<\/p>\n<p data-start=\"1165\" data-end=\"1317\">Vous obtiendrez \u00e9galement des explications pratiques sur les fournitures et les concepts culinaires, afin de ne pas vous contenter de suivre les recettes, mais de comprendre r\u00e9ellement ce que vous faites.<\/p>\n<h3 data-start=\"1319\" data-end=\"1351\">Le pouvoir de la cuisson lente<\/h3>\n<p data-start=\"1353\" data-end=\"1605\">Bien pr\u00e9parer, laisser agir la chaleur et r\u00e9g\u00e9n\u00e9rer (r\u00e9chauffer) les plats plus tard, telle est la magie de la cuisson \u00e0 l'\u00e9touff\u00e9e. C'est justement en donnant du temps au plat que les saveurs se d\u00e9veloppent au mieux et sont souvent encore meilleures lorsqu'elles sont r\u00e9chauff\u00e9es.<\/p>\n<hr data-start=\"1607\" data-end=\"1610\" \/>\n<h3 data-start=\"1612\" data-end=\"1647\">Pourquoi choisir Stew Bible ?<\/h3>\n<ul data-start=\"1649\" data-end=\"1859\">\n<li data-start=\"1649\" data-end=\"1679\">\n<p data-start=\"1651\" data-end=\"1679\">Plus de 150 recettes de rago\u00fbts<\/p>\n<\/li>\n<li data-start=\"1680\" data-end=\"1714\">\n<p data-start=\"1682\" data-end=\"1714\">Plats classiques et modernes<\/p>\n<\/li>\n<li data-start=\"1715\" data-end=\"1749\">\n<p data-start=\"1717\" data-end=\"1749\">Des techniques et des m\u00e9thodes claires<\/p>\n<\/li>\n<li data-start=\"1750\" data-end=\"1774\">\n<p data-start=\"1752\" data-end=\"1774\">Photos \u00e9tape par \u00e9tape<\/p>\n<\/li>\n<li data-start=\"1775\" data-end=\"1816\">\n<p data-start=\"1777\" data-end=\"1816\">Explication des fournitures et des termes techniques<\/p>\n<\/li>\n<li data-start=\"1817\" data-end=\"1859\">\n<p data-start=\"1819\" data-end=\"1859\">Convient aux d\u00e9butants et aux joueurs avanc\u00e9s<\/p>\n<\/li>\n<\/ul>\n<p data-start=\"1861\" data-end=\"2089\" data-is-last-node=\"\" data-is-only-node=\"\">Avec <em data-start=\"1865\" data-end=\"1878\">Stew Bible<\/em> vous obtenez un livre de recettes de rago\u00fbts inspirant et complet qui vous aidera \u00e0 pr\u00e9parer des plats r\u00e9confortants et des classiques culinaires tout au long de l'ann\u00e9e. Un guide indispensable pour tous les amateurs de cuisine lente et de saveurs pures.<\/p>","protected":false},"excerpt":{"rendered":"<p>Stoofbijbel \u2013 h\u00e9t complete naslagwerk voor de stoofliefhebber Inkijk exemplaar Ben je dol op langzaam gegaarde gerechten boordevol smaak? Dan is Stoofbijbel h\u00e9t boek dat niet mag ontbreken in jouw keuken. In dit uitgebreide kookboek laat Julius Jaspers zien hoe je met de juiste technieken en voorbereiding de allerlekkerste stoofgerechten op tafel zet. Meer dan [&hellip;]<\/p>\n","protected":false},"featured_media":93586,"comment_status":"open","ping_status":"closed","template":"","meta":{"_acf_changed":false},"product_brand":[],"product_cat":[32,1448],"product_tag":[1336,1454,1453],"class_list":{"0":"post-93585","1":"product","2":"type-product","3":"status-publish","4":"has-post-thumbnail","6":"product_cat-kookboeken-en-kookgerei","7":"product_cat-uitverkoop","8":"product_tag-kookboek","9":"product_tag-stoof","10":"product_tag-stoofpot","12":"first","13":"instock","14":"sale","15":"taxable","16":"shipping-taxable","17":"purchasable","18":"product-type-simple"},"acf":[],"yoast_head":"<!-- This site is optimized with the Yoast SEO plugin v27.3 - https:\/\/yoast.com\/product\/yoast-seo-wordpress\/ -->\n<title>Stoofbijbel &#8211; Bula Outdoor<\/title>\n<meta name=\"robots\" content=\"index, follow, max-snippet:-1, max-image-preview:large, max-video-preview:-1\" \/>\n<link rel=\"canonical\" href=\"https:\/\/bulaoutdoor.nl\/fr\/produit\/bible-de-la-cuisiniere\/\" \/>\n<meta property=\"og:locale\" content=\"fr_FR\" \/>\n<meta property=\"og:type\" content=\"article\" \/>\n<meta property=\"og:title\" content=\"Stoofbijbel &#8211; Bula Outdoor\" \/>\n<meta property=\"og:description\" content=\"Stoofbijbel \u2013 h\u00e9t complete naslagwerk voor de stoofliefhebber Inkijk exemplaar Ben je dol op langzaam gegaarde gerechten boordevol smaak? Dan is Stoofbijbel h\u00e9t boek dat niet mag ontbreken in jouw keuken. In dit uitgebreide kookboek laat Julius Jaspers zien hoe je met de juiste technieken en voorbereiding de allerlekkerste stoofgerechten op tafel zet. Meer dan [&hellip;]\" \/>\n<meta property=\"og:url\" content=\"https:\/\/bulaoutdoor.nl\/fr\/produit\/bible-de-la-cuisiniere\/\" \/>\n<meta property=\"og:site_name\" content=\"Bula Outdoor\" \/>\n<meta property=\"article:modified_time\" content=\"2026-02-17T12:42:20+00:00\" \/>\n<meta property=\"og:image\" content=\"https:\/\/bulaoutdoor.nl\/wp-content\/uploads\/2026\/02\/stoofbijbel_9789048847068_bulaoutdoor.jpg\" \/>\n\t<meta property=\"og:image:width\" content=\"591\" \/>\n\t<meta property=\"og:image:height\" content=\"800\" \/>\n\t<meta property=\"og:image:type\" content=\"image\/jpeg\" \/>\n<meta name=\"twitter:card\" content=\"summary_large_image\" \/>\n<meta name=\"twitter:label1\" content=\"Dur\u00e9e de lecture estim\u00e9e\" \/>\n\t<meta name=\"twitter:data1\" content=\"2 minutes\" \/>\n<script type=\"application\/ld+json\" class=\"yoast-schema-graph\">{\"@context\":\"https:\\\/\\\/schema.org\",\"@graph\":[{\"@type\":\"WebPage\",\"@id\":\"https:\\\/\\\/bulaoutdoor.nl\\\/product\\\/stoofbijbel\\\/\",\"url\":\"https:\\\/\\\/bulaoutdoor.nl\\\/product\\\/stoofbijbel\\\/\",\"name\":\"Stoofbijbel &#8211; Bula Outdoor\",\"isPartOf\":{\"@id\":\"https:\\\/\\\/bulaoutdoor.nl\\\/#website\"},\"primaryImageOfPage\":{\"@id\":\"https:\\\/\\\/bulaoutdoor.nl\\\/product\\\/stoofbijbel\\\/#primaryimage\"},\"image\":{\"@id\":\"https:\\\/\\\/bulaoutdoor.nl\\\/product\\\/stoofbijbel\\\/#primaryimage\"},\"thumbnailUrl\":\"https:\\\/\\\/bulaoutdoor.nl\\\/wp-content\\\/uploads\\\/2026\\\/02\\\/stoofbijbel_9789048847068_bulaoutdoor.jpg\",\"datePublished\":\"2026-02-17T12:23:00+00:00\",\"dateModified\":\"2026-02-17T12:42:20+00:00\",\"breadcrumb\":{\"@id\":\"https:\\\/\\\/bulaoutdoor.nl\\\/product\\\/stoofbijbel\\\/#breadcrumb\"},\"inLanguage\":\"fr-FR\",\"potentialAction\":[{\"@type\":\"ReadAction\",\"target\":[\"https:\\\/\\\/bulaoutdoor.nl\\\/product\\\/stoofbijbel\\\/\"]}]},{\"@type\":\"ImageObject\",\"inLanguage\":\"fr-FR\",\"@id\":\"https:\\\/\\\/bulaoutdoor.nl\\\/product\\\/stoofbijbel\\\/#primaryimage\",\"url\":\"https:\\\/\\\/bulaoutdoor.nl\\\/wp-content\\\/uploads\\\/2026\\\/02\\\/stoofbijbel_9789048847068_bulaoutdoor.jpg\",\"contentUrl\":\"https:\\\/\\\/bulaoutdoor.nl\\\/wp-content\\\/uploads\\\/2026\\\/02\\\/stoofbijbel_9789048847068_bulaoutdoor.jpg\",\"width\":591,\"height\":800},{\"@type\":\"BreadcrumbList\",\"@id\":\"https:\\\/\\\/bulaoutdoor.nl\\\/product\\\/stoofbijbel\\\/#breadcrumb\",\"itemListElement\":[{\"@type\":\"ListItem\",\"position\":1,\"name\":\"Home\",\"item\":\"https:\\\/\\\/bulaoutdoor.nl\\\/\"},{\"@type\":\"ListItem\",\"position\":2,\"name\":\"Online BBQ kopen\",\"item\":\"https:\\\/\\\/bulaoutdoor.nl\\\/\"},{\"@type\":\"ListItem\",\"position\":3,\"name\":\"Stoofbijbel\"}]},{\"@type\":\"WebSite\",\"@id\":\"https:\\\/\\\/bulaoutdoor.nl\\\/#website\",\"url\":\"https:\\\/\\\/bulaoutdoor.nl\\\/\",\"name\":\"Bula Outdoor\",\"description\":\"Voor uw buitenhaard, BBQ, tuinfakkel en houtoven\",\"publisher\":{\"@id\":\"https:\\\/\\\/bulaoutdoor.nl\\\/#organization\"},\"potentialAction\":[{\"@type\":\"SearchAction\",\"target\":{\"@type\":\"EntryPoint\",\"urlTemplate\":\"https:\\\/\\\/bulaoutdoor.nl\\\/?s={search_term_string}\"},\"query-input\":{\"@type\":\"PropertyValueSpecification\",\"valueRequired\":true,\"valueName\":\"search_term_string\"}}],\"inLanguage\":\"fr-FR\"},{\"@type\":\"Organization\",\"@id\":\"https:\\\/\\\/bulaoutdoor.nl\\\/#organization\",\"name\":\"Bula Outdoor\",\"url\":\"https:\\\/\\\/bulaoutdoor.nl\\\/\",\"logo\":{\"@type\":\"ImageObject\",\"inLanguage\":\"fr-FR\",\"@id\":\"https:\\\/\\\/bulaoutdoor.nl\\\/#\\\/schema\\\/logo\\\/image\\\/\",\"url\":\"https:\\\/\\\/www.bulaoutdoor.nl\\\/wp-content\\\/uploads\\\/2018\\\/04\\\/bulaoutdoor-logo.png\",\"contentUrl\":\"https:\\\/\\\/www.bulaoutdoor.nl\\\/wp-content\\\/uploads\\\/2018\\\/04\\\/bulaoutdoor-logo.png\",\"width\":324,\"height\":91,\"caption\":\"Bula Outdoor\"},\"image\":{\"@id\":\"https:\\\/\\\/bulaoutdoor.nl\\\/#\\\/schema\\\/logo\\\/image\\\/\"}}]}<\/script>\n<!-- \/ Yoast SEO plugin. -->","yoast_head_json":{"title":"Bible \u00e0 rago\u00fbt - Bula Outdoor","robots":{"index":"index","follow":"follow","max-snippet":"max-snippet:-1","max-image-preview":"max-image-preview:large","max-video-preview":"max-video-preview:-1"},"canonical":"https:\/\/bulaoutdoor.nl\/fr\/produit\/bible-de-la-cuisiniere\/","og_locale":"fr_FR","og_type":"article","og_title":"Stoofbijbel &#8211; Bula Outdoor","og_description":"Stoofbijbel \u2013 h\u00e9t complete naslagwerk voor de stoofliefhebber Inkijk exemplaar Ben je dol op langzaam gegaarde gerechten boordevol smaak? Dan is Stoofbijbel h\u00e9t boek dat niet mag ontbreken in jouw keuken. In dit uitgebreide kookboek laat Julius Jaspers zien hoe je met de juiste technieken en voorbereiding de allerlekkerste stoofgerechten op tafel zet. Meer dan [&hellip;]","og_url":"https:\/\/bulaoutdoor.nl\/fr\/produit\/bible-de-la-cuisiniere\/","og_site_name":"Bula Outdoor","article_modified_time":"2026-02-17T12:42:20+00:00","og_image":[{"width":591,"height":800,"url":"https:\/\/bulaoutdoor.nl\/wp-content\/uploads\/2026\/02\/stoofbijbel_9789048847068_bulaoutdoor.jpg","type":"image\/jpeg"}],"twitter_card":"summary_large_image","twitter_misc":{"Dur\u00e9e de lecture estim\u00e9e":"2 minutes"},"schema":{"@context":"https:\/\/schema.org","@graph":[{"@type":"WebPage","@id":"https:\/\/bulaoutdoor.nl\/product\/stoofbijbel\/","url":"https:\/\/bulaoutdoor.nl\/product\/stoofbijbel\/","name":"Bible \u00e0 rago\u00fbt - Bula Outdoor","isPartOf":{"@id":"https:\/\/bulaoutdoor.nl\/#website"},"primaryImageOfPage":{"@id":"https:\/\/bulaoutdoor.nl\/product\/stoofbijbel\/#primaryimage"},"image":{"@id":"https:\/\/bulaoutdoor.nl\/product\/stoofbijbel\/#primaryimage"},"thumbnailUrl":"https:\/\/bulaoutdoor.nl\/wp-content\/uploads\/2026\/02\/stoofbijbel_9789048847068_bulaoutdoor.jpg","datePublished":"2026-02-17T12:23:00+00:00","dateModified":"2026-02-17T12:42:20+00:00","breadcrumb":{"@id":"https:\/\/bulaoutdoor.nl\/product\/stoofbijbel\/#breadcrumb"},"inLanguage":"fr-FR","potentialAction":[{"@type":"ReadAction","target":["https:\/\/bulaoutdoor.nl\/product\/stoofbijbel\/"]}]},{"@type":"ImageObject","inLanguage":"fr-FR","@id":"https:\/\/bulaoutdoor.nl\/product\/stoofbijbel\/#primaryimage","url":"https:\/\/bulaoutdoor.nl\/wp-content\/uploads\/2026\/02\/stoofbijbel_9789048847068_bulaoutdoor.jpg","contentUrl":"https:\/\/bulaoutdoor.nl\/wp-content\/uploads\/2026\/02\/stoofbijbel_9789048847068_bulaoutdoor.jpg","width":591,"height":800},{"@type":"BreadcrumbList","@id":"https:\/\/bulaoutdoor.nl\/product\/stoofbijbel\/#breadcrumb","itemListElement":[{"@type":"ListItem","position":1,"name":"Home","item":"https:\/\/bulaoutdoor.nl\/"},{"@type":"ListItem","position":2,"name":"Online BBQ kopen","item":"https:\/\/bulaoutdoor.nl\/"},{"@type":"ListItem","position":3,"name":"Stoofbijbel"}]},{"@type":"WebSite","@id":"https:\/\/bulaoutdoor.nl\/#website","url":"https:\/\/bulaoutdoor.nl\/","name":"Bula Outdoor","description":"Pour votre chemin\u00e9e ext\u00e9rieure, votre barbecue, votre torche de jardin et votre four \u00e0 bois","publisher":{"@id":"https:\/\/bulaoutdoor.nl\/#organization"},"potentialAction":[{"@type":"SearchAction","target":{"@type":"EntryPoint","urlTemplate":"https:\/\/bulaoutdoor.nl\/?s={search_term_string}"},"query-input":{"@type":"PropertyValueSpecification","valueRequired":true,"valueName":"search_term_string"}}],"inLanguage":"fr-FR"},{"@type":"Organization","@id":"https:\/\/bulaoutdoor.nl\/#organization","name":"Bula Outdoor","url":"https:\/\/bulaoutdoor.nl\/","logo":{"@type":"ImageObject","inLanguage":"fr-FR","@id":"https:\/\/bulaoutdoor.nl\/#\/schema\/logo\/image\/","url":"https:\/\/www.bulaoutdoor.nl\/wp-content\/uploads\/2018\/04\/bulaoutdoor-logo.png","contentUrl":"https:\/\/www.bulaoutdoor.nl\/wp-content\/uploads\/2018\/04\/bulaoutdoor-logo.png","width":324,"height":91,"caption":"Bula Outdoor"},"image":{"@id":"https:\/\/bulaoutdoor.nl\/#\/schema\/logo\/image\/"}}]}},"jetpack_sharing_enabled":true,"_links":{"self":[{"href":"https:\/\/bulaoutdoor.nl\/fr\/wp-json\/wp\/v2\/product\/93585","targetHints":{"allow":["GET"]}}],"collection":[{"href":"https:\/\/bulaoutdoor.nl\/fr\/wp-json\/wp\/v2\/product"}],"about":[{"href":"https:\/\/bulaoutdoor.nl\/fr\/wp-json\/wp\/v2\/types\/product"}],"replies":[{"embeddable":true,"href":"https:\/\/bulaoutdoor.nl\/fr\/wp-json\/wp\/v2\/comments?post=93585"}],"wp:featuredmedia":[{"embeddable":true,"href":"https:\/\/bulaoutdoor.nl\/fr\/wp-json\/wp\/v2\/media\/93586"}],"wp:attachment":[{"href":"https:\/\/bulaoutdoor.nl\/fr\/wp-json\/wp\/v2\/media?parent=93585"}],"wp:term":[{"taxonomy":"product_brand","embeddable":true,"href":"https:\/\/bulaoutdoor.nl\/fr\/wp-json\/wp\/v2\/product_brand?post=93585"},{"taxonomy":"product_cat","embeddable":true,"href":"https:\/\/bulaoutdoor.nl\/fr\/wp-json\/wp\/v2\/product_cat?post=93585"},{"taxonomy":"product_tag","embeddable":true,"href":"https:\/\/bulaoutdoor.nl\/fr\/wp-json\/wp\/v2\/product_tag?post=93585"}],"curies":[{"name":"wp","href":"https:\/\/api.w.org\/{rel}","templated":true}]}}