{"id":93587,"date":"2026-02-17T12:28:25","date_gmt":"2026-02-17T12:28:25","guid":{"rendered":"https:\/\/bulaoutdoor.nl\/?post_type=product&#038;p=93587"},"modified":"2026-02-17T12:38:57","modified_gmt":"2026-02-17T12:38:57","slug":"93587","status":"publish","type":"product","link":"https:\/\/bulaoutdoor.nl\/fr\/product\/93587\/","title":{"rendered":""},"content":{"rendered":"<p data-start=\"0\" data-end=\"83\"><strong data-start=\"0\" data-end=\"83\">La Bible du marinage et de la fermentation - plus de 230 recettes de marinage et de fermentation<\/strong><\/p>\n<p data-start=\"0\" data-end=\"83\"><a href=\"https:\/\/www.carreraculinair.nl\/boek\/2795\/simone-van-thull-inmaak-en-fermenteerbijbel.html\" target=\"_blank\" rel=\"noopener\">sp\u00e9cimen<\/a><\/p>\n<p data-start=\"85\" data-end=\"409\">Vous voulez faire mariner ou fermenter vous-m\u00eame vos fruits et l\u00e9gumes ? Avec <em data-start=\"143\" data-end=\"182\"><span class=\"hover:entity-accent entity-underline inline cursor-pointer align-baseline\"><span class=\"whitespace-normal\">La bible des marinades et des fermentations<\/span><\/span><\/em> D\u00e9couvrez tout sur la conservation, le d\u00e9veloppement des ar\u00f4mes et les techniques traditionnelles. L'auteur <span class=\"hover:entity-accent entity-underline inline cursor-pointer align-baseline\"><span class=\"whitespace-normal\">Simone van Thull<\/span><\/span> rassemble plus de 230 recettes et montre comment transformer des ingr\u00e9dients de tous les jours en v\u00e9ritables bombes gustatives.<\/p>\n<h3 data-start=\"411\" data-end=\"449\">Des cornichons aux boissons ferment\u00e9es<\/h3>\n<p data-start=\"451\" data-end=\"782\">Dans cet ouvrage de r\u00e9f\u00e9rence complet, vous trouverez des recettes allant du pickle rapide de concombre et des oignons au vinaigre de figue \u00e0 la confiture de piment et au k\u00e9fir de fleurs de sureau. Bien entendu, les condiments, les chutneys, les relishes et les boissons maison ne manquent pas non plus \u00e0 l'appel. Vous apprendrez ainsi \u00e0 remplir votre garde-manger de produits artisanaux purs en utilisant des techniques simples.<\/p>\n<h3 data-start=\"784\" data-end=\"824\">Classement clair par technologie<\/h3>\n<p data-start=\"826\" data-end=\"1206\">Les recettes sont clairement class\u00e9es par technique de conservation, ce qui vous permet de ma\u00eetriser pas \u00e0 pas les diff\u00e9rentes m\u00e9thodes de pr\u00e9paration. Gr\u00e2ce \u00e0 une th\u00e9orie claire et \u00e0 des explications pr\u00e9cises \u00e9tape par \u00e9tape, vous comprendrez exactement ce qui se passe pendant le saumurage et la fermentation. Que vous choisissiez le sucr\u00e9, l'acide, le sal\u00e9 ou la lacto-fermentation, vous prendrez rapidement de l'assurance dans votre propre cuisine.<\/p>\n<h3 data-start=\"1208\" data-end=\"1249\">Profitez instantan\u00e9ment de vos propres cr\u00e9ations<\/h3>\n<p data-start=\"1251\" data-end=\"1470\">Chaque recette comprend plusieurs conseils de d\u00e9gustation et souvent des recettes compl\u00e9mentaires. Vous pouvez ainsi int\u00e9grer vos sours croquants, vos chutneys savoureux ou vos l\u00e9gumes ferment\u00e9s directement dans des salades, des plateaux de boissons ou des plats principaux.<\/p>\n<hr data-start=\"1472\" data-end=\"1475\" \/>\n<h3 data-start=\"1477\" data-end=\"1528\">Pourquoi choisir Pickling and Fermentation Bible ?<\/h3>\n<ul data-start=\"1530\" data-end=\"1764\">\n<li data-start=\"1530\" data-end=\"1555\">\n<p data-start=\"1532\" data-end=\"1555\">Plus de 230 recettes<\/p>\n<\/li>\n<li data-start=\"1556\" data-end=\"1605\">\n<p data-start=\"1558\" data-end=\"1605\">Marinage, fermentation, condiments et boissons<\/p>\n<\/li>\n<li data-start=\"1606\" data-end=\"1650\">\n<p data-start=\"1608\" data-end=\"1650\">Explications claires des techniques et de la th\u00e9orie<\/p>\n<\/li>\n<li data-start=\"1651\" data-end=\"1681\">\n<p data-start=\"1653\" data-end=\"1681\">Instructions \u00e9tape par \u00e9tape<\/p>\n<\/li>\n<li data-start=\"1682\" data-end=\"1721\">\n<p data-start=\"1684\" data-end=\"1721\">Conseils pratiques pour le service et variations<\/p>\n<\/li>\n<li data-start=\"1722\" data-end=\"1764\">\n<p data-start=\"1724\" data-end=\"1764\">Convient aux d\u00e9butants et aux joueurs avanc\u00e9s<\/p>\n<\/li>\n<\/ul>\n<p data-start=\"1766\" data-end=\"1991\" data-is-last-node=\"\" data-is-only-node=\"\">Avec <em data-start=\"1770\" data-end=\"1799\">La bible des marinades et des fermentations<\/em> vous apprendrez \u00e0 transformer choux, tubercules, carottes et cornichons en cr\u00e9ations intens\u00e9ment savoureuses. Un livre indispensable pour tous ceux qui veulent conserver, fermenter et cuisiner avec un maximum de go\u00fbt.<\/p>","protected":false},"excerpt":{"rendered":"<p>Inmaak- en Fermenteerbijbel \u2013 meer dan 230 recepten voor inmaken en fermenteren inkijk exemplaar Wil je zelf groenten en fruit inmaken of fermenteren? Met Inmaak- en Fermenteerbijbel ontdek je alles over conserveren, smaakontwikkeling en traditionele technieken. Auteur Simone van Thull bundelt meer dan 230 recepten en laat zien hoe je van alledaagse ingredi\u00ebnten ware smaakbommen [&hellip;]<\/p>\n","protected":false},"featured_media":93574,"comment_status":"open","ping_status":"closed","template":"","meta":{"_acf_changed":false},"product_brand":[],"product_cat":[32,1448],"product_tag":[1452,1456,1455],"class_list":{"0":"post-93587","1":"product","2":"type-product","3":"status-publish","4":"has-post-thumbnail","6":"product_cat-kookboeken-en-kookgerei","7":"product_cat-uitverkoop","8":"product_tag-bijbel","9":"product_tag-fermenteer","10":"product_tag-inmaak","12":"first","13":"instock","14":"sale","15":"taxable","16":"shipping-taxable","17":"purchasable","18":"product-type-simple"},"acf":[],"yoast_head":"<!-- This site is optimized with the Yoast SEO plugin v27.3 - https:\/\/yoast.com\/product\/yoast-seo-wordpress\/ -->\n<title>&#8211; Bula Outdoor<\/title>\n<meta name=\"robots\" content=\"index, follow, max-snippet:-1, max-image-preview:large, max-video-preview:-1\" \/>\n<link rel=\"canonical\" href=\"https:\/\/bulaoutdoor.nl\/fr\/produit\/93587\/\" \/>\n<meta property=\"og:locale\" content=\"fr_FR\" \/>\n<meta property=\"og:type\" content=\"article\" \/>\n<meta property=\"og:title\" content=\"&#8211; Bula Outdoor\" \/>\n<meta property=\"og:description\" content=\"Inmaak- en Fermenteerbijbel \u2013 meer dan 230 recepten voor inmaken en fermenteren inkijk exemplaar Wil je zelf groenten en fruit inmaken of fermenteren? Met Inmaak- en Fermenteerbijbel ontdek je alles over conserveren, smaakontwikkeling en traditionele technieken. Auteur Simone van Thull bundelt meer dan 230 recepten en laat zien hoe je van alledaagse ingredi\u00ebnten ware smaakbommen [&hellip;]\" \/>\n<meta property=\"og:url\" content=\"https:\/\/bulaoutdoor.nl\/fr\/produit\/93587\/\" \/>\n<meta property=\"og:site_name\" content=\"Bula Outdoor\" \/>\n<meta property=\"article:modified_time\" content=\"2026-02-17T12:38:57+00:00\" \/>\n<meta property=\"og:image\" content=\"https:\/\/bulaoutdoor.nl\/wp-content\/uploads\/2026\/02\/Inmaakbijbel.webp\" \/>\n\t<meta property=\"og:image:width\" content=\"316\" \/>\n\t<meta property=\"og:image:height\" content=\"474\" \/>\n\t<meta property=\"og:image:type\" content=\"image\/webp\" \/>\n<meta name=\"twitter:card\" content=\"summary_large_image\" \/>\n<meta name=\"twitter:label1\" content=\"Dur\u00e9e de lecture estim\u00e9e\" \/>\n\t<meta name=\"twitter:data1\" content=\"2 minutes\" \/>\n<script type=\"application\/ld+json\" class=\"yoast-schema-graph\">{\"@context\":\"https:\\\/\\\/schema.org\",\"@graph\":[{\"@type\":\"WebPage\",\"@id\":\"https:\\\/\\\/bulaoutdoor.nl\\\/product\\\/93587\\\/\",\"url\":\"https:\\\/\\\/bulaoutdoor.nl\\\/product\\\/93587\\\/\",\"name\":\"&#8211; Bula Outdoor\",\"isPartOf\":{\"@id\":\"https:\\\/\\\/bulaoutdoor.nl\\\/#website\"},\"primaryImageOfPage\":{\"@id\":\"https:\\\/\\\/bulaoutdoor.nl\\\/product\\\/93587\\\/#primaryimage\"},\"image\":{\"@id\":\"https:\\\/\\\/bulaoutdoor.nl\\\/product\\\/93587\\\/#primaryimage\"},\"thumbnailUrl\":\"https:\\\/\\\/bulaoutdoor.nl\\\/wp-content\\\/uploads\\\/2026\\\/02\\\/Inmaakbijbel.webp\",\"datePublished\":\"2026-02-17T12:28:25+00:00\",\"dateModified\":\"2026-02-17T12:38:57+00:00\",\"breadcrumb\":{\"@id\":\"https:\\\/\\\/bulaoutdoor.nl\\\/product\\\/93587\\\/#breadcrumb\"},\"inLanguage\":\"fr-FR\",\"potentialAction\":[{\"@type\":\"ReadAction\",\"target\":[\"https:\\\/\\\/bulaoutdoor.nl\\\/product\\\/93587\\\/\"]}]},{\"@type\":\"ImageObject\",\"inLanguage\":\"fr-FR\",\"@id\":\"https:\\\/\\\/bulaoutdoor.nl\\\/product\\\/93587\\\/#primaryimage\",\"url\":\"https:\\\/\\\/bulaoutdoor.nl\\\/wp-content\\\/uploads\\\/2026\\\/02\\\/Inmaakbijbel.webp\",\"contentUrl\":\"https:\\\/\\\/bulaoutdoor.nl\\\/wp-content\\\/uploads\\\/2026\\\/02\\\/Inmaakbijbel.webp\",\"width\":316,\"height\":474},{\"@type\":\"BreadcrumbList\",\"@id\":\"https:\\\/\\\/bulaoutdoor.nl\\\/product\\\/93587\\\/#breadcrumb\",\"itemListElement\":[{\"@type\":\"ListItem\",\"position\":1,\"name\":\"Home\",\"item\":\"https:\\\/\\\/bulaoutdoor.nl\\\/\"},{\"@type\":\"ListItem\",\"position\":2,\"name\":\"Online BBQ kopen\",\"item\":\"https:\\\/\\\/bulaoutdoor.nl\\\/\"}]},{\"@type\":\"WebSite\",\"@id\":\"https:\\\/\\\/bulaoutdoor.nl\\\/#website\",\"url\":\"https:\\\/\\\/bulaoutdoor.nl\\\/\",\"name\":\"Bula Outdoor\",\"description\":\"Voor uw buitenhaard, BBQ, tuinfakkel en houtoven\",\"publisher\":{\"@id\":\"https:\\\/\\\/bulaoutdoor.nl\\\/#organization\"},\"potentialAction\":[{\"@type\":\"SearchAction\",\"target\":{\"@type\":\"EntryPoint\",\"urlTemplate\":\"https:\\\/\\\/bulaoutdoor.nl\\\/?s={search_term_string}\"},\"query-input\":{\"@type\":\"PropertyValueSpecification\",\"valueRequired\":true,\"valueName\":\"search_term_string\"}}],\"inLanguage\":\"fr-FR\"},{\"@type\":\"Organization\",\"@id\":\"https:\\\/\\\/bulaoutdoor.nl\\\/#organization\",\"name\":\"Bula Outdoor\",\"url\":\"https:\\\/\\\/bulaoutdoor.nl\\\/\",\"logo\":{\"@type\":\"ImageObject\",\"inLanguage\":\"fr-FR\",\"@id\":\"https:\\\/\\\/bulaoutdoor.nl\\\/#\\\/schema\\\/logo\\\/image\\\/\",\"url\":\"https:\\\/\\\/www.bulaoutdoor.nl\\\/wp-content\\\/uploads\\\/2018\\\/04\\\/bulaoutdoor-logo.png\",\"contentUrl\":\"https:\\\/\\\/www.bulaoutdoor.nl\\\/wp-content\\\/uploads\\\/2018\\\/04\\\/bulaoutdoor-logo.png\",\"width\":324,\"height\":91,\"caption\":\"Bula Outdoor\"},\"image\":{\"@id\":\"https:\\\/\\\/bulaoutdoor.nl\\\/#\\\/schema\\\/logo\\\/image\\\/\"}}]}<\/script>\n<!-- \/ Yoast SEO plugin. -->","yoast_head_json":{"title":"- Bula Outdoor","robots":{"index":"index","follow":"follow","max-snippet":"max-snippet:-1","max-image-preview":"max-image-preview:large","max-video-preview":"max-video-preview:-1"},"canonical":"https:\/\/bulaoutdoor.nl\/fr\/produit\/93587\/","og_locale":"fr_FR","og_type":"article","og_title":"&#8211; Bula Outdoor","og_description":"Inmaak- en Fermenteerbijbel \u2013 meer dan 230 recepten voor inmaken en fermenteren inkijk exemplaar Wil je zelf groenten en fruit inmaken of fermenteren? Met Inmaak- en Fermenteerbijbel ontdek je alles over conserveren, smaakontwikkeling en traditionele technieken. Auteur Simone van Thull bundelt meer dan 230 recepten en laat zien hoe je van alledaagse ingredi\u00ebnten ware smaakbommen [&hellip;]","og_url":"https:\/\/bulaoutdoor.nl\/fr\/produit\/93587\/","og_site_name":"Bula Outdoor","article_modified_time":"2026-02-17T12:38:57+00:00","og_image":[{"width":316,"height":474,"url":"https:\/\/bulaoutdoor.nl\/wp-content\/uploads\/2026\/02\/Inmaakbijbel.webp","type":"image\/webp"}],"twitter_card":"summary_large_image","twitter_misc":{"Dur\u00e9e de lecture estim\u00e9e":"2 minutes"},"schema":{"@context":"https:\/\/schema.org","@graph":[{"@type":"WebPage","@id":"https:\/\/bulaoutdoor.nl\/product\/93587\/","url":"https:\/\/bulaoutdoor.nl\/product\/93587\/","name":"- Bula Outdoor","isPartOf":{"@id":"https:\/\/bulaoutdoor.nl\/#website"},"primaryImageOfPage":{"@id":"https:\/\/bulaoutdoor.nl\/product\/93587\/#primaryimage"},"image":{"@id":"https:\/\/bulaoutdoor.nl\/product\/93587\/#primaryimage"},"thumbnailUrl":"https:\/\/bulaoutdoor.nl\/wp-content\/uploads\/2026\/02\/Inmaakbijbel.webp","datePublished":"2026-02-17T12:28:25+00:00","dateModified":"2026-02-17T12:38:57+00:00","breadcrumb":{"@id":"https:\/\/bulaoutdoor.nl\/product\/93587\/#breadcrumb"},"inLanguage":"fr-FR","potentialAction":[{"@type":"ReadAction","target":["https:\/\/bulaoutdoor.nl\/product\/93587\/"]}]},{"@type":"ImageObject","inLanguage":"fr-FR","@id":"https:\/\/bulaoutdoor.nl\/product\/93587\/#primaryimage","url":"https:\/\/bulaoutdoor.nl\/wp-content\/uploads\/2026\/02\/Inmaakbijbel.webp","contentUrl":"https:\/\/bulaoutdoor.nl\/wp-content\/uploads\/2026\/02\/Inmaakbijbel.webp","width":316,"height":474},{"@type":"BreadcrumbList","@id":"https:\/\/bulaoutdoor.nl\/product\/93587\/#breadcrumb","itemListElement":[{"@type":"ListItem","position":1,"name":"Home","item":"https:\/\/bulaoutdoor.nl\/"},{"@type":"ListItem","position":2,"name":"Online BBQ kopen","item":"https:\/\/bulaoutdoor.nl\/"}]},{"@type":"WebSite","@id":"https:\/\/bulaoutdoor.nl\/#website","url":"https:\/\/bulaoutdoor.nl\/","name":"Bula Outdoor","description":"Pour votre chemin\u00e9e ext\u00e9rieure, votre barbecue, votre torche de jardin et votre four \u00e0 bois","publisher":{"@id":"https:\/\/bulaoutdoor.nl\/#organization"},"potentialAction":[{"@type":"SearchAction","target":{"@type":"EntryPoint","urlTemplate":"https:\/\/bulaoutdoor.nl\/?s={search_term_string}"},"query-input":{"@type":"PropertyValueSpecification","valueRequired":true,"valueName":"search_term_string"}}],"inLanguage":"fr-FR"},{"@type":"Organization","@id":"https:\/\/bulaoutdoor.nl\/#organization","name":"Bula Outdoor","url":"https:\/\/bulaoutdoor.nl\/","logo":{"@type":"ImageObject","inLanguage":"fr-FR","@id":"https:\/\/bulaoutdoor.nl\/#\/schema\/logo\/image\/","url":"https:\/\/www.bulaoutdoor.nl\/wp-content\/uploads\/2018\/04\/bulaoutdoor-logo.png","contentUrl":"https:\/\/www.bulaoutdoor.nl\/wp-content\/uploads\/2018\/04\/bulaoutdoor-logo.png","width":324,"height":91,"caption":"Bula Outdoor"},"image":{"@id":"https:\/\/bulaoutdoor.nl\/#\/schema\/logo\/image\/"}}]}},"jetpack_sharing_enabled":true,"_links":{"self":[{"href":"https:\/\/bulaoutdoor.nl\/fr\/wp-json\/wp\/v2\/product\/93587","targetHints":{"allow":["GET"]}}],"collection":[{"href":"https:\/\/bulaoutdoor.nl\/fr\/wp-json\/wp\/v2\/product"}],"about":[{"href":"https:\/\/bulaoutdoor.nl\/fr\/wp-json\/wp\/v2\/types\/product"}],"replies":[{"embeddable":true,"href":"https:\/\/bulaoutdoor.nl\/fr\/wp-json\/wp\/v2\/comments?post=93587"}],"wp:featuredmedia":[{"embeddable":true,"href":"https:\/\/bulaoutdoor.nl\/fr\/wp-json\/wp\/v2\/media\/93574"}],"wp:attachment":[{"href":"https:\/\/bulaoutdoor.nl\/fr\/wp-json\/wp\/v2\/media?parent=93587"}],"wp:term":[{"taxonomy":"product_brand","embeddable":true,"href":"https:\/\/bulaoutdoor.nl\/fr\/wp-json\/wp\/v2\/product_brand?post=93587"},{"taxonomy":"product_cat","embeddable":true,"href":"https:\/\/bulaoutdoor.nl\/fr\/wp-json\/wp\/v2\/product_cat?post=93587"},{"taxonomy":"product_tag","embeddable":true,"href":"https:\/\/bulaoutdoor.nl\/fr\/wp-json\/wp\/v2\/product_tag?post=93587"}],"curies":[{"name":"wp","href":"https:\/\/api.w.org\/{rel}","templated":true}]}}