{"id":93589,"date":"2026-02-17T15:29:44","date_gmt":"2026-02-17T15:29:44","guid":{"rendered":"https:\/\/bulaoutdoor.nl\/?post_type=product&#038;p=93589"},"modified":"2026-02-26T11:35:01","modified_gmt":"2026-02-26T11:35:01","slug":"commander-un-dejeuner-festival-de-musique-26","status":"publish","type":"product","link":"https:\/\/bulaoutdoor.nl\/fr\/product\/commander-un-dejeuner-festival-de-musique-26\/","title":{"rendered":"Commander un d\u00e9jeuner Festival de musique \u201926"},"content":{"rendered":"<h2>R\u00e9servez ici votre d\u00e9jeuner trois services pour le Festival de musique 2026.<\/h2>\n<p>Le 11 octobre 2026 \u00e0 partir de midi.<\/p>\n<p>5567 Route Basse, Prie Dieu, 47210, Bournel, France https:\/\/maps.app.goo.gl\/jDirAPkwBifnEBEx8<\/p>\n<p>Veuillez indiquer toute demande particuli\u00e8re dans la zone de commentaires, par exemple si vous \u00eates v\u00e9g\u00e9tarien.<\/p>\n<p>Vous pouvez \u00e9galement venir manger sans r\u00e9servation, mais nous ne pouvons garantir la disponibilit\u00e9.<\/p>","protected":false},"excerpt":{"rendered":"<h4>R\u00e9servez en ligne \u00e0 l'avance et payez \u20ac 15 au lieu de \u20ac 16,50.<\/h4>","protected":false},"featured_media":93591,"comment_status":"open","ping_status":"closed","template":"","meta":{"_acf_changed":false},"product_brand":[],"product_cat":[222],"product_tag":[1458,1457],"class_list":{"0":"post-93589","1":"product","2":"type-product","3":"status-publish","4":"has-post-thumbnail","6":"product_cat-pizza-houtoven-workshop","7":"product_tag-bournel","8":"product_tag-festival-de-musique","10":"first","11":"instock","12":"taxable","13":"shipping-taxable","14":"purchasable","15":"product-type-simple"},"acf":[],"yoast_head":"<!-- This site is optimized with the Yoast SEO plugin v27.3 - https:\/\/yoast.com\/product\/yoast-seo-wordpress\/ -->\n<title>Commander un d\u00e9jeuner Festival de musique &#039;26 &#8211; Bula Outdoor<\/title>\n<meta name=\"robots\" content=\"index, follow, max-snippet:-1, max-image-preview:large, max-video-preview:-1\" \/>\n<link rel=\"canonical\" href=\"https:\/\/bulaoutdoor.nl\/fr\/produit\/commander-un-dejeuner-festival-de-musique-26\/\" \/>\n<meta property=\"og:locale\" content=\"fr_FR\" \/>\n<meta property=\"og:type\" content=\"article\" \/>\n<meta property=\"og:title\" content=\"Commander un d\u00e9jeuner Festival de musique &#039;26 &#8211; Bula Outdoor\" \/>\n<meta property=\"og:description\" content=\"R\u00e9servez en ligne \u00e0 l\u2019avance et payez \u20ac 15,- au lieu de \u20ac 16,50.\" \/>\n<meta property=\"og:url\" content=\"https:\/\/bulaoutdoor.nl\/fr\/produit\/commander-un-dejeuner-festival-de-musique-26\/\" \/>\n<meta property=\"og:site_name\" content=\"Bula Outdoor\" \/>\n<meta property=\"article:modified_time\" content=\"2026-02-26T11:35:01+00:00\" \/>\n<meta property=\"og:image\" content=\"https:\/\/bulaoutdoor.nl\/wp-content\/uploads\/2026\/02\/IMG_9505-scaled-e1771341681744.jpeg\" \/>\n\t<meta property=\"og:image:width\" content=\"1000\" \/>\n\t<meta property=\"og:image:height\" content=\"750\" \/>\n\t<meta property=\"og:image:type\" content=\"image\/jpeg\" \/>\n<meta name=\"twitter:card\" content=\"summary_large_image\" \/>\n<meta name=\"twitter:label1\" content=\"Dur\u00e9e de lecture estim\u00e9e\" \/>\n\t<meta name=\"twitter:data1\" content=\"1 minute\" \/>\n<script type=\"application\/ld+json\" class=\"yoast-schema-graph\">{\"@context\":\"https:\\\/\\\/schema.org\",\"@graph\":[{\"@type\":\"WebPage\",\"@id\":\"https:\\\/\\\/bulaoutdoor.nl\\\/product\\\/commander-un-dejeuner-festival-de-musique-26\\\/\",\"url\":\"https:\\\/\\\/bulaoutdoor.nl\\\/product\\\/commander-un-dejeuner-festival-de-musique-26\\\/\",\"name\":\"Commander un d\u00e9jeuner Festival de musique '26 &#8211; Bula Outdoor\",\"isPartOf\":{\"@id\":\"https:\\\/\\\/bulaoutdoor.nl\\\/#website\"},\"primaryImageOfPage\":{\"@id\":\"https:\\\/\\\/bulaoutdoor.nl\\\/product\\\/commander-un-dejeuner-festival-de-musique-26\\\/#primaryimage\"},\"image\":{\"@id\":\"https:\\\/\\\/bulaoutdoor.nl\\\/product\\\/commander-un-dejeuner-festival-de-musique-26\\\/#primaryimage\"},\"thumbnailUrl\":\"https:\\\/\\\/bulaoutdoor.nl\\\/wp-content\\\/uploads\\\/2026\\\/02\\\/IMG_9505-scaled-e1771341681744.jpeg\",\"datePublished\":\"2026-02-17T15:29:44+00:00\",\"dateModified\":\"2026-02-26T11:35:01+00:00\",\"breadcrumb\":{\"@id\":\"https:\\\/\\\/bulaoutdoor.nl\\\/product\\\/commander-un-dejeuner-festival-de-musique-26\\\/#breadcrumb\"},\"inLanguage\":\"fr-FR\",\"potentialAction\":[{\"@type\":\"ReadAction\",\"target\":[\"https:\\\/\\\/bulaoutdoor.nl\\\/product\\\/commander-un-dejeuner-festival-de-musique-26\\\/\"]}]},{\"@type\":\"ImageObject\",\"inLanguage\":\"fr-FR\",\"@id\":\"https:\\\/\\\/bulaoutdoor.nl\\\/product\\\/commander-un-dejeuner-festival-de-musique-26\\\/#primaryimage\",\"url\":\"https:\\\/\\\/bulaoutdoor.nl\\\/wp-content\\\/uploads\\\/2026\\\/02\\\/IMG_9505-scaled-e1771341681744.jpeg\",\"contentUrl\":\"https:\\\/\\\/bulaoutdoor.nl\\\/wp-content\\\/uploads\\\/2026\\\/02\\\/IMG_9505-scaled-e1771341681744.jpeg\",\"width\":1000,\"height\":750},{\"@type\":\"BreadcrumbList\",\"@id\":\"https:\\\/\\\/bulaoutdoor.nl\\\/product\\\/commander-un-dejeuner-festival-de-musique-26\\\/#breadcrumb\",\"itemListElement\":[{\"@type\":\"ListItem\",\"position\":1,\"name\":\"Home\",\"item\":\"https:\\\/\\\/bulaoutdoor.nl\\\/\"},{\"@type\":\"ListItem\",\"position\":2,\"name\":\"Online BBQ kopen\",\"item\":\"https:\\\/\\\/bulaoutdoor.nl\\\/\"},{\"@type\":\"ListItem\",\"position\":3,\"name\":\"Commander un d\u00e9jeuner Festival de musique &#8217;26\"}]},{\"@type\":\"WebSite\",\"@id\":\"https:\\\/\\\/bulaoutdoor.nl\\\/#website\",\"url\":\"https:\\\/\\\/bulaoutdoor.nl\\\/\",\"name\":\"Bula Outdoor\",\"description\":\"Voor uw buitenhaard, BBQ, tuinfakkel en houtoven\",\"publisher\":{\"@id\":\"https:\\\/\\\/bulaoutdoor.nl\\\/#organization\"},\"potentialAction\":[{\"@type\":\"SearchAction\",\"target\":{\"@type\":\"EntryPoint\",\"urlTemplate\":\"https:\\\/\\\/bulaoutdoor.nl\\\/?s={search_term_string}\"},\"query-input\":{\"@type\":\"PropertyValueSpecification\",\"valueRequired\":true,\"valueName\":\"search_term_string\"}}],\"inLanguage\":\"fr-FR\"},{\"@type\":\"Organization\",\"@id\":\"https:\\\/\\\/bulaoutdoor.nl\\\/#organization\",\"name\":\"Bula Outdoor\",\"url\":\"https:\\\/\\\/bulaoutdoor.nl\\\/\",\"logo\":{\"@type\":\"ImageObject\",\"inLanguage\":\"fr-FR\",\"@id\":\"https:\\\/\\\/bulaoutdoor.nl\\\/#\\\/schema\\\/logo\\\/image\\\/\",\"url\":\"https:\\\/\\\/www.bulaoutdoor.nl\\\/wp-content\\\/uploads\\\/2018\\\/04\\\/bulaoutdoor-logo.png\",\"contentUrl\":\"https:\\\/\\\/www.bulaoutdoor.nl\\\/wp-content\\\/uploads\\\/2018\\\/04\\\/bulaoutdoor-logo.png\",\"width\":324,\"height\":91,\"caption\":\"Bula Outdoor\"},\"image\":{\"@id\":\"https:\\\/\\\/bulaoutdoor.nl\\\/#\\\/schema\\\/logo\\\/image\\\/\"}}]}<\/script>\n<!-- \/ Yoast SEO plugin. -->","yoast_head_json":{"title":"Commander un d\u00e9jeuner Festival de musique '26 - Bula Outdoor","robots":{"index":"index","follow":"follow","max-snippet":"max-snippet:-1","max-image-preview":"max-image-preview:large","max-video-preview":"max-video-preview:-1"},"canonical":"https:\/\/bulaoutdoor.nl\/fr\/produit\/commander-un-dejeuner-festival-de-musique-26\/","og_locale":"fr_FR","og_type":"article","og_title":"Commander un d\u00e9jeuner Festival de musique '26 &#8211; Bula Outdoor","og_description":"R\u00e9servez en ligne \u00e0 l\u2019avance et payez \u20ac 15,- au lieu de \u20ac 16,50.","og_url":"https:\/\/bulaoutdoor.nl\/fr\/produit\/commander-un-dejeuner-festival-de-musique-26\/","og_site_name":"Bula Outdoor","article_modified_time":"2026-02-26T11:35:01+00:00","og_image":[{"width":1000,"height":750,"url":"https:\/\/bulaoutdoor.nl\/wp-content\/uploads\/2026\/02\/IMG_9505-scaled-e1771341681744.jpeg","type":"image\/jpeg"}],"twitter_card":"summary_large_image","twitter_misc":{"Dur\u00e9e de lecture estim\u00e9e":"1 minute"},"schema":{"@context":"https:\/\/schema.org","@graph":[{"@type":"WebPage","@id":"https:\/\/bulaoutdoor.nl\/product\/commander-un-dejeuner-festival-de-musique-26\/","url":"https:\/\/bulaoutdoor.nl\/product\/commander-un-dejeuner-festival-de-musique-26\/","name":"Commander un d\u00e9jeuner Festival de musique '26 - Bula Outdoor","isPartOf":{"@id":"https:\/\/bulaoutdoor.nl\/#website"},"primaryImageOfPage":{"@id":"https:\/\/bulaoutdoor.nl\/product\/commander-un-dejeuner-festival-de-musique-26\/#primaryimage"},"image":{"@id":"https:\/\/bulaoutdoor.nl\/product\/commander-un-dejeuner-festival-de-musique-26\/#primaryimage"},"thumbnailUrl":"https:\/\/bulaoutdoor.nl\/wp-content\/uploads\/2026\/02\/IMG_9505-scaled-e1771341681744.jpeg","datePublished":"2026-02-17T15:29:44+00:00","dateModified":"2026-02-26T11:35:01+00:00","breadcrumb":{"@id":"https:\/\/bulaoutdoor.nl\/product\/commander-un-dejeuner-festival-de-musique-26\/#breadcrumb"},"inLanguage":"fr-FR","potentialAction":[{"@type":"ReadAction","target":["https:\/\/bulaoutdoor.nl\/product\/commander-un-dejeuner-festival-de-musique-26\/"]}]},{"@type":"ImageObject","inLanguage":"fr-FR","@id":"https:\/\/bulaoutdoor.nl\/product\/commander-un-dejeuner-festival-de-musique-26\/#primaryimage","url":"https:\/\/bulaoutdoor.nl\/wp-content\/uploads\/2026\/02\/IMG_9505-scaled-e1771341681744.jpeg","contentUrl":"https:\/\/bulaoutdoor.nl\/wp-content\/uploads\/2026\/02\/IMG_9505-scaled-e1771341681744.jpeg","width":1000,"height":750},{"@type":"BreadcrumbList","@id":"https:\/\/bulaoutdoor.nl\/product\/commander-un-dejeuner-festival-de-musique-26\/#breadcrumb","itemListElement":[{"@type":"ListItem","position":1,"name":"Home","item":"https:\/\/bulaoutdoor.nl\/"},{"@type":"ListItem","position":2,"name":"Online BBQ kopen","item":"https:\/\/bulaoutdoor.nl\/"},{"@type":"ListItem","position":3,"name":"Commander un d\u00e9jeuner Festival de musique &#8217;26"}]},{"@type":"WebSite","@id":"https:\/\/bulaoutdoor.nl\/#website","url":"https:\/\/bulaoutdoor.nl\/","name":"Bula Outdoor","description":"Pour votre chemin\u00e9e ext\u00e9rieure, votre barbecue, votre torche de jardin et votre four \u00e0 bois","publisher":{"@id":"https:\/\/bulaoutdoor.nl\/#organization"},"potentialAction":[{"@type":"SearchAction","target":{"@type":"EntryPoint","urlTemplate":"https:\/\/bulaoutdoor.nl\/?s={search_term_string}"},"query-input":{"@type":"PropertyValueSpecification","valueRequired":true,"valueName":"search_term_string"}}],"inLanguage":"fr-FR"},{"@type":"Organization","@id":"https:\/\/bulaoutdoor.nl\/#organization","name":"Bula Outdoor","url":"https:\/\/bulaoutdoor.nl\/","logo":{"@type":"ImageObject","inLanguage":"fr-FR","@id":"https:\/\/bulaoutdoor.nl\/#\/schema\/logo\/image\/","url":"https:\/\/www.bulaoutdoor.nl\/wp-content\/uploads\/2018\/04\/bulaoutdoor-logo.png","contentUrl":"https:\/\/www.bulaoutdoor.nl\/wp-content\/uploads\/2018\/04\/bulaoutdoor-logo.png","width":324,"height":91,"caption":"Bula Outdoor"},"image":{"@id":"https:\/\/bulaoutdoor.nl\/#\/schema\/logo\/image\/"}}]}},"jetpack_sharing_enabled":true,"_links":{"self":[{"href":"https:\/\/bulaoutdoor.nl\/fr\/wp-json\/wp\/v2\/product\/93589","targetHints":{"allow":["GET"]}}],"collection":[{"href":"https:\/\/bulaoutdoor.nl\/fr\/wp-json\/wp\/v2\/product"}],"about":[{"href":"https:\/\/bulaoutdoor.nl\/fr\/wp-json\/wp\/v2\/types\/product"}],"replies":[{"embeddable":true,"href":"https:\/\/bulaoutdoor.nl\/fr\/wp-json\/wp\/v2\/comments?post=93589"}],"wp:featuredmedia":[{"embeddable":true,"href":"https:\/\/bulaoutdoor.nl\/fr\/wp-json\/wp\/v2\/media\/93591"}],"wp:attachment":[{"href":"https:\/\/bulaoutdoor.nl\/fr\/wp-json\/wp\/v2\/media?parent=93589"}],"wp:term":[{"taxonomy":"product_brand","embeddable":true,"href":"https:\/\/bulaoutdoor.nl\/fr\/wp-json\/wp\/v2\/product_brand?post=93589"},{"taxonomy":"product_cat","embeddable":true,"href":"https:\/\/bulaoutdoor.nl\/fr\/wp-json\/wp\/v2\/product_cat?post=93589"},{"taxonomy":"product_tag","embeddable":true,"href":"https:\/\/bulaoutdoor.nl\/fr\/wp-json\/wp\/v2\/product_tag?post=93589"}],"curies":[{"name":"wp","href":"https:\/\/api.w.org\/{rel}","templated":true}]}}