{"id":93843,"date":"2026-02-20T16:39:46","date_gmt":"2026-02-20T16:39:46","guid":{"rendered":"https:\/\/bulaoutdoor.nl\/?post_type=product&#038;p=93843"},"modified":"2026-02-20T16:39:46","modified_gmt":"2026-02-20T16:39:46","slug":"fer-civique","status":"publish","type":"product","link":"https:\/\/bulaoutdoor.nl\/fr\/product\/burgerijzer\/","title":{"rendered":"Fer civil"},"content":{"rendered":"<h2 data-start=\"69\" data-end=\"139\">Burger Iron TWM020 - Fer \u00e0 tarte en fonte pour feu de camp et barbecue<\/h2>\n<p data-start=\"141\" data-end=\"399\">Les <strong data-start=\"145\" data-end=\"167\">Fer \u00e0 repasser Citizen TWM020<\/strong> est l'outil id\u00e9al pour pr\u00e9parer des hamburgers juteux sur un feu ouvert ou au barbecue. Ce fer \u00e0 tarte robuste est fabriqu\u00e9 en fonte de haute qualit\u00e9 et garantit une distribution optimale de la chaleur et une saveur de grillade authentique.<\/p>\n<p data-start=\"401\" data-end=\"721\">Les fers \u00e0 tarte classiques sont dot\u00e9s de longues tiges en acier inoxydable et de poign\u00e9es en bois, sp\u00e9cialement con\u00e7ues pour cuire en toute s\u00e9curit\u00e9 sur un feu de camp. Ce mod\u00e8le est dot\u00e9 d'un manche modifi\u00e9 et plus court, ce qui le rend particuli\u00e8rement adapt\u00e9 \u00e0 une utilisation sur le barbecue. Vous combinez ainsi s\u00e9curit\u00e9, confort et contr\u00f4le lors de la cuisson.<\/p>\n<h3 data-start=\"723\" data-end=\"773\">Forme parfaite pour les hamburgers, le poisson et les l\u00e9gumes<\/h3>\n<p data-start=\"775\" data-end=\"967\">Le fer \u00e0 hamburger a une forme ronde avec des fentes intelligentes pour permettre \u00e0 l'exc\u00e8s d'humidit\u00e9 et de graisse de s'\u00e9couler facilement. Cela permet d'obtenir de meilleurs r\u00e9sultats de grillade et un ext\u00e9rieur d\u00e9licieusement croustillant.<\/p>\n<p data-start=\"969\" data-end=\"1033\">Outre les hamburgers, ce fer \u00e0 hamburger en fonte est \u00e9galement id\u00e9al pour les hamburgers :<\/p>\n<ul data-start=\"1034\" data-end=\"1112\">\n<li data-start=\"1034\" data-end=\"1048\">\n<p data-start=\"1036\" data-end=\"1048\">Cubes de poisson<\/p>\n<\/li>\n<li data-start=\"1049\" data-end=\"1061\">\n<p data-start=\"1051\" data-end=\"1061\">L\u00e9gumes<\/p>\n<\/li>\n<li data-start=\"1062\" data-end=\"1086\">\n<p data-start=\"1064\" data-end=\"1086\">Hamburgers v\u00e9g\u00e9tariens<\/p>\n<\/li>\n<li data-start=\"1087\" data-end=\"1112\">\n<p data-start=\"1089\" data-end=\"1112\">Petits plats de viande<\/p>\n<\/li>\n<\/ul>\n<p data-start=\"1114\" data-end=\"1302\">Que vous cuisiniez sur un feu de camp ou sur un barbecue dans votre jardin, le Burger Iron TWM020 vous permet de cr\u00e9er facilement des plats savoureux et de vivre une v\u00e9ritable exp\u00e9rience en plein air.<\/p>\n<hr data-start=\"1304\" data-end=\"1307\" \/>\n<h2 data-start=\"1309\" data-end=\"1344\">Sp\u00e9cifications Citizen Iron TWM020<\/h2>\n<ul data-start=\"1346\" data-end=\"1498\">\n<li data-start=\"1346\" data-end=\"1371\">\n<p data-start=\"1348\" data-end=\"1371\"><strong data-start=\"1348\" data-end=\"1360\">Poids :<\/strong> 950 g<\/p>\n<\/li>\n<li data-start=\"1372\" data-end=\"1394\">\n<p data-start=\"1374\" data-end=\"1394\"><strong data-start=\"1374\" data-end=\"1385\">Longueur :<\/strong> 715 mm<\/p>\n<\/li>\n<li data-start=\"1395\" data-end=\"1428\">\n<p data-start=\"1397\" data-end=\"1428\"><strong data-start=\"1397\" data-end=\"1421\">Diam\u00e8tre des poign\u00e9es :<\/strong> 7 mm<\/p>\n<\/li>\n<li data-start=\"1429\" data-end=\"1457\">\n<p data-start=\"1431\" data-end=\"1457\"><strong data-start=\"1431\" data-end=\"1445\">Mat\u00e9riau :<\/strong> Fonte<\/p>\n<\/li>\n<li data-start=\"1458\" data-end=\"1498\">\n<p data-start=\"1460\" data-end=\"1498\"><strong data-start=\"1460\" data-end=\"1475\">Application :<\/strong> Feu de camp et barbecue<\/p>\n<\/li>\n<\/ul>\n<hr data-start=\"1500\" data-end=\"1503\" \/>\n<h3 data-start=\"1505\" data-end=\"1551\">Pourquoi choisir le Citizen's Iron TWM020 ?<\/h3>\n<ul data-start=\"1553\" data-end=\"1736\">\n<li data-start=\"1553\" data-end=\"1586\">\n<p data-start=\"1555\" data-end=\"1586\">Fonte durable et robuste<\/p>\n<\/li>\n<li data-start=\"1587\" data-end=\"1615\">\n<p data-start=\"1589\" data-end=\"1615\">Distribution optimale de la chaleur<\/p>\n<\/li>\n<li data-start=\"1616\" data-end=\"1652\">\n<p data-start=\"1618\" data-end=\"1652\">Forme ronde avec fentes d'\u00e9vacuation de la graisse<\/p>\n<\/li>\n<li data-start=\"1653\" data-end=\"1691\">\n<p data-start=\"1655\" data-end=\"1691\">Convient pour le feu de camp et le barbecue<\/p>\n<\/li>\n<li data-start=\"1692\" data-end=\"1736\">\n<p data-start=\"1694\" data-end=\"1736\">Parfait pour la cuisine en plein air et le camping<\/p>\n<\/li>\n<\/ul>\n<p data-start=\"1738\" data-end=\"1891\" data-is-last-node=\"\" data-is-only-node=\"\">Avec le Burger Iron TWM020, vous disposez d'un accessoire de cuisson polyvalent et durable qui ne doit manquer \u00e0 aucun amateur de barbecue ou de camping. \ud83d\udd25<\/p>","protected":false},"excerpt":{"rendered":"<p>Burgerijzer TWM020 \u2013 Gietijzeren pie iron voor kampvuur en barbecue Het Burgerijzer TWM020 is d\u00e9 perfecte tool voor het bereiden van sappige hamburgers boven open vuur of op de barbecue. Dit robuuste pie iron is gemaakt van hoogwaardig gietijzer en staat garant voor optimale warmteverdeling en een authentieke grillsmaak. Kenmerkend aan de pie irons zijn [&hellip;]<\/p>\n","protected":false},"featured_media":93844,"comment_status":"open","ping_status":"closed","template":"","meta":{"_acf_changed":false},"product_brand":[],"product_cat":[26,1448],"product_tag":[43,1459,87],"class_list":{"0":"post-93843","1":"product","2":"type-product","3":"status-publish","4":"has-post-thumbnail","6":"product_cat-outdoor-kookset","7":"product_cat-uitverkoop","8":"product_tag-bbq","9":"product_tag-burgerijzer","10":"product_tag-gietijzer","12":"first","13":"instock","14":"sale","15":"taxable","16":"shipping-taxable","17":"purchasable","18":"product-type-simple"},"acf":[],"yoast_head":"<!-- This site is optimized with the Yoast SEO plugin v27.3 - https:\/\/yoast.com\/product\/yoast-seo-wordpress\/ -->\n<title>Burgerijzer &#8211; Bula Outdoor<\/title>\n<meta name=\"robots\" content=\"index, follow, max-snippet:-1, max-image-preview:large, max-video-preview:-1\" \/>\n<link rel=\"canonical\" href=\"https:\/\/bulaoutdoor.nl\/fr\/produit\/fer-civique\/\" \/>\n<meta property=\"og:locale\" content=\"fr_FR\" \/>\n<meta property=\"og:type\" content=\"article\" \/>\n<meta property=\"og:title\" content=\"Burgerijzer &#8211; Bula Outdoor\" \/>\n<meta property=\"og:description\" content=\"Burgerijzer TWM020 \u2013 Gietijzeren pie iron voor kampvuur en barbecue Het Burgerijzer TWM020 is d\u00e9 perfecte tool voor het bereiden van sappige hamburgers boven open vuur of op de barbecue. Dit robuuste pie iron is gemaakt van hoogwaardig gietijzer en staat garant voor optimale warmteverdeling en een authentieke grillsmaak. Kenmerkend aan de pie irons zijn [&hellip;]\" \/>\n<meta property=\"og:url\" content=\"https:\/\/bulaoutdoor.nl\/fr\/produit\/fer-civique\/\" \/>\n<meta property=\"og:site_name\" content=\"Bula Outdoor\" \/>\n<meta property=\"og:image\" content=\"https:\/\/bulaoutdoor.nl\/wp-content\/uploads\/2026\/02\/Scherm\u00adafbeelding-2026-02-20-om-17.31.38.png\" \/>\n\t<meta property=\"og:image:width\" content=\"2400\" \/>\n\t<meta property=\"og:image:height\" content=\"1454\" \/>\n\t<meta property=\"og:image:type\" content=\"image\/png\" \/>\n<meta name=\"twitter:card\" content=\"summary_large_image\" \/>\n<meta name=\"twitter:label1\" content=\"Dur\u00e9e de lecture estim\u00e9e\" \/>\n\t<meta name=\"twitter:data1\" content=\"2 minutes\" \/>\n<script type=\"application\/ld+json\" class=\"yoast-schema-graph\">{\"@context\":\"https:\\\/\\\/schema.org\",\"@graph\":[{\"@type\":\"WebPage\",\"@id\":\"https:\\\/\\\/bulaoutdoor.nl\\\/product\\\/burgerijzer\\\/\",\"url\":\"https:\\\/\\\/bulaoutdoor.nl\\\/product\\\/burgerijzer\\\/\",\"name\":\"Burgerijzer &#8211; Bula Outdoor\",\"isPartOf\":{\"@id\":\"https:\\\/\\\/bulaoutdoor.nl\\\/#website\"},\"primaryImageOfPage\":{\"@id\":\"https:\\\/\\\/bulaoutdoor.nl\\\/product\\\/burgerijzer\\\/#primaryimage\"},\"image\":{\"@id\":\"https:\\\/\\\/bulaoutdoor.nl\\\/product\\\/burgerijzer\\\/#primaryimage\"},\"thumbnailUrl\":\"https:\\\/\\\/bulaoutdoor.nl\\\/wp-content\\\/uploads\\\/2026\\\/02\\\/Scherm\u00adafbeelding-2026-02-20-om-17.31.38.png\",\"datePublished\":\"2026-02-20T16:39:46+00:00\",\"breadcrumb\":{\"@id\":\"https:\\\/\\\/bulaoutdoor.nl\\\/product\\\/burgerijzer\\\/#breadcrumb\"},\"inLanguage\":\"fr-FR\",\"potentialAction\":[{\"@type\":\"ReadAction\",\"target\":[\"https:\\\/\\\/bulaoutdoor.nl\\\/product\\\/burgerijzer\\\/\"]}]},{\"@type\":\"ImageObject\",\"inLanguage\":\"fr-FR\",\"@id\":\"https:\\\/\\\/bulaoutdoor.nl\\\/product\\\/burgerijzer\\\/#primaryimage\",\"url\":\"https:\\\/\\\/bulaoutdoor.nl\\\/wp-content\\\/uploads\\\/2026\\\/02\\\/Scherm\u00adafbeelding-2026-02-20-om-17.31.38.png\",\"contentUrl\":\"https:\\\/\\\/bulaoutdoor.nl\\\/wp-content\\\/uploads\\\/2026\\\/02\\\/Scherm\u00adafbeelding-2026-02-20-om-17.31.38.png\",\"width\":2400,\"height\":1454},{\"@type\":\"BreadcrumbList\",\"@id\":\"https:\\\/\\\/bulaoutdoor.nl\\\/product\\\/burgerijzer\\\/#breadcrumb\",\"itemListElement\":[{\"@type\":\"ListItem\",\"position\":1,\"name\":\"Home\",\"item\":\"https:\\\/\\\/bulaoutdoor.nl\\\/\"},{\"@type\":\"ListItem\",\"position\":2,\"name\":\"Online BBQ kopen\",\"item\":\"https:\\\/\\\/bulaoutdoor.nl\\\/\"},{\"@type\":\"ListItem\",\"position\":3,\"name\":\"Burgerijzer\"}]},{\"@type\":\"WebSite\",\"@id\":\"https:\\\/\\\/bulaoutdoor.nl\\\/#website\",\"url\":\"https:\\\/\\\/bulaoutdoor.nl\\\/\",\"name\":\"Bula Outdoor\",\"description\":\"Voor uw buitenhaard, BBQ, tuinfakkel en houtoven\",\"publisher\":{\"@id\":\"https:\\\/\\\/bulaoutdoor.nl\\\/#organization\"},\"potentialAction\":[{\"@type\":\"SearchAction\",\"target\":{\"@type\":\"EntryPoint\",\"urlTemplate\":\"https:\\\/\\\/bulaoutdoor.nl\\\/?s={search_term_string}\"},\"query-input\":{\"@type\":\"PropertyValueSpecification\",\"valueRequired\":true,\"valueName\":\"search_term_string\"}}],\"inLanguage\":\"fr-FR\"},{\"@type\":\"Organization\",\"@id\":\"https:\\\/\\\/bulaoutdoor.nl\\\/#organization\",\"name\":\"Bula Outdoor\",\"url\":\"https:\\\/\\\/bulaoutdoor.nl\\\/\",\"logo\":{\"@type\":\"ImageObject\",\"inLanguage\":\"fr-FR\",\"@id\":\"https:\\\/\\\/bulaoutdoor.nl\\\/#\\\/schema\\\/logo\\\/image\\\/\",\"url\":\"https:\\\/\\\/www.bulaoutdoor.nl\\\/wp-content\\\/uploads\\\/2018\\\/04\\\/bulaoutdoor-logo.png\",\"contentUrl\":\"https:\\\/\\\/www.bulaoutdoor.nl\\\/wp-content\\\/uploads\\\/2018\\\/04\\\/bulaoutdoor-logo.png\",\"width\":324,\"height\":91,\"caption\":\"Bula Outdoor\"},\"image\":{\"@id\":\"https:\\\/\\\/bulaoutdoor.nl\\\/#\\\/schema\\\/logo\\\/image\\\/\"}}]}<\/script>\n<!-- \/ Yoast SEO plugin. -->","yoast_head_json":{"title":"Fer \u00e0 repasser Citizen - Bula Outdoor","robots":{"index":"index","follow":"follow","max-snippet":"max-snippet:-1","max-image-preview":"max-image-preview:large","max-video-preview":"max-video-preview:-1"},"canonical":"https:\/\/bulaoutdoor.nl\/fr\/produit\/fer-civique\/","og_locale":"fr_FR","og_type":"article","og_title":"Burgerijzer &#8211; Bula Outdoor","og_description":"Burgerijzer TWM020 \u2013 Gietijzeren pie iron voor kampvuur en barbecue Het Burgerijzer TWM020 is d\u00e9 perfecte tool voor het bereiden van sappige hamburgers boven open vuur of op de barbecue. Dit robuuste pie iron is gemaakt van hoogwaardig gietijzer en staat garant voor optimale warmteverdeling en een authentieke grillsmaak. Kenmerkend aan de pie irons zijn [&hellip;]","og_url":"https:\/\/bulaoutdoor.nl\/fr\/produit\/fer-civique\/","og_site_name":"Bula Outdoor","og_image":[{"width":2400,"height":1454,"url":"https:\/\/bulaoutdoor.nl\/wp-content\/uploads\/2026\/02\/Scherm\u00adafbeelding-2026-02-20-om-17.31.38.png","type":"image\/png"}],"twitter_card":"summary_large_image","twitter_misc":{"Dur\u00e9e de lecture estim\u00e9e":"2 minutes"},"schema":{"@context":"https:\/\/schema.org","@graph":[{"@type":"WebPage","@id":"https:\/\/bulaoutdoor.nl\/product\/burgerijzer\/","url":"https:\/\/bulaoutdoor.nl\/product\/burgerijzer\/","name":"Fer \u00e0 repasser Citizen - Bula Outdoor","isPartOf":{"@id":"https:\/\/bulaoutdoor.nl\/#website"},"primaryImageOfPage":{"@id":"https:\/\/bulaoutdoor.nl\/product\/burgerijzer\/#primaryimage"},"image":{"@id":"https:\/\/bulaoutdoor.nl\/product\/burgerijzer\/#primaryimage"},"thumbnailUrl":"https:\/\/bulaoutdoor.nl\/wp-content\/uploads\/2026\/02\/Scherm\u00adafbeelding-2026-02-20-om-17.31.38.png","datePublished":"2026-02-20T16:39:46+00:00","breadcrumb":{"@id":"https:\/\/bulaoutdoor.nl\/product\/burgerijzer\/#breadcrumb"},"inLanguage":"fr-FR","potentialAction":[{"@type":"ReadAction","target":["https:\/\/bulaoutdoor.nl\/product\/burgerijzer\/"]}]},{"@type":"ImageObject","inLanguage":"fr-FR","@id":"https:\/\/bulaoutdoor.nl\/product\/burgerijzer\/#primaryimage","url":"https:\/\/bulaoutdoor.nl\/wp-content\/uploads\/2026\/02\/Scherm\u00adafbeelding-2026-02-20-om-17.31.38.png","contentUrl":"https:\/\/bulaoutdoor.nl\/wp-content\/uploads\/2026\/02\/Scherm\u00adafbeelding-2026-02-20-om-17.31.38.png","width":2400,"height":1454},{"@type":"BreadcrumbList","@id":"https:\/\/bulaoutdoor.nl\/product\/burgerijzer\/#breadcrumb","itemListElement":[{"@type":"ListItem","position":1,"name":"Home","item":"https:\/\/bulaoutdoor.nl\/"},{"@type":"ListItem","position":2,"name":"Online BBQ kopen","item":"https:\/\/bulaoutdoor.nl\/"},{"@type":"ListItem","position":3,"name":"Burgerijzer"}]},{"@type":"WebSite","@id":"https:\/\/bulaoutdoor.nl\/#website","url":"https:\/\/bulaoutdoor.nl\/","name":"Bula Outdoor","description":"Pour votre chemin\u00e9e ext\u00e9rieure, votre barbecue, votre torche de jardin et votre four \u00e0 bois","publisher":{"@id":"https:\/\/bulaoutdoor.nl\/#organization"},"potentialAction":[{"@type":"SearchAction","target":{"@type":"EntryPoint","urlTemplate":"https:\/\/bulaoutdoor.nl\/?s={search_term_string}"},"query-input":{"@type":"PropertyValueSpecification","valueRequired":true,"valueName":"search_term_string"}}],"inLanguage":"fr-FR"},{"@type":"Organization","@id":"https:\/\/bulaoutdoor.nl\/#organization","name":"Bula Outdoor","url":"https:\/\/bulaoutdoor.nl\/","logo":{"@type":"ImageObject","inLanguage":"fr-FR","@id":"https:\/\/bulaoutdoor.nl\/#\/schema\/logo\/image\/","url":"https:\/\/www.bulaoutdoor.nl\/wp-content\/uploads\/2018\/04\/bulaoutdoor-logo.png","contentUrl":"https:\/\/www.bulaoutdoor.nl\/wp-content\/uploads\/2018\/04\/bulaoutdoor-logo.png","width":324,"height":91,"caption":"Bula Outdoor"},"image":{"@id":"https:\/\/bulaoutdoor.nl\/#\/schema\/logo\/image\/"}}]}},"jetpack_sharing_enabled":true,"_links":{"self":[{"href":"https:\/\/bulaoutdoor.nl\/fr\/wp-json\/wp\/v2\/product\/93843","targetHints":{"allow":["GET"]}}],"collection":[{"href":"https:\/\/bulaoutdoor.nl\/fr\/wp-json\/wp\/v2\/product"}],"about":[{"href":"https:\/\/bulaoutdoor.nl\/fr\/wp-json\/wp\/v2\/types\/product"}],"replies":[{"embeddable":true,"href":"https:\/\/bulaoutdoor.nl\/fr\/wp-json\/wp\/v2\/comments?post=93843"}],"wp:featuredmedia":[{"embeddable":true,"href":"https:\/\/bulaoutdoor.nl\/fr\/wp-json\/wp\/v2\/media\/93844"}],"wp:attachment":[{"href":"https:\/\/bulaoutdoor.nl\/fr\/wp-json\/wp\/v2\/media?parent=93843"}],"wp:term":[{"taxonomy":"product_brand","embeddable":true,"href":"https:\/\/bulaoutdoor.nl\/fr\/wp-json\/wp\/v2\/product_brand?post=93843"},{"taxonomy":"product_cat","embeddable":true,"href":"https:\/\/bulaoutdoor.nl\/fr\/wp-json\/wp\/v2\/product_cat?post=93843"},{"taxonomy":"product_tag","embeddable":true,"href":"https:\/\/bulaoutdoor.nl\/fr\/wp-json\/wp\/v2\/product_tag?post=93843"}],"curies":[{"name":"wp","href":"https:\/\/api.w.org\/{rel}","templated":true}]}}