{"id":93845,"date":"2026-02-20T17:07:35","date_gmt":"2026-02-20T17:07:35","guid":{"rendered":"https:\/\/bulaoutdoor.nl\/?post_type=product&#038;p=93845"},"modified":"2026-02-20T17:07:35","modified_gmt":"2026-02-20T17:07:35","slug":"tampon-de-nettoyage-twm045","status":"publish","type":"product","link":"https:\/\/bulaoutdoor.nl\/fr\/product\/cleaning-pad-twm045\/","title":{"rendered":"Tampon de nettoyage TWM045"},"content":{"rendered":"<h2 data-start=\"69\" data-end=\"144\">Le tampon de nettoyage Windmill - Nettoyage s\u00fbr et efficace de la fonte<\/h2>\n<p data-start=\"146\" data-end=\"479\">Les <strong data-start=\"149\" data-end=\"180\">Le tampon de nettoyage du moulin \u00e0 vent<\/strong> est indispensable pour nettoyer vos produits de cuisson en fonte. Apr\u00e8s avoir utilis\u00e9 votre po\u00eale, votre four hollandais ou votre plaque de gril, vous souhaitez les nettoyer rapidement et facilement sans endommager le rev\u00eatement antiadh\u00e9sif naturel. Gr\u00e2ce \u00e0 ces anneaux de nettoyage sp\u00e9ciaux, vous pouvez \u00e9liminer sans effort les r\u00e9sidus de nourriture et les salissures.<\/p>\n<p data-start=\"481\" data-end=\"826\">Lors du nettoyage de la fonte, vous pouvez <strong data-start=\"522\" data-end=\"546\">ne jamais utiliser de savon<\/strong>, Les r\u00e9sidus ne doivent pas \u00eatre enlev\u00e9s, car cela affecte l'assaisonnement soigneusement mis en place (rev\u00eatement antiadh\u00e9sif). Les anneaux de nettoyage en acier inoxydable du Windmill vous permettent de d\u00e9coller les r\u00e9sidus incrust\u00e9s sans produits chimiques. La fonte reste ainsi dans un \u00e9tat optimal et la dur\u00e9e de vie de votre ustensile de cuisine est prolong\u00e9e.<\/p>\n<h3 data-start=\"828\" data-end=\"878\">Parfait pour les casseroles en fonte et les fours hollandais<\/h3>\n<p data-start=\"880\" data-end=\"928\">Le tampon de nettoyage convient pour :<\/p>\n<ul data-start=\"929\" data-end=\"1016\">\n<li data-start=\"929\" data-end=\"953\">\n<p data-start=\"931\" data-end=\"953\">Po\u00eales en fonte<\/p>\n<\/li>\n<li data-start=\"954\" data-end=\"969\">\n<p data-start=\"956\" data-end=\"969\">Fours hollandais<\/p>\n<\/li>\n<li data-start=\"970\" data-end=\"985\">\n<p data-start=\"972\" data-end=\"985\">Plaques de gril<\/p>\n<\/li>\n<li data-start=\"986\" data-end=\"999\">\n<p data-start=\"988\" data-end=\"999\">Planchas<\/p>\n<\/li>\n<li data-start=\"1000\" data-end=\"1016\">\n<p data-start=\"1002\" data-end=\"1016\">Grilles de barbecue<\/p>\n<\/li>\n<\/ul>\n<p data-start=\"1018\" data-end=\"1155\">Gr\u00e2ce \u00e0 la poign\u00e9e en plastique robuste, le tampon tient bien dans la main et permet de nettoyer avec une pression suffisante sans fatiguer les mains.<\/p>\n<hr data-start=\"1157\" data-end=\"1160\" \/>\n<h2 data-start=\"1162\" data-end=\"1209\">Caract\u00e9ristiques du produit Le tampon de nettoyage du moulin \u00e0 vent<\/h2>\n<ul data-start=\"1211\" data-end=\"1388\">\n<li data-start=\"1211\" data-end=\"1239\">\n<p data-start=\"1213\" data-end=\"1239\">Facile \u00e0 utiliser<\/p>\n<\/li>\n<li data-start=\"1240\" data-end=\"1275\">\n<p data-start=\"1242\" data-end=\"1275\">Fabriqu\u00e9 en acier inoxydable de qualit\u00e9 alimentaire<\/p>\n<\/li>\n<li data-start=\"1276\" data-end=\"1318\">\n<p data-start=\"1278\" data-end=\"1318\">\u2714 \u00c9quip\u00e9 d'une poign\u00e9e en plastique robuste<\/p>\n<\/li>\n<li data-start=\"1319\" data-end=\"1344\">\n<p data-start=\"1321\" data-end=\"1344\">Passe au lave-vaisselle<\/p>\n<\/li>\n<li data-start=\"1345\" data-end=\"1388\">\n<p data-start=\"1347\" data-end=\"1388\">\u2714 Id\u00e9al pour les ustensiles de cuisine en fonte<\/p>\n<\/li>\n<\/ul>\n<hr data-start=\"1390\" data-end=\"1393\" \/>\n<h3 data-start=\"1395\" data-end=\"1449\">Pourquoi choisir le tampon de nettoyage The Windmill ?<\/h3>\n<ul data-start=\"1451\" data-end=\"1644\">\n<li data-start=\"1451\" data-end=\"1498\">\n<p data-start=\"1453\" data-end=\"1498\">\u00c9limine facilement les d\u00e9p\u00f4ts tenaces<\/p>\n<\/li>\n<li data-start=\"1499\" data-end=\"1555\">\n<p data-start=\"1501\" data-end=\"1555\">Conserve le rev\u00eatement antiadh\u00e9sif naturel de la fonte<\/p>\n<\/li>\n<li data-start=\"1556\" data-end=\"1575\">\n<p data-start=\"1558\" data-end=\"1575\">Pas besoin de savon<\/p>\n<\/li>\n<li data-start=\"1576\" data-end=\"1604\">\n<p data-start=\"1578\" data-end=\"1604\">Durable et r\u00e9utilisable<\/p>\n<\/li>\n<li data-start=\"1605\" data-end=\"1644\">\n<p data-start=\"1607\" data-end=\"1644\">Parfait pour les barbecues et la cuisine en plein air<\/p>\n<\/li>\n<\/ul>\n<p data-start=\"1646\" data-end=\"1788\" data-is-last-node=\"\" data-is-only-node=\"\">Le tampon de nettoyage Windmill gardera vos ustensiles de cuisine en fonte en parfait \u00e9tat - pr\u00eats pour le prochain barbecue ou le repas autour du feu de camp. \ud83d\udd25<\/p>","protected":false},"excerpt":{"rendered":"<p>The Windmill Schoonmaak Pad \u2013 Veilig en effectief reinigen van gietijzer De The Windmill Schoonmaak Pad is onmisbaar voor het reinigen van je gietijzeren kookproducten. Na gebruik van je skillet, Dutch oven of grillplaat wil je deze snel en eenvoudig schoonmaken zonder de natuurlijke anti-aanbaklaag te beschadigen. Met deze speciale schoonmaakringen verwijder je moeiteloos aanbaksels [&hellip;]<\/p>\n","protected":false},"featured_media":93846,"comment_status":"open","ping_status":"closed","template":"","meta":{"_acf_changed":false},"product_brand":[],"product_cat":[26,1448],"product_tag":[1460,1461,1462,1463],"class_list":{"0":"post-93845","1":"product","2":"type-product","3":"status-publish","4":"has-post-thumbnail","6":"product_cat-outdoor-kookset","7":"product_cat-uitverkoop","8":"product_tag-cleaning","9":"product_tag-pad","10":"product_tag-the-wind-mill","11":"product_tag-twm045","13":"first","14":"instock","15":"sale","16":"taxable","17":"shipping-taxable","18":"purchasable","19":"product-type-simple"},"acf":[],"yoast_head":"<!-- This site is optimized with the Yoast SEO plugin v27.3 - https:\/\/yoast.com\/product\/yoast-seo-wordpress\/ -->\n<title>Cleaning pad TWM045 &#8211; Bula Outdoor<\/title>\n<meta name=\"robots\" content=\"index, follow, max-snippet:-1, max-image-preview:large, max-video-preview:-1\" \/>\n<link rel=\"canonical\" href=\"https:\/\/bulaoutdoor.nl\/fr\/produit\/tampon-de-nettoyage-twm045\/\" \/>\n<meta property=\"og:locale\" content=\"fr_FR\" \/>\n<meta property=\"og:type\" content=\"article\" \/>\n<meta property=\"og:title\" content=\"Cleaning pad TWM045 &#8211; Bula Outdoor\" \/>\n<meta property=\"og:description\" content=\"The Windmill Schoonmaak Pad \u2013 Veilig en effectief reinigen van gietijzer De The Windmill Schoonmaak Pad is onmisbaar voor het reinigen van je gietijzeren kookproducten. Na gebruik van je skillet, Dutch oven of grillplaat wil je deze snel en eenvoudig schoonmaken zonder de natuurlijke anti-aanbaklaag te beschadigen. Met deze speciale schoonmaakringen verwijder je moeiteloos aanbaksels [&hellip;]\" \/>\n<meta property=\"og:url\" content=\"https:\/\/bulaoutdoor.nl\/fr\/produit\/tampon-de-nettoyage-twm045\/\" \/>\n<meta property=\"og:site_name\" content=\"Bula Outdoor\" \/>\n<meta property=\"og:image\" content=\"https:\/\/bulaoutdoor.nl\/wp-content\/uploads\/2026\/02\/Scherm\u00adafbeelding-2026-02-20-om-17.59.19-1024x638.png\" \/>\n\t<meta property=\"og:image:width\" content=\"1024\" \/>\n\t<meta property=\"og:image:height\" content=\"638\" \/>\n\t<meta property=\"og:image:type\" content=\"image\/png\" \/>\n<meta name=\"twitter:card\" content=\"summary_large_image\" \/>\n<meta name=\"twitter:label1\" content=\"Dur\u00e9e de lecture estim\u00e9e\" \/>\n\t<meta name=\"twitter:data1\" content=\"2 minutes\" \/>\n<script type=\"application\/ld+json\" class=\"yoast-schema-graph\">{\"@context\":\"https:\\\/\\\/schema.org\",\"@graph\":[{\"@type\":\"WebPage\",\"@id\":\"https:\\\/\\\/bulaoutdoor.nl\\\/product\\\/cleaning-pad-twm045\\\/\",\"url\":\"https:\\\/\\\/bulaoutdoor.nl\\\/product\\\/cleaning-pad-twm045\\\/\",\"name\":\"Cleaning pad TWM045 &#8211; Bula Outdoor\",\"isPartOf\":{\"@id\":\"https:\\\/\\\/bulaoutdoor.nl\\\/#website\"},\"primaryImageOfPage\":{\"@id\":\"https:\\\/\\\/bulaoutdoor.nl\\\/product\\\/cleaning-pad-twm045\\\/#primaryimage\"},\"image\":{\"@id\":\"https:\\\/\\\/bulaoutdoor.nl\\\/product\\\/cleaning-pad-twm045\\\/#primaryimage\"},\"thumbnailUrl\":\"https:\\\/\\\/bulaoutdoor.nl\\\/wp-content\\\/uploads\\\/2026\\\/02\\\/Scherm\u00adafbeelding-2026-02-20-om-17.59.19.png\",\"datePublished\":\"2026-02-20T17:07:35+00:00\",\"breadcrumb\":{\"@id\":\"https:\\\/\\\/bulaoutdoor.nl\\\/product\\\/cleaning-pad-twm045\\\/#breadcrumb\"},\"inLanguage\":\"fr-FR\",\"potentialAction\":[{\"@type\":\"ReadAction\",\"target\":[\"https:\\\/\\\/bulaoutdoor.nl\\\/product\\\/cleaning-pad-twm045\\\/\"]}]},{\"@type\":\"ImageObject\",\"inLanguage\":\"fr-FR\",\"@id\":\"https:\\\/\\\/bulaoutdoor.nl\\\/product\\\/cleaning-pad-twm045\\\/#primaryimage\",\"url\":\"https:\\\/\\\/bulaoutdoor.nl\\\/wp-content\\\/uploads\\\/2026\\\/02\\\/Scherm\u00adafbeelding-2026-02-20-om-17.59.19.png\",\"contentUrl\":\"https:\\\/\\\/bulaoutdoor.nl\\\/wp-content\\\/uploads\\\/2026\\\/02\\\/Scherm\u00adafbeelding-2026-02-20-om-17.59.19.png\",\"width\":2336,\"height\":1456},{\"@type\":\"BreadcrumbList\",\"@id\":\"https:\\\/\\\/bulaoutdoor.nl\\\/product\\\/cleaning-pad-twm045\\\/#breadcrumb\",\"itemListElement\":[{\"@type\":\"ListItem\",\"position\":1,\"name\":\"Home\",\"item\":\"https:\\\/\\\/bulaoutdoor.nl\\\/\"},{\"@type\":\"ListItem\",\"position\":2,\"name\":\"Online BBQ kopen\",\"item\":\"https:\\\/\\\/bulaoutdoor.nl\\\/\"},{\"@type\":\"ListItem\",\"position\":3,\"name\":\"Cleaning pad TWM045\"}]},{\"@type\":\"WebSite\",\"@id\":\"https:\\\/\\\/bulaoutdoor.nl\\\/#website\",\"url\":\"https:\\\/\\\/bulaoutdoor.nl\\\/\",\"name\":\"Bula Outdoor\",\"description\":\"Voor uw buitenhaard, BBQ, tuinfakkel en houtoven\",\"publisher\":{\"@id\":\"https:\\\/\\\/bulaoutdoor.nl\\\/#organization\"},\"potentialAction\":[{\"@type\":\"SearchAction\",\"target\":{\"@type\":\"EntryPoint\",\"urlTemplate\":\"https:\\\/\\\/bulaoutdoor.nl\\\/?s={search_term_string}\"},\"query-input\":{\"@type\":\"PropertyValueSpecification\",\"valueRequired\":true,\"valueName\":\"search_term_string\"}}],\"inLanguage\":\"fr-FR\"},{\"@type\":\"Organization\",\"@id\":\"https:\\\/\\\/bulaoutdoor.nl\\\/#organization\",\"name\":\"Bula Outdoor\",\"url\":\"https:\\\/\\\/bulaoutdoor.nl\\\/\",\"logo\":{\"@type\":\"ImageObject\",\"inLanguage\":\"fr-FR\",\"@id\":\"https:\\\/\\\/bulaoutdoor.nl\\\/#\\\/schema\\\/logo\\\/image\\\/\",\"url\":\"https:\\\/\\\/www.bulaoutdoor.nl\\\/wp-content\\\/uploads\\\/2018\\\/04\\\/bulaoutdoor-logo.png\",\"contentUrl\":\"https:\\\/\\\/www.bulaoutdoor.nl\\\/wp-content\\\/uploads\\\/2018\\\/04\\\/bulaoutdoor-logo.png\",\"width\":324,\"height\":91,\"caption\":\"Bula Outdoor\"},\"image\":{\"@id\":\"https:\\\/\\\/bulaoutdoor.nl\\\/#\\\/schema\\\/logo\\\/image\\\/\"}}]}<\/script>\n<!-- \/ Yoast SEO plugin. -->","yoast_head_json":{"title":"Tampon de nettoyage TWM045 - Bula Outdoor","robots":{"index":"index","follow":"follow","max-snippet":"max-snippet:-1","max-image-preview":"max-image-preview:large","max-video-preview":"max-video-preview:-1"},"canonical":"https:\/\/bulaoutdoor.nl\/fr\/produit\/tampon-de-nettoyage-twm045\/","og_locale":"fr_FR","og_type":"article","og_title":"Cleaning pad TWM045 &#8211; Bula Outdoor","og_description":"The Windmill Schoonmaak Pad \u2013 Veilig en effectief reinigen van gietijzer De The Windmill Schoonmaak Pad is onmisbaar voor het reinigen van je gietijzeren kookproducten. Na gebruik van je skillet, Dutch oven of grillplaat wil je deze snel en eenvoudig schoonmaken zonder de natuurlijke anti-aanbaklaag te beschadigen. Met deze speciale schoonmaakringen verwijder je moeiteloos aanbaksels [&hellip;]","og_url":"https:\/\/bulaoutdoor.nl\/fr\/produit\/tampon-de-nettoyage-twm045\/","og_site_name":"Bula Outdoor","og_image":[{"width":1024,"height":638,"url":"https:\/\/bulaoutdoor.nl\/wp-content\/uploads\/2026\/02\/Scherm\u00adafbeelding-2026-02-20-om-17.59.19-1024x638.png","type":"image\/png"}],"twitter_card":"summary_large_image","twitter_misc":{"Dur\u00e9e de lecture estim\u00e9e":"2 minutes"},"schema":{"@context":"https:\/\/schema.org","@graph":[{"@type":"WebPage","@id":"https:\/\/bulaoutdoor.nl\/product\/cleaning-pad-twm045\/","url":"https:\/\/bulaoutdoor.nl\/product\/cleaning-pad-twm045\/","name":"Tampon de nettoyage TWM045 - Bula Outdoor","isPartOf":{"@id":"https:\/\/bulaoutdoor.nl\/#website"},"primaryImageOfPage":{"@id":"https:\/\/bulaoutdoor.nl\/product\/cleaning-pad-twm045\/#primaryimage"},"image":{"@id":"https:\/\/bulaoutdoor.nl\/product\/cleaning-pad-twm045\/#primaryimage"},"thumbnailUrl":"https:\/\/bulaoutdoor.nl\/wp-content\/uploads\/2026\/02\/Scherm\u00adafbeelding-2026-02-20-om-17.59.19.png","datePublished":"2026-02-20T17:07:35+00:00","breadcrumb":{"@id":"https:\/\/bulaoutdoor.nl\/product\/cleaning-pad-twm045\/#breadcrumb"},"inLanguage":"fr-FR","potentialAction":[{"@type":"ReadAction","target":["https:\/\/bulaoutdoor.nl\/product\/cleaning-pad-twm045\/"]}]},{"@type":"ImageObject","inLanguage":"fr-FR","@id":"https:\/\/bulaoutdoor.nl\/product\/cleaning-pad-twm045\/#primaryimage","url":"https:\/\/bulaoutdoor.nl\/wp-content\/uploads\/2026\/02\/Scherm\u00adafbeelding-2026-02-20-om-17.59.19.png","contentUrl":"https:\/\/bulaoutdoor.nl\/wp-content\/uploads\/2026\/02\/Scherm\u00adafbeelding-2026-02-20-om-17.59.19.png","width":2336,"height":1456},{"@type":"BreadcrumbList","@id":"https:\/\/bulaoutdoor.nl\/product\/cleaning-pad-twm045\/#breadcrumb","itemListElement":[{"@type":"ListItem","position":1,"name":"Home","item":"https:\/\/bulaoutdoor.nl\/"},{"@type":"ListItem","position":2,"name":"Online BBQ kopen","item":"https:\/\/bulaoutdoor.nl\/"},{"@type":"ListItem","position":3,"name":"Cleaning pad TWM045"}]},{"@type":"WebSite","@id":"https:\/\/bulaoutdoor.nl\/#website","url":"https:\/\/bulaoutdoor.nl\/","name":"Bula Outdoor","description":"Pour votre chemin\u00e9e ext\u00e9rieure, votre barbecue, votre torche de jardin et votre four \u00e0 bois","publisher":{"@id":"https:\/\/bulaoutdoor.nl\/#organization"},"potentialAction":[{"@type":"SearchAction","target":{"@type":"EntryPoint","urlTemplate":"https:\/\/bulaoutdoor.nl\/?s={search_term_string}"},"query-input":{"@type":"PropertyValueSpecification","valueRequired":true,"valueName":"search_term_string"}}],"inLanguage":"fr-FR"},{"@type":"Organization","@id":"https:\/\/bulaoutdoor.nl\/#organization","name":"Bula Outdoor","url":"https:\/\/bulaoutdoor.nl\/","logo":{"@type":"ImageObject","inLanguage":"fr-FR","@id":"https:\/\/bulaoutdoor.nl\/#\/schema\/logo\/image\/","url":"https:\/\/www.bulaoutdoor.nl\/wp-content\/uploads\/2018\/04\/bulaoutdoor-logo.png","contentUrl":"https:\/\/www.bulaoutdoor.nl\/wp-content\/uploads\/2018\/04\/bulaoutdoor-logo.png","width":324,"height":91,"caption":"Bula Outdoor"},"image":{"@id":"https:\/\/bulaoutdoor.nl\/#\/schema\/logo\/image\/"}}]}},"jetpack_sharing_enabled":true,"_links":{"self":[{"href":"https:\/\/bulaoutdoor.nl\/fr\/wp-json\/wp\/v2\/product\/93845","targetHints":{"allow":["GET"]}}],"collection":[{"href":"https:\/\/bulaoutdoor.nl\/fr\/wp-json\/wp\/v2\/product"}],"about":[{"href":"https:\/\/bulaoutdoor.nl\/fr\/wp-json\/wp\/v2\/types\/product"}],"replies":[{"embeddable":true,"href":"https:\/\/bulaoutdoor.nl\/fr\/wp-json\/wp\/v2\/comments?post=93845"}],"wp:featuredmedia":[{"embeddable":true,"href":"https:\/\/bulaoutdoor.nl\/fr\/wp-json\/wp\/v2\/media\/93846"}],"wp:attachment":[{"href":"https:\/\/bulaoutdoor.nl\/fr\/wp-json\/wp\/v2\/media?parent=93845"}],"wp:term":[{"taxonomy":"product_brand","embeddable":true,"href":"https:\/\/bulaoutdoor.nl\/fr\/wp-json\/wp\/v2\/product_brand?post=93845"},{"taxonomy":"product_cat","embeddable":true,"href":"https:\/\/bulaoutdoor.nl\/fr\/wp-json\/wp\/v2\/product_cat?post=93845"},{"taxonomy":"product_tag","embeddable":true,"href":"https:\/\/bulaoutdoor.nl\/fr\/wp-json\/wp\/v2\/product_tag?post=93845"}],"curies":[{"name":"wp","href":"https:\/\/api.w.org\/{rel}","templated":true}]}}