{"id":93847,"date":"2026-02-20T17:15:38","date_gmt":"2026-02-20T17:15:38","guid":{"rendered":"https:\/\/bulaoutdoor.nl\/?post_type=product&#038;p=93847"},"modified":"2026-02-20T17:15:38","modified_gmt":"2026-02-20T17:15:38","slug":"nettoyeur-de-cotte-de-mailles-twm024","status":"publish","type":"product","link":"https:\/\/bulaoutdoor.nl\/fr\/product\/chain-mail-cleaner-twm024\/","title":{"rendered":"Nettoyeur de cotte de mailles TWM024"},"content":{"rendered":"<h2 data-start=\"69\" data-end=\"150\">Nettoyeur de cotte de mailles TWM024 - The Windmill | La cha\u00eene de nettoyage pour la fonte<\/h2>\n<p data-start=\"152\" data-end=\"495\">Les <strong data-start=\"155\" data-end=\"201\">Nettoyeur de cotte de mailles TWM024 par The Windmill<\/strong> est la solution pour nettoyer en profondeur et en toute s\u00e9curit\u00e9 vos po\u00eales et accessoires en fonte. Cette cha\u00eene de nettoyage de haute qualit\u00e9 se compose d'anneaux en acier inoxydable reli\u00e9s entre eux qui vous permettent d'\u00e9liminer facilement les r\u00e9sidus alimentaires incrust\u00e9s sans endommager le rev\u00eatement antiadh\u00e9sif naturel (assaisonnement).<\/p>\n<p data-start=\"497\" data-end=\"713\">Gr\u00e2ce \u00e0 sa conception flexible, vous pouvez facilement enrouler le nettoyeur de cotte de mailles autour de votre main ou de vos doigts. Cela vous permet d'appliquer une force suppl\u00e9mentaire sur les d\u00e9p\u00f4ts tenaces, tout en conservant un contr\u00f4le maximal pendant le nettoyage.<\/p>\n<hr data-start=\"715\" data-end=\"718\" \/>\n<h2 data-start=\"720\" data-end=\"764\">Id\u00e9al pour l'entretien de la fonte<\/h2>\n<p data-start=\"766\" data-end=\"1057\">Le nettoyage des po\u00eales en fonte est un \u00e9l\u00e9ment essentiel d'un bon entretien. N'utilisez jamais de savon sur la fonte, car cela endommagerait le rev\u00eatement antiadh\u00e9sif soigneusement constitu\u00e9. Avec cette cha\u00eene de nettoyage en acier inoxydable, vous \u00e9liminez les r\u00e9sidus incrust\u00e9s de mani\u00e8re s\u00fbre et efficace, sans produits chimiques.<\/p>\n<p data-start=\"1059\" data-end=\"1097\">Le nettoyeur de cotte de mailles est parfait pour :<\/p>\n<ul data-start=\"1099\" data-end=\"1222\">\n<li data-start=\"1099\" data-end=\"1123\">\n<p data-start=\"1101\" data-end=\"1123\">Po\u00eales en fonte<\/p>\n<\/li>\n<li data-start=\"1124\" data-end=\"1139\">\n<p data-start=\"1126\" data-end=\"1139\">Fours hollandais<\/p>\n<\/li>\n<li data-start=\"1140\" data-end=\"1155\">\n<p data-start=\"1142\" data-end=\"1155\">Plaques de gril<\/p>\n<\/li>\n<li data-start=\"1156\" data-end=\"1169\">\n<p data-start=\"1158\" data-end=\"1169\">Planchas<\/p>\n<\/li>\n<li data-start=\"1170\" data-end=\"1186\">\n<p data-start=\"1172\" data-end=\"1186\">Grilles de barbecue<\/p>\n<\/li>\n<li data-start=\"1187\" data-end=\"1222\">\n<p data-start=\"1189\" data-end=\"1222\">Autres accessoires en fonte<\/p>\n<\/li>\n<\/ul>\n<hr data-start=\"1224\" data-end=\"1227\" \/>\n<h2 data-start=\"1229\" data-end=\"1274\">Caract\u00e9ristiques du produit Nettoyeur de cotte de mailles TWM024<\/h2>\n<ul data-start=\"1276\" data-end=\"1466\">\n<li data-start=\"1276\" data-end=\"1314\">\n<p data-start=\"1278\" data-end=\"1314\">\u2714 Souplesse et facilit\u00e9 d'utilisation<\/p>\n<\/li>\n<li data-start=\"1315\" data-end=\"1350\">\n<p data-start=\"1317\" data-end=\"1350\">Fabriqu\u00e9 en acier inoxydable de qualit\u00e9 alimentaire<\/p>\n<\/li>\n<li data-start=\"1351\" data-end=\"1376\">\n<p data-start=\"1353\" data-end=\"1376\">Passe au lave-vaisselle<\/p>\n<\/li>\n<li data-start=\"1377\" data-end=\"1435\">\n<p data-start=\"1379\" data-end=\"1435\">\u2714 Anneaux en acier inoxydable embo\u00eet\u00e9s pour un nettoyage optimal<\/p>\n<\/li>\n<li data-start=\"1436\" data-end=\"1466\">\n<p data-start=\"1438\" data-end=\"1466\">\u2714 Durable et r\u00e9utilisable<\/p>\n<\/li>\n<\/ul>\n<hr data-start=\"1468\" data-end=\"1471\" \/>\n<h2 data-start=\"1473\" data-end=\"1527\">Pourquoi choisir le nettoyeur de cotte de mailles The Windmill ?<\/h2>\n<ul data-start=\"1529\" data-end=\"1738\">\n<li data-start=\"1529\" data-end=\"1577\">\n<p data-start=\"1531\" data-end=\"1577\">\u00c9limine efficacement les r\u00e9sidus alimentaires incrust\u00e9s<\/p>\n<\/li>\n<li data-start=\"1578\" data-end=\"1628\">\n<p data-start=\"1580\" data-end=\"1628\">Conserve l'assaisonnement naturel de la fonte<\/p>\n<\/li>\n<li data-start=\"1629\" data-end=\"1683\">\n<p data-start=\"1631\" data-end=\"1683\">Permet une meilleure prise en main et une plus grande force lors du nettoyage<\/p>\n<\/li>\n<li data-start=\"1684\" data-end=\"1738\">\n<p data-start=\"1686\" data-end=\"1738\">Indispensable pour les amateurs de barbecue et de cuisine en plein air<\/p>\n<\/li>\n<\/ul>\n<p data-start=\"1740\" data-end=\"1913\" data-is-last-node=\"\" data-is-only-node=\"\">Avec la <strong data-start=\"1747\" data-end=\"1789\">Nettoyeur de cotte de mailles The Windmill TWM024<\/strong> Gardez vos po\u00eales en fonte en parfait \u00e9tat, pr\u00eates pour le prochain barbecue, le prochain feu de camp ou la prochaine aventure en plein air. \ud83d\udd25<\/p>","protected":false},"excerpt":{"rendered":"<p>Chain Mail Cleaner TWM024 \u2013 The Windmill | D\u00e9 reinigingsketting voor gietijzer De Chain Mail Cleaner TWM024 van The Windmill is d\u00e9 oplossing voor het grondig en veilig reinigen van je gietijzeren pannen en accessoires. Deze hoogwaardige reinigingsketting bestaat uit aaneengeschakelde RVS ringen waarmee je eenvoudig aangekoekte etensresten verwijdert, zonder de natuurlijke anti-aanbaklaag (seasoning) te [&hellip;]<\/p>\n","protected":false},"featured_media":93848,"comment_status":"open","ping_status":"closed","template":"","meta":{"_acf_changed":false},"product_brand":[],"product_cat":[26,1448],"product_tag":[1464],"class_list":{"0":"post-93847","1":"product","2":"type-product","3":"status-publish","4":"has-post-thumbnail","6":"product_cat-outdoor-kookset","7":"product_cat-uitverkoop","8":"product_tag-chain-mail","10":"first","11":"instock","12":"sale","13":"taxable","14":"shipping-taxable","15":"purchasable","16":"product-type-simple"},"acf":[],"yoast_head":"<!-- This site is optimized with the Yoast SEO plugin v27.3 - https:\/\/yoast.com\/product\/yoast-seo-wordpress\/ -->\n<title>Chain mail cleaner TWM024 &#8211; Bula Outdoor<\/title>\n<meta name=\"robots\" content=\"index, follow, max-snippet:-1, max-image-preview:large, max-video-preview:-1\" \/>\n<link rel=\"canonical\" href=\"https:\/\/bulaoutdoor.nl\/fr\/produit\/nettoyeur-de-cotte-de-mailles-twm024\/\" \/>\n<meta property=\"og:locale\" content=\"fr_FR\" \/>\n<meta property=\"og:type\" content=\"article\" \/>\n<meta property=\"og:title\" content=\"Chain mail cleaner TWM024 &#8211; Bula Outdoor\" \/>\n<meta property=\"og:description\" content=\"Chain Mail Cleaner TWM024 \u2013 The Windmill | D\u00e9 reinigingsketting voor gietijzer De Chain Mail Cleaner TWM024 van The Windmill is d\u00e9 oplossing voor het grondig en veilig reinigen van je gietijzeren pannen en accessoires. Deze hoogwaardige reinigingsketting bestaat uit aaneengeschakelde RVS ringen waarmee je eenvoudig aangekoekte etensresten verwijdert, zonder de natuurlijke anti-aanbaklaag (seasoning) te [&hellip;]\" \/>\n<meta property=\"og:url\" content=\"https:\/\/bulaoutdoor.nl\/fr\/produit\/nettoyeur-de-cotte-de-mailles-twm024\/\" \/>\n<meta property=\"og:site_name\" content=\"Bula Outdoor\" \/>\n<meta property=\"og:image\" content=\"https:\/\/bulaoutdoor.nl\/wp-content\/uploads\/2026\/02\/Scherm\u00adafbeelding-2026-02-20-om-18.09.58-1024x659.png\" \/>\n\t<meta property=\"og:image:width\" content=\"1024\" \/>\n\t<meta property=\"og:image:height\" content=\"659\" \/>\n\t<meta property=\"og:image:type\" content=\"image\/png\" \/>\n<meta name=\"twitter:card\" content=\"summary_large_image\" \/>\n<meta name=\"twitter:label1\" content=\"Dur\u00e9e de lecture estim\u00e9e\" \/>\n\t<meta name=\"twitter:data1\" content=\"2 minutes\" \/>\n<script type=\"application\/ld+json\" class=\"yoast-schema-graph\">{\"@context\":\"https:\\\/\\\/schema.org\",\"@graph\":[{\"@type\":\"WebPage\",\"@id\":\"https:\\\/\\\/bulaoutdoor.nl\\\/product\\\/chain-mail-cleaner-twm024\\\/\",\"url\":\"https:\\\/\\\/bulaoutdoor.nl\\\/product\\\/chain-mail-cleaner-twm024\\\/\",\"name\":\"Chain mail cleaner TWM024 &#8211; Bula Outdoor\",\"isPartOf\":{\"@id\":\"https:\\\/\\\/bulaoutdoor.nl\\\/#website\"},\"primaryImageOfPage\":{\"@id\":\"https:\\\/\\\/bulaoutdoor.nl\\\/product\\\/chain-mail-cleaner-twm024\\\/#primaryimage\"},\"image\":{\"@id\":\"https:\\\/\\\/bulaoutdoor.nl\\\/product\\\/chain-mail-cleaner-twm024\\\/#primaryimage\"},\"thumbnailUrl\":\"https:\\\/\\\/bulaoutdoor.nl\\\/wp-content\\\/uploads\\\/2026\\\/02\\\/Scherm\u00adafbeelding-2026-02-20-om-18.09.58.png\",\"datePublished\":\"2026-02-20T17:15:38+00:00\",\"breadcrumb\":{\"@id\":\"https:\\\/\\\/bulaoutdoor.nl\\\/product\\\/chain-mail-cleaner-twm024\\\/#breadcrumb\"},\"inLanguage\":\"fr-FR\",\"potentialAction\":[{\"@type\":\"ReadAction\",\"target\":[\"https:\\\/\\\/bulaoutdoor.nl\\\/product\\\/chain-mail-cleaner-twm024\\\/\"]}]},{\"@type\":\"ImageObject\",\"inLanguage\":\"fr-FR\",\"@id\":\"https:\\\/\\\/bulaoutdoor.nl\\\/product\\\/chain-mail-cleaner-twm024\\\/#primaryimage\",\"url\":\"https:\\\/\\\/bulaoutdoor.nl\\\/wp-content\\\/uploads\\\/2026\\\/02\\\/Scherm\u00adafbeelding-2026-02-20-om-18.09.58.png\",\"contentUrl\":\"https:\\\/\\\/bulaoutdoor.nl\\\/wp-content\\\/uploads\\\/2026\\\/02\\\/Scherm\u00adafbeelding-2026-02-20-om-18.09.58.png\",\"width\":2138,\"height\":1376},{\"@type\":\"BreadcrumbList\",\"@id\":\"https:\\\/\\\/bulaoutdoor.nl\\\/product\\\/chain-mail-cleaner-twm024\\\/#breadcrumb\",\"itemListElement\":[{\"@type\":\"ListItem\",\"position\":1,\"name\":\"Home\",\"item\":\"https:\\\/\\\/bulaoutdoor.nl\\\/\"},{\"@type\":\"ListItem\",\"position\":2,\"name\":\"Online BBQ kopen\",\"item\":\"https:\\\/\\\/bulaoutdoor.nl\\\/\"},{\"@type\":\"ListItem\",\"position\":3,\"name\":\"Chain mail cleaner TWM024\"}]},{\"@type\":\"WebSite\",\"@id\":\"https:\\\/\\\/bulaoutdoor.nl\\\/#website\",\"url\":\"https:\\\/\\\/bulaoutdoor.nl\\\/\",\"name\":\"Bula Outdoor\",\"description\":\"Voor uw buitenhaard, BBQ, tuinfakkel en houtoven\",\"publisher\":{\"@id\":\"https:\\\/\\\/bulaoutdoor.nl\\\/#organization\"},\"potentialAction\":[{\"@type\":\"SearchAction\",\"target\":{\"@type\":\"EntryPoint\",\"urlTemplate\":\"https:\\\/\\\/bulaoutdoor.nl\\\/?s={search_term_string}\"},\"query-input\":{\"@type\":\"PropertyValueSpecification\",\"valueRequired\":true,\"valueName\":\"search_term_string\"}}],\"inLanguage\":\"fr-FR\"},{\"@type\":\"Organization\",\"@id\":\"https:\\\/\\\/bulaoutdoor.nl\\\/#organization\",\"name\":\"Bula Outdoor\",\"url\":\"https:\\\/\\\/bulaoutdoor.nl\\\/\",\"logo\":{\"@type\":\"ImageObject\",\"inLanguage\":\"fr-FR\",\"@id\":\"https:\\\/\\\/bulaoutdoor.nl\\\/#\\\/schema\\\/logo\\\/image\\\/\",\"url\":\"https:\\\/\\\/www.bulaoutdoor.nl\\\/wp-content\\\/uploads\\\/2018\\\/04\\\/bulaoutdoor-logo.png\",\"contentUrl\":\"https:\\\/\\\/www.bulaoutdoor.nl\\\/wp-content\\\/uploads\\\/2018\\\/04\\\/bulaoutdoor-logo.png\",\"width\":324,\"height\":91,\"caption\":\"Bula Outdoor\"},\"image\":{\"@id\":\"https:\\\/\\\/bulaoutdoor.nl\\\/#\\\/schema\\\/logo\\\/image\\\/\"}}]}<\/script>\n<!-- \/ Yoast SEO plugin. -->","yoast_head_json":{"title":"Nettoyeur de cotte de mailles TWM024 - Bula Outdoor","robots":{"index":"index","follow":"follow","max-snippet":"max-snippet:-1","max-image-preview":"max-image-preview:large","max-video-preview":"max-video-preview:-1"},"canonical":"https:\/\/bulaoutdoor.nl\/fr\/produit\/nettoyeur-de-cotte-de-mailles-twm024\/","og_locale":"fr_FR","og_type":"article","og_title":"Chain mail cleaner TWM024 &#8211; Bula Outdoor","og_description":"Chain Mail Cleaner TWM024 \u2013 The Windmill | D\u00e9 reinigingsketting voor gietijzer De Chain Mail Cleaner TWM024 van The Windmill is d\u00e9 oplossing voor het grondig en veilig reinigen van je gietijzeren pannen en accessoires. Deze hoogwaardige reinigingsketting bestaat uit aaneengeschakelde RVS ringen waarmee je eenvoudig aangekoekte etensresten verwijdert, zonder de natuurlijke anti-aanbaklaag (seasoning) te [&hellip;]","og_url":"https:\/\/bulaoutdoor.nl\/fr\/produit\/nettoyeur-de-cotte-de-mailles-twm024\/","og_site_name":"Bula Outdoor","og_image":[{"width":1024,"height":659,"url":"https:\/\/bulaoutdoor.nl\/wp-content\/uploads\/2026\/02\/Scherm\u00adafbeelding-2026-02-20-om-18.09.58-1024x659.png","type":"image\/png"}],"twitter_card":"summary_large_image","twitter_misc":{"Dur\u00e9e de lecture estim\u00e9e":"2 minutes"},"schema":{"@context":"https:\/\/schema.org","@graph":[{"@type":"WebPage","@id":"https:\/\/bulaoutdoor.nl\/product\/chain-mail-cleaner-twm024\/","url":"https:\/\/bulaoutdoor.nl\/product\/chain-mail-cleaner-twm024\/","name":"Nettoyeur de cotte de mailles TWM024 - Bula Outdoor","isPartOf":{"@id":"https:\/\/bulaoutdoor.nl\/#website"},"primaryImageOfPage":{"@id":"https:\/\/bulaoutdoor.nl\/product\/chain-mail-cleaner-twm024\/#primaryimage"},"image":{"@id":"https:\/\/bulaoutdoor.nl\/product\/chain-mail-cleaner-twm024\/#primaryimage"},"thumbnailUrl":"https:\/\/bulaoutdoor.nl\/wp-content\/uploads\/2026\/02\/Scherm\u00adafbeelding-2026-02-20-om-18.09.58.png","datePublished":"2026-02-20T17:15:38+00:00","breadcrumb":{"@id":"https:\/\/bulaoutdoor.nl\/product\/chain-mail-cleaner-twm024\/#breadcrumb"},"inLanguage":"fr-FR","potentialAction":[{"@type":"ReadAction","target":["https:\/\/bulaoutdoor.nl\/product\/chain-mail-cleaner-twm024\/"]}]},{"@type":"ImageObject","inLanguage":"fr-FR","@id":"https:\/\/bulaoutdoor.nl\/product\/chain-mail-cleaner-twm024\/#primaryimage","url":"https:\/\/bulaoutdoor.nl\/wp-content\/uploads\/2026\/02\/Scherm\u00adafbeelding-2026-02-20-om-18.09.58.png","contentUrl":"https:\/\/bulaoutdoor.nl\/wp-content\/uploads\/2026\/02\/Scherm\u00adafbeelding-2026-02-20-om-18.09.58.png","width":2138,"height":1376},{"@type":"BreadcrumbList","@id":"https:\/\/bulaoutdoor.nl\/product\/chain-mail-cleaner-twm024\/#breadcrumb","itemListElement":[{"@type":"ListItem","position":1,"name":"Home","item":"https:\/\/bulaoutdoor.nl\/"},{"@type":"ListItem","position":2,"name":"Online BBQ kopen","item":"https:\/\/bulaoutdoor.nl\/"},{"@type":"ListItem","position":3,"name":"Chain mail cleaner TWM024"}]},{"@type":"WebSite","@id":"https:\/\/bulaoutdoor.nl\/#website","url":"https:\/\/bulaoutdoor.nl\/","name":"Bula Outdoor","description":"Pour votre chemin\u00e9e ext\u00e9rieure, votre barbecue, votre torche de jardin et votre four \u00e0 bois","publisher":{"@id":"https:\/\/bulaoutdoor.nl\/#organization"},"potentialAction":[{"@type":"SearchAction","target":{"@type":"EntryPoint","urlTemplate":"https:\/\/bulaoutdoor.nl\/?s={search_term_string}"},"query-input":{"@type":"PropertyValueSpecification","valueRequired":true,"valueName":"search_term_string"}}],"inLanguage":"fr-FR"},{"@type":"Organization","@id":"https:\/\/bulaoutdoor.nl\/#organization","name":"Bula Outdoor","url":"https:\/\/bulaoutdoor.nl\/","logo":{"@type":"ImageObject","inLanguage":"fr-FR","@id":"https:\/\/bulaoutdoor.nl\/#\/schema\/logo\/image\/","url":"https:\/\/www.bulaoutdoor.nl\/wp-content\/uploads\/2018\/04\/bulaoutdoor-logo.png","contentUrl":"https:\/\/www.bulaoutdoor.nl\/wp-content\/uploads\/2018\/04\/bulaoutdoor-logo.png","width":324,"height":91,"caption":"Bula Outdoor"},"image":{"@id":"https:\/\/bulaoutdoor.nl\/#\/schema\/logo\/image\/"}}]}},"jetpack_sharing_enabled":true,"_links":{"self":[{"href":"https:\/\/bulaoutdoor.nl\/fr\/wp-json\/wp\/v2\/product\/93847","targetHints":{"allow":["GET"]}}],"collection":[{"href":"https:\/\/bulaoutdoor.nl\/fr\/wp-json\/wp\/v2\/product"}],"about":[{"href":"https:\/\/bulaoutdoor.nl\/fr\/wp-json\/wp\/v2\/types\/product"}],"replies":[{"embeddable":true,"href":"https:\/\/bulaoutdoor.nl\/fr\/wp-json\/wp\/v2\/comments?post=93847"}],"wp:featuredmedia":[{"embeddable":true,"href":"https:\/\/bulaoutdoor.nl\/fr\/wp-json\/wp\/v2\/media\/93848"}],"wp:attachment":[{"href":"https:\/\/bulaoutdoor.nl\/fr\/wp-json\/wp\/v2\/media?parent=93847"}],"wp:term":[{"taxonomy":"product_brand","embeddable":true,"href":"https:\/\/bulaoutdoor.nl\/fr\/wp-json\/wp\/v2\/product_brand?post=93847"},{"taxonomy":"product_cat","embeddable":true,"href":"https:\/\/bulaoutdoor.nl\/fr\/wp-json\/wp\/v2\/product_cat?post=93847"},{"taxonomy":"product_tag","embeddable":true,"href":"https:\/\/bulaoutdoor.nl\/fr\/wp-json\/wp\/v2\/product_tag?post=93847"}],"curies":[{"name":"wp","href":"https:\/\/api.w.org\/{rel}","templated":true}]}}