{"id":966,"date":"2018-05-27T09:32:26","date_gmt":"2018-05-27T09:32:26","guid":{"rendered":"http:\/\/www.bulaoutdoor.nl\/product\/import-placeholder-for-452\/"},"modified":"2024-02-18T18:39:21","modified_gmt":"2024-02-18T18:39:21","slug":"pelle-a-pizza-pelle-a-pain-manche-en-bois-90-cm-et-lame-en-aluminium","status":"publish","type":"product","link":"https:\/\/bulaoutdoor.nl\/fr\/product\/pizza-peel-schep-broodschieter-houten-steel-90-cm-en-aluminium-blad\/","title":{"rendered":"Pelle \u00e0 pizza, pelle \u00e0 pain, manche en bois (90 cm) et lame en aluminium"},"content":{"rendered":"<h2>Peau \u00e0 pizza, pelle, pelle \u00e0 pain<\/h2>\n<p>Pelle \u00e0 pizza Pour la cuisson des pizzas et des pains. C'est \u00e9galement un outil pratique pour entrer et sortir du four \u00e0 bois les diff\u00e9rents plateaux, les pains, les g\u00e2teaux, etc.<\/p>\n<p>A voir dans Vara Kassa<\/p>","protected":false},"excerpt":{"rendered":"<p>Pelle \u00e0 pizza, pelle \u00e0 pain, manche en bois (90 cm) et lame en aluminium<\/p>","protected":false},"featured_media":981,"comment_status":"open","ping_status":"closed","template":"","meta":{"_acf_changed":false},"product_brand":[],"product_cat":[361],"product_tag":[251,253,91,96,99,252],"class_list":{"0":"post-966","1":"product","2":"type-product","3":"status-publish","4":"has-post-thumbnail","6":"product_cat-pizza-bereiding-accessoires","7":"product_tag-broodschieter","8":"product_tag-kassa","9":"product_tag-pizza","10":"product_tag-pizzaschep","11":"product_tag-schep","12":"product_tag-vara","14":"first","15":"instock","16":"taxable","17":"shipping-taxable","18":"purchasable","19":"product-type-simple"},"acf":[],"yoast_head":"<!-- This site is optimized with the Yoast SEO plugin v27.4 - https:\/\/yoast.com\/product\/yoast-seo-wordpress\/ -->\n<title>Pizza Peel, schep, Broodschieter | houten steel (90 cm) en aluminium blad &#8211; Bula Outdoor<\/title>\n<meta name=\"robots\" content=\"index, follow, max-snippet:-1, max-image-preview:large, max-video-preview:-1\" \/>\n<link rel=\"canonical\" href=\"https:\/\/bulaoutdoor.nl\/fr\/produit\/pelle-a-pizza-pelle-a-pain-manche-en-bois-90-cm-et-lame-en-aluminium\/\" \/>\n<meta property=\"og:locale\" content=\"fr_FR\" \/>\n<meta property=\"og:type\" content=\"article\" \/>\n<meta property=\"og:title\" content=\"Pizza Peel, schep, Broodschieter | houten steel (90 cm) en aluminium blad &#8211; Bula Outdoor\" \/>\n<meta property=\"og:description\" content=\"Pizza Peel, schep, Broodschieter | houten steel (90 cm) en aluminium blad\" \/>\n<meta property=\"og:url\" content=\"https:\/\/bulaoutdoor.nl\/fr\/produit\/pelle-a-pizza-pelle-a-pain-manche-en-bois-90-cm-et-lame-en-aluminium\/\" \/>\n<meta property=\"og:site_name\" content=\"Bula Outdoor\" \/>\n<meta property=\"article:modified_time\" content=\"2024-02-18T18:39:21+00:00\" \/>\n<meta property=\"og:image\" content=\"https:\/\/bulaoutdoor.nl\/wp-content\/uploads\/2018\/05\/pizza-peel-schep-broodschieter-houten-steel-90-cm-en-aluminium-blad_3596_1_G.jpg\" \/>\n\t<meta property=\"og:image:width\" content=\"680\" \/>\n\t<meta property=\"og:image:height\" content=\"680\" \/>\n\t<meta property=\"og:image:type\" content=\"image\/jpeg\" \/>\n<meta name=\"twitter:card\" content=\"summary_large_image\" \/>\n<script type=\"application\/ld+json\" class=\"yoast-schema-graph\">{\"@context\":\"https:\\\/\\\/schema.org\",\"@graph\":[{\"@type\":\"WebPage\",\"@id\":\"https:\\\/\\\/bulaoutdoor.nl\\\/product\\\/pizza-peel-schep-broodschieter-houten-steel-90-cm-en-aluminium-blad\\\/\",\"url\":\"https:\\\/\\\/bulaoutdoor.nl\\\/product\\\/pizza-peel-schep-broodschieter-houten-steel-90-cm-en-aluminium-blad\\\/\",\"name\":\"Pizza Peel, schep, Broodschieter | houten steel (90 cm) en aluminium blad &#8211; Bula Outdoor\",\"isPartOf\":{\"@id\":\"https:\\\/\\\/bulaoutdoor.nl\\\/#website\"},\"primaryImageOfPage\":{\"@id\":\"https:\\\/\\\/bulaoutdoor.nl\\\/product\\\/pizza-peel-schep-broodschieter-houten-steel-90-cm-en-aluminium-blad\\\/#primaryimage\"},\"image\":{\"@id\":\"https:\\\/\\\/bulaoutdoor.nl\\\/product\\\/pizza-peel-schep-broodschieter-houten-steel-90-cm-en-aluminium-blad\\\/#primaryimage\"},\"thumbnailUrl\":\"https:\\\/\\\/bulaoutdoor.nl\\\/wp-content\\\/uploads\\\/2018\\\/05\\\/pizza-peel-schep-broodschieter-houten-steel-90-cm-en-aluminium-blad_3596_1_G.jpg\",\"datePublished\":\"2018-05-27T09:32:26+00:00\",\"dateModified\":\"2024-02-18T18:39:21+00:00\",\"breadcrumb\":{\"@id\":\"https:\\\/\\\/bulaoutdoor.nl\\\/product\\\/pizza-peel-schep-broodschieter-houten-steel-90-cm-en-aluminium-blad\\\/#breadcrumb\"},\"inLanguage\":\"fr-FR\",\"potentialAction\":[{\"@type\":\"ReadAction\",\"target\":[\"https:\\\/\\\/bulaoutdoor.nl\\\/product\\\/pizza-peel-schep-broodschieter-houten-steel-90-cm-en-aluminium-blad\\\/\"]}]},{\"@type\":\"ImageObject\",\"inLanguage\":\"fr-FR\",\"@id\":\"https:\\\/\\\/bulaoutdoor.nl\\\/product\\\/pizza-peel-schep-broodschieter-houten-steel-90-cm-en-aluminium-blad\\\/#primaryimage\",\"url\":\"https:\\\/\\\/bulaoutdoor.nl\\\/wp-content\\\/uploads\\\/2018\\\/05\\\/pizza-peel-schep-broodschieter-houten-steel-90-cm-en-aluminium-blad_3596_1_G.jpg\",\"contentUrl\":\"https:\\\/\\\/bulaoutdoor.nl\\\/wp-content\\\/uploads\\\/2018\\\/05\\\/pizza-peel-schep-broodschieter-houten-steel-90-cm-en-aluminium-blad_3596_1_G.jpg\",\"width\":680,\"height\":680},{\"@type\":\"BreadcrumbList\",\"@id\":\"https:\\\/\\\/bulaoutdoor.nl\\\/product\\\/pizza-peel-schep-broodschieter-houten-steel-90-cm-en-aluminium-blad\\\/#breadcrumb\",\"itemListElement\":[{\"@type\":\"ListItem\",\"position\":1,\"name\":\"Home\",\"item\":\"https:\\\/\\\/bulaoutdoor.nl\\\/\"},{\"@type\":\"ListItem\",\"position\":2,\"name\":\"Online BBQ kopen\",\"item\":\"https:\\\/\\\/bulaoutdoor.nl\\\/\"},{\"@type\":\"ListItem\",\"position\":3,\"name\":\"Pizza Peel, schep, Broodschieter | houten steel (90 cm) en aluminium blad\"}]},{\"@type\":\"WebSite\",\"@id\":\"https:\\\/\\\/bulaoutdoor.nl\\\/#website\",\"url\":\"https:\\\/\\\/bulaoutdoor.nl\\\/\",\"name\":\"Bula Outdoor\",\"description\":\"Voor uw buitenhaard, BBQ, tuinfakkel en houtoven\",\"publisher\":{\"@id\":\"https:\\\/\\\/bulaoutdoor.nl\\\/#organization\"},\"potentialAction\":[{\"@type\":\"SearchAction\",\"target\":{\"@type\":\"EntryPoint\",\"urlTemplate\":\"https:\\\/\\\/bulaoutdoor.nl\\\/?s={search_term_string}\"},\"query-input\":{\"@type\":\"PropertyValueSpecification\",\"valueRequired\":true,\"valueName\":\"search_term_string\"}}],\"inLanguage\":\"fr-FR\"},{\"@type\":\"Organization\",\"@id\":\"https:\\\/\\\/bulaoutdoor.nl\\\/#organization\",\"name\":\"Bula Outdoor\",\"url\":\"https:\\\/\\\/bulaoutdoor.nl\\\/\",\"logo\":{\"@type\":\"ImageObject\",\"inLanguage\":\"fr-FR\",\"@id\":\"https:\\\/\\\/bulaoutdoor.nl\\\/#\\\/schema\\\/logo\\\/image\\\/\",\"url\":\"https:\\\/\\\/www.bulaoutdoor.nl\\\/wp-content\\\/uploads\\\/2018\\\/04\\\/bulaoutdoor-logo.png\",\"contentUrl\":\"https:\\\/\\\/www.bulaoutdoor.nl\\\/wp-content\\\/uploads\\\/2018\\\/04\\\/bulaoutdoor-logo.png\",\"width\":324,\"height\":91,\"caption\":\"Bula Outdoor\"},\"image\":{\"@id\":\"https:\\\/\\\/bulaoutdoor.nl\\\/#\\\/schema\\\/logo\\\/image\\\/\"}}]}<\/script>\n<!-- \/ Yoast SEO plugin. -->","yoast_head_json":{"title":"Pelle \u00e0 pizza, pelle, pelle \u00e0 pain | manche en bois (90 cm) et lame en aluminium - Bula Outdoor","robots":{"index":"index","follow":"follow","max-snippet":"max-snippet:-1","max-image-preview":"max-image-preview:large","max-video-preview":"max-video-preview:-1"},"canonical":"https:\/\/bulaoutdoor.nl\/fr\/produit\/pelle-a-pizza-pelle-a-pain-manche-en-bois-90-cm-et-lame-en-aluminium\/","og_locale":"fr_FR","og_type":"article","og_title":"Pizza Peel, schep, Broodschieter | houten steel (90 cm) en aluminium blad &#8211; Bula Outdoor","og_description":"Pizza Peel, schep, Broodschieter | houten steel (90 cm) en aluminium blad","og_url":"https:\/\/bulaoutdoor.nl\/fr\/produit\/pelle-a-pizza-pelle-a-pain-manche-en-bois-90-cm-et-lame-en-aluminium\/","og_site_name":"Bula Outdoor","article_modified_time":"2024-02-18T18:39:21+00:00","og_image":[{"width":680,"height":680,"url":"https:\/\/bulaoutdoor.nl\/wp-content\/uploads\/2018\/05\/pizza-peel-schep-broodschieter-houten-steel-90-cm-en-aluminium-blad_3596_1_G.jpg","type":"image\/jpeg"}],"twitter_card":"summary_large_image","schema":{"@context":"https:\/\/schema.org","@graph":[{"@type":"WebPage","@id":"https:\/\/bulaoutdoor.nl\/product\/pizza-peel-schep-broodschieter-houten-steel-90-cm-en-aluminium-blad\/","url":"https:\/\/bulaoutdoor.nl\/product\/pizza-peel-schep-broodschieter-houten-steel-90-cm-en-aluminium-blad\/","name":"Pelle \u00e0 pizza, pelle, pelle \u00e0 pain | manche en bois (90 cm) et lame en aluminium - Bula Outdoor","isPartOf":{"@id":"https:\/\/bulaoutdoor.nl\/#website"},"primaryImageOfPage":{"@id":"https:\/\/bulaoutdoor.nl\/product\/pizza-peel-schep-broodschieter-houten-steel-90-cm-en-aluminium-blad\/#primaryimage"},"image":{"@id":"https:\/\/bulaoutdoor.nl\/product\/pizza-peel-schep-broodschieter-houten-steel-90-cm-en-aluminium-blad\/#primaryimage"},"thumbnailUrl":"https:\/\/bulaoutdoor.nl\/wp-content\/uploads\/2018\/05\/pizza-peel-schep-broodschieter-houten-steel-90-cm-en-aluminium-blad_3596_1_G.jpg","datePublished":"2018-05-27T09:32:26+00:00","dateModified":"2024-02-18T18:39:21+00:00","breadcrumb":{"@id":"https:\/\/bulaoutdoor.nl\/product\/pizza-peel-schep-broodschieter-houten-steel-90-cm-en-aluminium-blad\/#breadcrumb"},"inLanguage":"fr-FR","potentialAction":[{"@type":"ReadAction","target":["https:\/\/bulaoutdoor.nl\/product\/pizza-peel-schep-broodschieter-houten-steel-90-cm-en-aluminium-blad\/"]}]},{"@type":"ImageObject","inLanguage":"fr-FR","@id":"https:\/\/bulaoutdoor.nl\/product\/pizza-peel-schep-broodschieter-houten-steel-90-cm-en-aluminium-blad\/#primaryimage","url":"https:\/\/bulaoutdoor.nl\/wp-content\/uploads\/2018\/05\/pizza-peel-schep-broodschieter-houten-steel-90-cm-en-aluminium-blad_3596_1_G.jpg","contentUrl":"https:\/\/bulaoutdoor.nl\/wp-content\/uploads\/2018\/05\/pizza-peel-schep-broodschieter-houten-steel-90-cm-en-aluminium-blad_3596_1_G.jpg","width":680,"height":680},{"@type":"BreadcrumbList","@id":"https:\/\/bulaoutdoor.nl\/product\/pizza-peel-schep-broodschieter-houten-steel-90-cm-en-aluminium-blad\/#breadcrumb","itemListElement":[{"@type":"ListItem","position":1,"name":"Home","item":"https:\/\/bulaoutdoor.nl\/"},{"@type":"ListItem","position":2,"name":"Online BBQ kopen","item":"https:\/\/bulaoutdoor.nl\/"},{"@type":"ListItem","position":3,"name":"Pizza Peel, schep, Broodschieter | houten steel (90 cm) en aluminium blad"}]},{"@type":"WebSite","@id":"https:\/\/bulaoutdoor.nl\/#website","url":"https:\/\/bulaoutdoor.nl\/","name":"Bula Outdoor","description":"Pour votre chemin\u00e9e ext\u00e9rieure, votre barbecue, votre torche de jardin et votre four \u00e0 bois","publisher":{"@id":"https:\/\/bulaoutdoor.nl\/#organization"},"potentialAction":[{"@type":"SearchAction","target":{"@type":"EntryPoint","urlTemplate":"https:\/\/bulaoutdoor.nl\/?s={search_term_string}"},"query-input":{"@type":"PropertyValueSpecification","valueRequired":true,"valueName":"search_term_string"}}],"inLanguage":"fr-FR"},{"@type":"Organization","@id":"https:\/\/bulaoutdoor.nl\/#organization","name":"Bula Outdoor","url":"https:\/\/bulaoutdoor.nl\/","logo":{"@type":"ImageObject","inLanguage":"fr-FR","@id":"https:\/\/bulaoutdoor.nl\/#\/schema\/logo\/image\/","url":"https:\/\/www.bulaoutdoor.nl\/wp-content\/uploads\/2018\/04\/bulaoutdoor-logo.png","contentUrl":"https:\/\/www.bulaoutdoor.nl\/wp-content\/uploads\/2018\/04\/bulaoutdoor-logo.png","width":324,"height":91,"caption":"Bula Outdoor"},"image":{"@id":"https:\/\/bulaoutdoor.nl\/#\/schema\/logo\/image\/"}}]}},"jetpack_sharing_enabled":true,"_links":{"self":[{"href":"https:\/\/bulaoutdoor.nl\/fr\/wp-json\/wp\/v2\/product\/966","targetHints":{"allow":["GET"]}}],"collection":[{"href":"https:\/\/bulaoutdoor.nl\/fr\/wp-json\/wp\/v2\/product"}],"about":[{"href":"https:\/\/bulaoutdoor.nl\/fr\/wp-json\/wp\/v2\/types\/product"}],"replies":[{"embeddable":true,"href":"https:\/\/bulaoutdoor.nl\/fr\/wp-json\/wp\/v2\/comments?post=966"}],"wp:featuredmedia":[{"embeddable":true,"href":"https:\/\/bulaoutdoor.nl\/fr\/wp-json\/wp\/v2\/media\/981"}],"wp:attachment":[{"href":"https:\/\/bulaoutdoor.nl\/fr\/wp-json\/wp\/v2\/media?parent=966"}],"wp:term":[{"taxonomy":"product_brand","embeddable":true,"href":"https:\/\/bulaoutdoor.nl\/fr\/wp-json\/wp\/v2\/product_brand?post=966"},{"taxonomy":"product_cat","embeddable":true,"href":"https:\/\/bulaoutdoor.nl\/fr\/wp-json\/wp\/v2\/product_cat?post=966"},{"taxonomy":"product_tag","embeddable":true,"href":"https:\/\/bulaoutdoor.nl\/fr\/wp-json\/wp\/v2\/product_tag?post=966"}],"curies":[{"name":"wp","href":"https:\/\/api.w.org\/{rel}","templated":true}]}}