{"id":9677,"date":"2020-10-23T10:52:43","date_gmt":"2020-10-23T10:52:43","guid":{"rendered":"https:\/\/www.bulaoutdoor.nl\/?post_type=product&#038;p=9677"},"modified":"2022-12-01T12:20:26","modified_gmt":"2022-12-01T12:20:26","slug":"tripizza-pizza-set-gi-metal","status":"publish","type":"product","link":"https:\/\/bulaoutdoor.nl\/fr\/product\/tripizza-pizzaset-gi-metal\/","title":{"rendered":"TRIPIZZA Set de pizzas Gi.Metal"},"content":{"rendered":"<p>Tripizza est un ensemble complet pour un usage domestique, compos\u00e9 d'une grande pelle\/\u00e9plucheuse, d'une petite \u00e9plucheuse, d'une brosse \u00e0 four et d'un porte-outil pratique et ind\u00e9pendant.<br \/>\nIl s'agit d'un kit \u00e0 usage domestique, mais aussi complet que professionnel !<\/p>\n<p>L'ensemble d'une hauteur totale de 90 cm est le plus pratique pour les fours domestiques. Si vous avez un grand four, choisissez une hauteur de 120 cm ou plus.<\/p>\n<p>Il est disponible en deux tailles :<br \/>\n90 cm : hauteur totale de l'outil 90 cm<br \/>\n120 cm : hauteur totale de l'outil 120 cm<\/p>\n<p>Caract\u00e9ristiques et mat\u00e9riaux :<br \/>\nPelle \u00e0 pizza en acier inoxydable et t\u00eate en aluminium \u00d8 30 ou 33 cm<br \/>\nPetite pelle \u00e0 pizza en acier inoxydable, t\u00eate \u00d8 20 cm<br \/>\nBrosse \u00e0 four, aluminium, avec poils en laiton et t\u00eate r\u00e9glable<br \/>\nPorte-outils en aluminium et acier inoxydable, ind\u00e9pendant<\/p>\n<p><img loading=\"lazy\" decoding=\"async\" class=\"size-large wp-image-9681\" src=\"https:\/\/www.bulaoutdoor.nl\/wp-content\/uploads\/2020\/10\/Bula-outdoor-Tripizza-gi-metal-1024x331.jpg\" alt=\"TRIPIZZA Bula Outdoor\" width=\"980\" height=\"317\" srcset=\"https:\/\/bulaoutdoor.nl\/wp-content\/uploads\/2020\/10\/Bula-outdoor-Tripizza-gi-metal-1024x331.jpg 1024w, https:\/\/bulaoutdoor.nl\/wp-content\/uploads\/2020\/10\/Bula-outdoor-Tripizza-gi-metal-416x135.jpg 416w, https:\/\/bulaoutdoor.nl\/wp-content\/uploads\/2020\/10\/Bula-outdoor-Tripizza-gi-metal-300x97.jpg 300w, https:\/\/bulaoutdoor.nl\/wp-content\/uploads\/2020\/10\/Bula-outdoor-Tripizza-gi-metal-768x248.jpg 768w, https:\/\/bulaoutdoor.nl\/wp-content\/uploads\/2020\/10\/Bula-outdoor-Tripizza-gi-metal-1536x497.jpg 1536w, https:\/\/bulaoutdoor.nl\/wp-content\/uploads\/2020\/10\/Bula-outdoor-Tripizza-gi-metal.jpg 1700w\" sizes=\"auto, (max-width: 980px) 100vw, 980px\" \/><\/p>\n<p>Tous les produits sont emball\u00e9s et exp\u00e9di\u00e9s ensemble dans une bo\u00eete pratique.<\/p>","protected":false},"excerpt":{"rendered":"<p>Ensemble d'outils \u00e0 pizza Gi.Metal<\/p>","protected":false},"featured_media":10891,"comment_status":"open","ping_status":"closed","template":"","meta":{"_acf_changed":false},"product_brand":[],"product_cat":[361],"product_tag":[],"class_list":{"0":"post-9677","1":"product","2":"type-product","3":"status-publish","4":"has-post-thumbnail","6":"product_cat-pizza-bereiding-accessoires","8":"first","9":"instock","10":"taxable","11":"shipping-taxable","12":"purchasable","13":"product-type-simple"},"acf":[],"yoast_head":"<!-- This site is optimized with the Yoast SEO plugin v27.4 - https:\/\/yoast.com\/product\/yoast-seo-wordpress\/ -->\n<title>TRIPIZZA Pizzaset Gi.Metal &#8211; Bula Outdoor<\/title>\n<meta name=\"robots\" content=\"index, follow, max-snippet:-1, max-image-preview:large, max-video-preview:-1\" \/>\n<link rel=\"canonical\" href=\"https:\/\/bulaoutdoor.nl\/fr\/produit\/tripizza-pizza-set-gi-metal\/\" \/>\n<meta property=\"og:locale\" content=\"fr_FR\" \/>\n<meta property=\"og:type\" content=\"article\" \/>\n<meta property=\"og:title\" content=\"TRIPIZZA Pizzaset Gi.Metal &#8211; Bula Outdoor\" \/>\n<meta property=\"og:description\" content=\"Pizza gereedschap set Gi.Metal\" \/>\n<meta property=\"og:url\" content=\"https:\/\/bulaoutdoor.nl\/fr\/produit\/tripizza-pizza-set-gi-metal\/\" \/>\n<meta property=\"og:site_name\" content=\"Bula Outdoor\" \/>\n<meta property=\"article:modified_time\" content=\"2022-12-01T12:20:26+00:00\" \/>\n<meta property=\"og:image\" content=\"https:\/\/bulaoutdoor.nl\/wp-content\/uploads\/2020\/10\/TRIPIZZA-90-Bula-Outdoor-2_SCALED.png\" \/>\n\t<meta property=\"og:image:width\" content=\"413\" \/>\n\t<meta property=\"og:image:height\" content=\"418\" \/>\n\t<meta property=\"og:image:type\" content=\"image\/png\" \/>\n<meta name=\"twitter:card\" content=\"summary_large_image\" \/>\n<meta name=\"twitter:label1\" content=\"Dur\u00e9e de lecture estim\u00e9e\" \/>\n\t<meta name=\"twitter:data1\" content=\"1 minute\" \/>\n<script type=\"application\/ld+json\" class=\"yoast-schema-graph\">{\"@context\":\"https:\\\/\\\/schema.org\",\"@graph\":[{\"@type\":\"WebPage\",\"@id\":\"https:\\\/\\\/bulaoutdoor.nl\\\/product\\\/tripizza-pizzaset-gi-metal\\\/\",\"url\":\"https:\\\/\\\/bulaoutdoor.nl\\\/product\\\/tripizza-pizzaset-gi-metal\\\/\",\"name\":\"TRIPIZZA Pizzaset Gi.Metal &#8211; Bula Outdoor\",\"isPartOf\":{\"@id\":\"https:\\\/\\\/bulaoutdoor.nl\\\/#website\"},\"primaryImageOfPage\":{\"@id\":\"https:\\\/\\\/bulaoutdoor.nl\\\/product\\\/tripizza-pizzaset-gi-metal\\\/#primaryimage\"},\"image\":{\"@id\":\"https:\\\/\\\/bulaoutdoor.nl\\\/product\\\/tripizza-pizzaset-gi-metal\\\/#primaryimage\"},\"thumbnailUrl\":\"https:\\\/\\\/bulaoutdoor.nl\\\/wp-content\\\/uploads\\\/2020\\\/10\\\/TRIPIZZA-90-Bula-Outdoor-2_SCALED.png\",\"datePublished\":\"2020-10-23T10:52:43+00:00\",\"dateModified\":\"2022-12-01T12:20:26+00:00\",\"breadcrumb\":{\"@id\":\"https:\\\/\\\/bulaoutdoor.nl\\\/product\\\/tripizza-pizzaset-gi-metal\\\/#breadcrumb\"},\"inLanguage\":\"fr-FR\",\"potentialAction\":[{\"@type\":\"ReadAction\",\"target\":[\"https:\\\/\\\/bulaoutdoor.nl\\\/product\\\/tripizza-pizzaset-gi-metal\\\/\"]}]},{\"@type\":\"ImageObject\",\"inLanguage\":\"fr-FR\",\"@id\":\"https:\\\/\\\/bulaoutdoor.nl\\\/product\\\/tripizza-pizzaset-gi-metal\\\/#primaryimage\",\"url\":\"https:\\\/\\\/bulaoutdoor.nl\\\/wp-content\\\/uploads\\\/2020\\\/10\\\/TRIPIZZA-90-Bula-Outdoor-2_SCALED.png\",\"contentUrl\":\"https:\\\/\\\/bulaoutdoor.nl\\\/wp-content\\\/uploads\\\/2020\\\/10\\\/TRIPIZZA-90-Bula-Outdoor-2_SCALED.png\",\"width\":413,\"height\":418},{\"@type\":\"BreadcrumbList\",\"@id\":\"https:\\\/\\\/bulaoutdoor.nl\\\/product\\\/tripizza-pizzaset-gi-metal\\\/#breadcrumb\",\"itemListElement\":[{\"@type\":\"ListItem\",\"position\":1,\"name\":\"Home\",\"item\":\"https:\\\/\\\/bulaoutdoor.nl\\\/\"},{\"@type\":\"ListItem\",\"position\":2,\"name\":\"Online BBQ kopen\",\"item\":\"https:\\\/\\\/bulaoutdoor.nl\\\/\"},{\"@type\":\"ListItem\",\"position\":3,\"name\":\"TRIPIZZA Pizzaset Gi.Metal\"}]},{\"@type\":\"WebSite\",\"@id\":\"https:\\\/\\\/bulaoutdoor.nl\\\/#website\",\"url\":\"https:\\\/\\\/bulaoutdoor.nl\\\/\",\"name\":\"Bula Outdoor\",\"description\":\"Voor uw buitenhaard, BBQ, tuinfakkel en houtoven\",\"publisher\":{\"@id\":\"https:\\\/\\\/bulaoutdoor.nl\\\/#organization\"},\"potentialAction\":[{\"@type\":\"SearchAction\",\"target\":{\"@type\":\"EntryPoint\",\"urlTemplate\":\"https:\\\/\\\/bulaoutdoor.nl\\\/?s={search_term_string}\"},\"query-input\":{\"@type\":\"PropertyValueSpecification\",\"valueRequired\":true,\"valueName\":\"search_term_string\"}}],\"inLanguage\":\"fr-FR\"},{\"@type\":\"Organization\",\"@id\":\"https:\\\/\\\/bulaoutdoor.nl\\\/#organization\",\"name\":\"Bula Outdoor\",\"url\":\"https:\\\/\\\/bulaoutdoor.nl\\\/\",\"logo\":{\"@type\":\"ImageObject\",\"inLanguage\":\"fr-FR\",\"@id\":\"https:\\\/\\\/bulaoutdoor.nl\\\/#\\\/schema\\\/logo\\\/image\\\/\",\"url\":\"https:\\\/\\\/www.bulaoutdoor.nl\\\/wp-content\\\/uploads\\\/2018\\\/04\\\/bulaoutdoor-logo.png\",\"contentUrl\":\"https:\\\/\\\/www.bulaoutdoor.nl\\\/wp-content\\\/uploads\\\/2018\\\/04\\\/bulaoutdoor-logo.png\",\"width\":324,\"height\":91,\"caption\":\"Bula Outdoor\"},\"image\":{\"@id\":\"https:\\\/\\\/bulaoutdoor.nl\\\/#\\\/schema\\\/logo\\\/image\\\/\"}}]}<\/script>\n<!-- \/ Yoast SEO plugin. -->","yoast_head_json":{"title":"TRIPIZZA Set de pizzas Gi.Metal - Bula Outdoor","robots":{"index":"index","follow":"follow","max-snippet":"max-snippet:-1","max-image-preview":"max-image-preview:large","max-video-preview":"max-video-preview:-1"},"canonical":"https:\/\/bulaoutdoor.nl\/fr\/produit\/tripizza-pizza-set-gi-metal\/","og_locale":"fr_FR","og_type":"article","og_title":"TRIPIZZA Pizzaset Gi.Metal &#8211; Bula Outdoor","og_description":"Pizza gereedschap set Gi.Metal","og_url":"https:\/\/bulaoutdoor.nl\/fr\/produit\/tripizza-pizza-set-gi-metal\/","og_site_name":"Bula Outdoor","article_modified_time":"2022-12-01T12:20:26+00:00","og_image":[{"width":413,"height":418,"url":"https:\/\/bulaoutdoor.nl\/wp-content\/uploads\/2020\/10\/TRIPIZZA-90-Bula-Outdoor-2_SCALED.png","type":"image\/png"}],"twitter_card":"summary_large_image","twitter_misc":{"Dur\u00e9e de lecture estim\u00e9e":"1 minute"},"schema":{"@context":"https:\/\/schema.org","@graph":[{"@type":"WebPage","@id":"https:\/\/bulaoutdoor.nl\/product\/tripizza-pizzaset-gi-metal\/","url":"https:\/\/bulaoutdoor.nl\/product\/tripizza-pizzaset-gi-metal\/","name":"TRIPIZZA Set de pizzas Gi.Metal - Bula Outdoor","isPartOf":{"@id":"https:\/\/bulaoutdoor.nl\/#website"},"primaryImageOfPage":{"@id":"https:\/\/bulaoutdoor.nl\/product\/tripizza-pizzaset-gi-metal\/#primaryimage"},"image":{"@id":"https:\/\/bulaoutdoor.nl\/product\/tripizza-pizzaset-gi-metal\/#primaryimage"},"thumbnailUrl":"https:\/\/bulaoutdoor.nl\/wp-content\/uploads\/2020\/10\/TRIPIZZA-90-Bula-Outdoor-2_SCALED.png","datePublished":"2020-10-23T10:52:43+00:00","dateModified":"2022-12-01T12:20:26+00:00","breadcrumb":{"@id":"https:\/\/bulaoutdoor.nl\/product\/tripizza-pizzaset-gi-metal\/#breadcrumb"},"inLanguage":"fr-FR","potentialAction":[{"@type":"ReadAction","target":["https:\/\/bulaoutdoor.nl\/product\/tripizza-pizzaset-gi-metal\/"]}]},{"@type":"ImageObject","inLanguage":"fr-FR","@id":"https:\/\/bulaoutdoor.nl\/product\/tripizza-pizzaset-gi-metal\/#primaryimage","url":"https:\/\/bulaoutdoor.nl\/wp-content\/uploads\/2020\/10\/TRIPIZZA-90-Bula-Outdoor-2_SCALED.png","contentUrl":"https:\/\/bulaoutdoor.nl\/wp-content\/uploads\/2020\/10\/TRIPIZZA-90-Bula-Outdoor-2_SCALED.png","width":413,"height":418},{"@type":"BreadcrumbList","@id":"https:\/\/bulaoutdoor.nl\/product\/tripizza-pizzaset-gi-metal\/#breadcrumb","itemListElement":[{"@type":"ListItem","position":1,"name":"Home","item":"https:\/\/bulaoutdoor.nl\/"},{"@type":"ListItem","position":2,"name":"Online BBQ kopen","item":"https:\/\/bulaoutdoor.nl\/"},{"@type":"ListItem","position":3,"name":"TRIPIZZA Pizzaset Gi.Metal"}]},{"@type":"WebSite","@id":"https:\/\/bulaoutdoor.nl\/#website","url":"https:\/\/bulaoutdoor.nl\/","name":"Bula Outdoor","description":"Pour votre chemin\u00e9e ext\u00e9rieure, votre barbecue, votre torche de jardin et votre four \u00e0 bois","publisher":{"@id":"https:\/\/bulaoutdoor.nl\/#organization"},"potentialAction":[{"@type":"SearchAction","target":{"@type":"EntryPoint","urlTemplate":"https:\/\/bulaoutdoor.nl\/?s={search_term_string}"},"query-input":{"@type":"PropertyValueSpecification","valueRequired":true,"valueName":"search_term_string"}}],"inLanguage":"fr-FR"},{"@type":"Organization","@id":"https:\/\/bulaoutdoor.nl\/#organization","name":"Bula Outdoor","url":"https:\/\/bulaoutdoor.nl\/","logo":{"@type":"ImageObject","inLanguage":"fr-FR","@id":"https:\/\/bulaoutdoor.nl\/#\/schema\/logo\/image\/","url":"https:\/\/www.bulaoutdoor.nl\/wp-content\/uploads\/2018\/04\/bulaoutdoor-logo.png","contentUrl":"https:\/\/www.bulaoutdoor.nl\/wp-content\/uploads\/2018\/04\/bulaoutdoor-logo.png","width":324,"height":91,"caption":"Bula Outdoor"},"image":{"@id":"https:\/\/bulaoutdoor.nl\/#\/schema\/logo\/image\/"}}]}},"jetpack_sharing_enabled":true,"_links":{"self":[{"href":"https:\/\/bulaoutdoor.nl\/fr\/wp-json\/wp\/v2\/product\/9677","targetHints":{"allow":["GET"]}}],"collection":[{"href":"https:\/\/bulaoutdoor.nl\/fr\/wp-json\/wp\/v2\/product"}],"about":[{"href":"https:\/\/bulaoutdoor.nl\/fr\/wp-json\/wp\/v2\/types\/product"}],"replies":[{"embeddable":true,"href":"https:\/\/bulaoutdoor.nl\/fr\/wp-json\/wp\/v2\/comments?post=9677"}],"wp:featuredmedia":[{"embeddable":true,"href":"https:\/\/bulaoutdoor.nl\/fr\/wp-json\/wp\/v2\/media\/10891"}],"wp:attachment":[{"href":"https:\/\/bulaoutdoor.nl\/fr\/wp-json\/wp\/v2\/media?parent=9677"}],"wp:term":[{"taxonomy":"product_brand","embeddable":true,"href":"https:\/\/bulaoutdoor.nl\/fr\/wp-json\/wp\/v2\/product_brand?post=9677"},{"taxonomy":"product_cat","embeddable":true,"href":"https:\/\/bulaoutdoor.nl\/fr\/wp-json\/wp\/v2\/product_cat?post=9677"},{"taxonomy":"product_tag","embeddable":true,"href":"https:\/\/bulaoutdoor.nl\/fr\/wp-json\/wp\/v2\/product_tag?post=9677"}],"curies":[{"name":"wp","href":"https:\/\/api.w.org\/{rel}","templated":true}]}}