{"id":97187,"date":"2026-04-01T12:14:04","date_gmt":"2026-04-01T12:14:04","guid":{"rendered":"https:\/\/bulaoutdoor.nl\/product\/wanders-elm\/"},"modified":"2026-04-22T04:59:50","modified_gmt":"2026-04-22T04:59:50","slug":"orme-de-wallers","status":"publish","type":"product","link":"https:\/\/bulaoutdoor.nl\/fr\/product\/wanders-elm\/","title":{"rendered":"Wanders Elm (y compris compartiment de rangement L)"},"content":{"rendered":"<p>L'Elm est un po\u00eale \u00e0 bois de <a href=\"https:\/\/haveverwarming.nl\/wanders\">Wanders<\/a>L'orme est un b\u00e2timent moderne&nbsp;<a href=\"https:\/\/haveverwarming.nl\/kachels\/hout\">po\u00eale \u00e0 bois<\/a> Le po\u00eale est assez \u00e9troit et peut donc \u00eatre plac\u00e9 dans des maisons plus petites. Il est tr\u00e8s difficile de trouver un po\u00eale \u00e0 bois qui br\u00fble bien \u00e0 faible puissance, mais Wanders a trouv\u00e9 une solution \u00e0 ce probl\u00e8me avec l'Elm.<\/p>\n<h2>Dans notre centre d'exp\u00e9rience<\/h2>\n<p>Vous n'\u00eates pas encore s\u00fbr de votre choix ou vous aimeriez voir br\u00fbler des po\u00eales similaires ? Dans ce cas, nous vous invitons \u00e0 visiter notre&nbsp;<a href=\"https:\/\/haveverwarming.nl\/experiencecenter\">Centre d'exp\u00e9rience<\/a> Jetez un coup d'\u0153il !<\/p>\n<p>T\u00e9l\u00e9chargements de produits<\/p>\n<ul>\n<li><a class=\"download file\" href=\"https:\/\/www.haveverwarming.nl\/amfile\/file\/download\/file\/9301\/product\/2466\/\" target=\"_blank\"><span>Instructions Wanders Elm<\/span><\/a><\/li>\n<li><a class=\"download file\" href=\"https:\/\/www.haveverwarming.nl\/amfile\/file\/download\/file\/9300\/product\/2466\/\" target=\"_blank\"><span>Label \u00e9nerg\u00e9tique Wanders Elm<\/span><\/a><\/li>\n<li><a class=\"download file\" href=\"https:\/\/www.haveverwarming.nl\/productpdf\/download\/file\/id\/2466\/name\/Wanders_Elm_%2528incl._opslagvak_L%2529.pdf\/\" target=\"_blank\"><span>T\u00e9l\u00e9charger la fiche technique<\/span><\/a><\/li>\n<\/ul>","protected":false},"excerpt":{"rendered":"<p>De Elm is een houtkachel van Wanders, De Elm is een moderne&nbsp;houtkachel die vrij smal is dus ook in kleinere woningen prima te plaatsen is. Ook qua vermogen (5kW tot 8 kW) is de kachel perfect voor kleinere ruimtes, het is heel lastig om een houtkachel te vinden die goed brand bij een laag vermogen, [&hellip;]<\/p>\n","protected":false},"featured_media":97188,"comment_status":"open","ping_status":"closed","template":"","meta":{"_acf_changed":false},"product_brand":[],"product_cat":[],"product_tag":[],"class_list":{"0":"post-97187","1":"product","2":"type-product","3":"status-publish","4":"has-post-thumbnail","7":"first","8":"instock","9":"taxable","10":"shipping-taxable","11":"purchasable","12":"product-type-simple"},"acf":[],"yoast_head":"<!-- This site is optimized with the Yoast SEO plugin v27.4 - https:\/\/yoast.com\/product\/yoast-seo-wordpress\/ -->\n<title>Wanders Elm (incl. opslagvak L) &#8211; Bula Outdoor<\/title>\n<meta name=\"robots\" content=\"index, follow, max-snippet:-1, max-image-preview:large, max-video-preview:-1\" \/>\n<link rel=\"canonical\" href=\"https:\/\/bulaoutdoor.nl\/fr\/produit\/orme-de-wallers\/\" \/>\n<meta property=\"og:locale\" content=\"fr_FR\" \/>\n<meta property=\"og:type\" content=\"article\" \/>\n<meta property=\"og:title\" content=\"Wanders Elm (incl. opslagvak L) &#8211; Bula Outdoor\" \/>\n<meta property=\"og:description\" content=\"De Elm is een houtkachel van Wanders, De Elm is een moderne&nbsp;houtkachel die vrij smal is dus ook in kleinere woningen prima te plaatsen is. Ook qua vermogen (5kW tot 8 kW) is de kachel perfect voor kleinere ruimtes, het is heel lastig om een houtkachel te vinden die goed brand bij een laag vermogen, [&hellip;]\" \/>\n<meta property=\"og:url\" content=\"https:\/\/bulaoutdoor.nl\/fr\/produit\/orme-de-wallers\/\" \/>\n<meta property=\"og:site_name\" content=\"Bula Outdoor\" \/>\n<meta property=\"article:modified_time\" content=\"2026-04-22T04:59:50+00:00\" \/>\n<meta property=\"og:image\" content=\"https:\/\/bulaoutdoor.nl\/wp-content\/uploads\/2026\/04\/elm.jpg\" \/>\n\t<meta property=\"og:image:width\" content=\"1400\" \/>\n\t<meta property=\"og:image:height\" content=\"1400\" \/>\n\t<meta property=\"og:image:type\" content=\"image\/jpeg\" \/>\n<meta name=\"twitter:card\" content=\"summary_large_image\" \/>\n<meta name=\"twitter:label1\" content=\"Dur\u00e9e de lecture estim\u00e9e\" \/>\n\t<meta name=\"twitter:data1\" content=\"1 minute\" \/>\n<script type=\"application\/ld+json\" class=\"yoast-schema-graph\">{\"@context\":\"https:\\\/\\\/schema.org\",\"@graph\":[{\"@type\":\"WebPage\",\"@id\":\"https:\\\/\\\/bulaoutdoor.nl\\\/product\\\/wanders-elm\\\/\",\"url\":\"https:\\\/\\\/bulaoutdoor.nl\\\/product\\\/wanders-elm\\\/\",\"name\":\"Wanders Elm (incl. opslagvak L) &#8211; Bula Outdoor\",\"isPartOf\":{\"@id\":\"https:\\\/\\\/bulaoutdoor.nl\\\/#website\"},\"primaryImageOfPage\":{\"@id\":\"https:\\\/\\\/bulaoutdoor.nl\\\/product\\\/wanders-elm\\\/#primaryimage\"},\"image\":{\"@id\":\"https:\\\/\\\/bulaoutdoor.nl\\\/product\\\/wanders-elm\\\/#primaryimage\"},\"thumbnailUrl\":\"https:\\\/\\\/bulaoutdoor.nl\\\/wp-content\\\/uploads\\\/2026\\\/04\\\/elm.jpg\",\"datePublished\":\"2026-04-01T12:14:04+00:00\",\"dateModified\":\"2026-04-22T04:59:50+00:00\",\"breadcrumb\":{\"@id\":\"https:\\\/\\\/bulaoutdoor.nl\\\/product\\\/wanders-elm\\\/#breadcrumb\"},\"inLanguage\":\"fr-FR\",\"potentialAction\":[{\"@type\":\"ReadAction\",\"target\":[\"https:\\\/\\\/bulaoutdoor.nl\\\/product\\\/wanders-elm\\\/\"]}]},{\"@type\":\"ImageObject\",\"inLanguage\":\"fr-FR\",\"@id\":\"https:\\\/\\\/bulaoutdoor.nl\\\/product\\\/wanders-elm\\\/#primaryimage\",\"url\":\"https:\\\/\\\/bulaoutdoor.nl\\\/wp-content\\\/uploads\\\/2026\\\/04\\\/elm.jpg\",\"contentUrl\":\"https:\\\/\\\/bulaoutdoor.nl\\\/wp-content\\\/uploads\\\/2026\\\/04\\\/elm.jpg\",\"width\":1400,\"height\":1400,\"caption\":\"wanders-elm-incl-opslagvak-l-thumbnail\"},{\"@type\":\"BreadcrumbList\",\"@id\":\"https:\\\/\\\/bulaoutdoor.nl\\\/product\\\/wanders-elm\\\/#breadcrumb\",\"itemListElement\":[{\"@type\":\"ListItem\",\"position\":1,\"name\":\"Home\",\"item\":\"https:\\\/\\\/bulaoutdoor.nl\\\/\"},{\"@type\":\"ListItem\",\"position\":2,\"name\":\"Online BBQ kopen\",\"item\":\"https:\\\/\\\/bulaoutdoor.nl\\\/\"},{\"@type\":\"ListItem\",\"position\":3,\"name\":\"Wanders Elm (incl. opslagvak L)\"}]},{\"@type\":\"WebSite\",\"@id\":\"https:\\\/\\\/bulaoutdoor.nl\\\/#website\",\"url\":\"https:\\\/\\\/bulaoutdoor.nl\\\/\",\"name\":\"Bula Outdoor\",\"description\":\"Voor uw buitenhaard, BBQ, tuinfakkel en houtoven\",\"publisher\":{\"@id\":\"https:\\\/\\\/bulaoutdoor.nl\\\/#organization\"},\"potentialAction\":[{\"@type\":\"SearchAction\",\"target\":{\"@type\":\"EntryPoint\",\"urlTemplate\":\"https:\\\/\\\/bulaoutdoor.nl\\\/?s={search_term_string}\"},\"query-input\":{\"@type\":\"PropertyValueSpecification\",\"valueRequired\":true,\"valueName\":\"search_term_string\"}}],\"inLanguage\":\"fr-FR\"},{\"@type\":\"Organization\",\"@id\":\"https:\\\/\\\/bulaoutdoor.nl\\\/#organization\",\"name\":\"Bula Outdoor\",\"url\":\"https:\\\/\\\/bulaoutdoor.nl\\\/\",\"logo\":{\"@type\":\"ImageObject\",\"inLanguage\":\"fr-FR\",\"@id\":\"https:\\\/\\\/bulaoutdoor.nl\\\/#\\\/schema\\\/logo\\\/image\\\/\",\"url\":\"https:\\\/\\\/www.bulaoutdoor.nl\\\/wp-content\\\/uploads\\\/2018\\\/04\\\/bulaoutdoor-logo.png\",\"contentUrl\":\"https:\\\/\\\/www.bulaoutdoor.nl\\\/wp-content\\\/uploads\\\/2018\\\/04\\\/bulaoutdoor-logo.png\",\"width\":324,\"height\":91,\"caption\":\"Bula Outdoor\"},\"image\":{\"@id\":\"https:\\\/\\\/bulaoutdoor.nl\\\/#\\\/schema\\\/logo\\\/image\\\/\"}}]}<\/script>\n<!-- \/ Yoast SEO plugin. -->","yoast_head_json":{"title":"Wanders Elm (avec compartiment de rangement L) - Bula Outdoor","robots":{"index":"index","follow":"follow","max-snippet":"max-snippet:-1","max-image-preview":"max-image-preview:large","max-video-preview":"max-video-preview:-1"},"canonical":"https:\/\/bulaoutdoor.nl\/fr\/produit\/orme-de-wallers\/","og_locale":"fr_FR","og_type":"article","og_title":"Wanders Elm (incl. opslagvak L) &#8211; Bula Outdoor","og_description":"De Elm is een houtkachel van Wanders, De Elm is een moderne&nbsp;houtkachel die vrij smal is dus ook in kleinere woningen prima te plaatsen is. Ook qua vermogen (5kW tot 8 kW) is de kachel perfect voor kleinere ruimtes, het is heel lastig om een houtkachel te vinden die goed brand bij een laag vermogen, [&hellip;]","og_url":"https:\/\/bulaoutdoor.nl\/fr\/produit\/orme-de-wallers\/","og_site_name":"Bula Outdoor","article_modified_time":"2026-04-22T04:59:50+00:00","og_image":[{"width":1400,"height":1400,"url":"https:\/\/bulaoutdoor.nl\/wp-content\/uploads\/2026\/04\/elm.jpg","type":"image\/jpeg"}],"twitter_card":"summary_large_image","twitter_misc":{"Dur\u00e9e de lecture estim\u00e9e":"1 minute"},"schema":{"@context":"https:\/\/schema.org","@graph":[{"@type":"WebPage","@id":"https:\/\/bulaoutdoor.nl\/product\/wanders-elm\/","url":"https:\/\/bulaoutdoor.nl\/product\/wanders-elm\/","name":"Wanders Elm (avec compartiment de rangement L) - Bula Outdoor","isPartOf":{"@id":"https:\/\/bulaoutdoor.nl\/#website"},"primaryImageOfPage":{"@id":"https:\/\/bulaoutdoor.nl\/product\/wanders-elm\/#primaryimage"},"image":{"@id":"https:\/\/bulaoutdoor.nl\/product\/wanders-elm\/#primaryimage"},"thumbnailUrl":"https:\/\/bulaoutdoor.nl\/wp-content\/uploads\/2026\/04\/elm.jpg","datePublished":"2026-04-01T12:14:04+00:00","dateModified":"2026-04-22T04:59:50+00:00","breadcrumb":{"@id":"https:\/\/bulaoutdoor.nl\/product\/wanders-elm\/#breadcrumb"},"inLanguage":"fr-FR","potentialAction":[{"@type":"ReadAction","target":["https:\/\/bulaoutdoor.nl\/product\/wanders-elm\/"]}]},{"@type":"ImageObject","inLanguage":"fr-FR","@id":"https:\/\/bulaoutdoor.nl\/product\/wanders-elm\/#primaryimage","url":"https:\/\/bulaoutdoor.nl\/wp-content\/uploads\/2026\/04\/elm.jpg","contentUrl":"https:\/\/bulaoutdoor.nl\/wp-content\/uploads\/2026\/04\/elm.jpg","width":1400,"height":1400,"caption":"wanders-elm-incl-opslagvak-l-thumbnail"},{"@type":"BreadcrumbList","@id":"https:\/\/bulaoutdoor.nl\/product\/wanders-elm\/#breadcrumb","itemListElement":[{"@type":"ListItem","position":1,"name":"Home","item":"https:\/\/bulaoutdoor.nl\/"},{"@type":"ListItem","position":2,"name":"Online BBQ kopen","item":"https:\/\/bulaoutdoor.nl\/"},{"@type":"ListItem","position":3,"name":"Wanders Elm (incl. opslagvak L)"}]},{"@type":"WebSite","@id":"https:\/\/bulaoutdoor.nl\/#website","url":"https:\/\/bulaoutdoor.nl\/","name":"Bula Outdoor","description":"Pour votre chemin\u00e9e ext\u00e9rieure, votre barbecue, votre torche de jardin et votre four \u00e0 bois","publisher":{"@id":"https:\/\/bulaoutdoor.nl\/#organization"},"potentialAction":[{"@type":"SearchAction","target":{"@type":"EntryPoint","urlTemplate":"https:\/\/bulaoutdoor.nl\/?s={search_term_string}"},"query-input":{"@type":"PropertyValueSpecification","valueRequired":true,"valueName":"search_term_string"}}],"inLanguage":"fr-FR"},{"@type":"Organization","@id":"https:\/\/bulaoutdoor.nl\/#organization","name":"Bula Outdoor","url":"https:\/\/bulaoutdoor.nl\/","logo":{"@type":"ImageObject","inLanguage":"fr-FR","@id":"https:\/\/bulaoutdoor.nl\/#\/schema\/logo\/image\/","url":"https:\/\/www.bulaoutdoor.nl\/wp-content\/uploads\/2018\/04\/bulaoutdoor-logo.png","contentUrl":"https:\/\/www.bulaoutdoor.nl\/wp-content\/uploads\/2018\/04\/bulaoutdoor-logo.png","width":324,"height":91,"caption":"Bula Outdoor"},"image":{"@id":"https:\/\/bulaoutdoor.nl\/#\/schema\/logo\/image\/"}}]}},"jetpack_sharing_enabled":true,"_links":{"self":[{"href":"https:\/\/bulaoutdoor.nl\/fr\/wp-json\/wp\/v2\/product\/97187","targetHints":{"allow":["GET"]}}],"collection":[{"href":"https:\/\/bulaoutdoor.nl\/fr\/wp-json\/wp\/v2\/product"}],"about":[{"href":"https:\/\/bulaoutdoor.nl\/fr\/wp-json\/wp\/v2\/types\/product"}],"replies":[{"embeddable":true,"href":"https:\/\/bulaoutdoor.nl\/fr\/wp-json\/wp\/v2\/comments?post=97187"}],"wp:featuredmedia":[{"embeddable":true,"href":"https:\/\/bulaoutdoor.nl\/fr\/wp-json\/wp\/v2\/media\/97188"}],"wp:attachment":[{"href":"https:\/\/bulaoutdoor.nl\/fr\/wp-json\/wp\/v2\/media?parent=97187"}],"wp:term":[{"taxonomy":"product_brand","embeddable":true,"href":"https:\/\/bulaoutdoor.nl\/fr\/wp-json\/wp\/v2\/product_brand?post=97187"},{"taxonomy":"product_cat","embeddable":true,"href":"https:\/\/bulaoutdoor.nl\/fr\/wp-json\/wp\/v2\/product_cat?post=97187"},{"taxonomy":"product_tag","embeddable":true,"href":"https:\/\/bulaoutdoor.nl\/fr\/wp-json\/wp\/v2\/product_tag?post=97187"}],"curies":[{"name":"wp","href":"https:\/\/api.w.org\/{rel}","templated":true}]}}